{"id":884,"date":"2016-05-29T14:34:51","date_gmt":"2016-05-29T18:34:51","guid":{"rendered":"http:\/\/dusenza.com\/fr\/?post_type=product&#038;p=884"},"modified":"2024-05-28T14:00:37","modified_gmt":"2024-05-28T18:00:37","slug":"protection-patte-naturel-animal","status":"publish","type":"product","link":"https:\/\/www.dusenza.com\/fr\/produit\/protection-patte-naturel-animal\/","title":{"rendered":"Protek-Magik &#8211; Baume protecteur pour les pattes"},"content":{"rendered":"<p>Protection des Pattes<\/p>\n<p>Instructions: Juste avant de sortir votre chien, frotter la Protection Pattes \u00e0 l\u2019int\u00e9rieur des pattes et sur les plaquettes. Le baume durcira une fois \u00e0 l\u2019ext\u00e9rieur et prot\u00e8gera les pattes du chien contre le sel, le calcium, le froid, la neige et la glace. Pouvez \u00e9galement l\u2019appliqu\u00e9e sur la peau s\u00e8che ou les coudes calleux. <\/p>\n<p>Pour usage externe seulement<\/p>\n<p>Ingr\u00e9dients: L\u2019huile de canola, l\u2019huile de p\u00e9pins de raisin, l\u2019huile de noix de coco, l\u2019huile de soja, cire d\u2019abeille, huile de ricin, beurre de karit\u00e9, Eucalyptus Globulus, tocoph\u00e9rol (vitamine E).<\/p>\n","protected":false},"excerpt":{"rendered":"<p>Prot\u00e9gez les pattes de votre chien contre le sel, le froid et l\u2019humidit\u00e9 avec Protek-Magik. Ce baume protecteur forme une barri\u00e8re qui garde les coussinets souples et en bonne sant\u00e9, m\u00eame dans les conditions les plus rudes.<\/p>\n","protected":false},"featured_media":5630,"comment_status":"closed","ping_status":"closed","template":"","meta":{"_acf_changed":false,"_seopress_robots_primary_cat":"","_seopress_titles_title":"","_seopress_titles_desc":"","_seopress_robots_index":""},"product_brand":[],"product_cat":[192],"product_tag":[],"class_list":{"0":"post-884","1":"product","2":"type-product","3":"status-publish","4":"has-post-thumbnail","6":"product_cat-animaux","8":"first","9":"instock","10":"taxable","11":"shipping-taxable","12":"purchasable","13":"product-type-variable","14":"has-default-attributes"},"acf":[],"_links":{"self":[{"href":"https:\/\/www.dusenza.com\/fr\/wp-json\/wp\/v2\/product\/884","targetHints":{"allow":["GET"]}}],"collection":[{"href":"https:\/\/www.dusenza.com\/fr\/wp-json\/wp\/v2\/product"}],"about":[{"href":"https:\/\/www.dusenza.com\/fr\/wp-json\/wp\/v2\/types\/product"}],"replies":[{"embeddable":true,"href":"https:\/\/www.dusenza.com\/fr\/wp-json\/wp\/v2\/comments?post=884"}],"wp:featuredmedia":[{"embeddable":true,"href":"https:\/\/www.dusenza.com\/fr\/wp-json\/wp\/v2\/media\/5630"}],"wp:attachment":[{"href":"https:\/\/www.dusenza.com\/fr\/wp-json\/wp\/v2\/media?parent=884"}],"wp:term":[{"taxonomy":"product_brand","embeddable":true,"href":"https:\/\/www.dusenza.com\/fr\/wp-json\/wp\/v2\/product_brand?post=884"},{"taxonomy":"product_cat","embeddable":true,"href":"https:\/\/www.dusenza.com\/fr\/wp-json\/wp\/v2\/product_cat?post=884"},{"taxonomy":"product_tag","embeddable":true,"href":"https:\/\/www.dusenza.com\/fr\/wp-json\/wp\/v2\/product_tag?post=884"}],"curies":[{"name":"wp","href":"https:\/\/api.w.org\/{rel}","templated":true}]}}