{"id":85213,"date":"2026-01-20T09:59:45","date_gmt":"2026-01-20T14:59:45","guid":{"rendered":"https:\/\/www.dusenza.com\/product\/chandelle-cire-de-soya-canneberge-spa\/"},"modified":"2026-01-20T10:04:08","modified_gmt":"2026-01-20T15:04:08","slug":"chandelle-cire-de-soya-canneberge-spa","status":"publish","type":"product","link":"https:\/\/www.dusenza.com\/fr\/produit\/chandelle-soya-canneberge-spa\/","title":{"rendered":"Chandelle cire de soya \u2013 Canneberge SPA"},"content":{"rendered":"<div class=\"ewa-rteLine\">Un m\u00e9lange fruit\u00e9 et vivifiant qui \u00e9voque la chaleur des canneberges du Qu\u00e9bec. Son ar\u00f4me acidul\u00e9 et juteux insuffle une \u00e9nergie douce et r\u00e9confortante \u00e0 votre espace.<\/div>\n<div class=\"ewa-rteLine\"><\/div>\n<div class=\"ewa-rteLine\">Fait au Qu\u00e9bec \u00e0 partir de cire de soya naturelle, sans paraffine. Format : 16 oz \/ 454 g.<\/div>\n<div class=\"ewa-rteLine\"><\/div>\n<div class=\"ewa-rteLine\"><strong>AVERTISSEMENT : <\/strong>Ne jamais laisser sans surveillance. Garder loin des enfants, des animaux et des objets inflammables. Couper la m\u00e8che avant chaque utilisation et br\u00fbler 3 \u00e0 4 heures \u00e0 la fois.<\/div>\n","protected":false},"excerpt":{"rendered":"<p>Une chandelle fruit\u00e9e et joyeuse au parfum de canneberge, parfaite pour cr\u00e9er une ambiance chaleureuse et festive.<\/p>\n","protected":false},"featured_media":85209,"comment_status":"closed","ping_status":"closed","template":"","meta":{"_acf_changed":false,"_seopress_robots_primary_cat":"none","_seopress_titles_title":"","_seopress_titles_desc":"","_seopress_robots_index":""},"product_brand":[],"product_cat":[306],"product_tag":[],"class_list":{"0":"post-85213","1":"product","2":"type-product","3":"status-publish","4":"has-post-thumbnail","6":"product_cat-chandelles","8":"first","9":"instock","10":"taxable","11":"shipping-taxable","12":"purchasable","13":"product-type-simple"},"acf":[],"_links":{"self":[{"href":"https:\/\/www.dusenza.com\/fr\/wp-json\/wp\/v2\/product\/85213","targetHints":{"allow":["GET"]}}],"collection":[{"href":"https:\/\/www.dusenza.com\/fr\/wp-json\/wp\/v2\/product"}],"about":[{"href":"https:\/\/www.dusenza.com\/fr\/wp-json\/wp\/v2\/types\/product"}],"replies":[{"embeddable":true,"href":"https:\/\/www.dusenza.com\/fr\/wp-json\/wp\/v2\/comments?post=85213"}],"wp:featuredmedia":[{"embeddable":true,"href":"https:\/\/www.dusenza.com\/fr\/wp-json\/wp\/v2\/media\/85209"}],"wp:attachment":[{"href":"https:\/\/www.dusenza.com\/fr\/wp-json\/wp\/v2\/media?parent=85213"}],"wp:term":[{"taxonomy":"product_brand","embeddable":true,"href":"https:\/\/www.dusenza.com\/fr\/wp-json\/wp\/v2\/product_brand?post=85213"},{"taxonomy":"product_cat","embeddable":true,"href":"https:\/\/www.dusenza.com\/fr\/wp-json\/wp\/v2\/product_cat?post=85213"},{"taxonomy":"product_tag","embeddable":true,"href":"https:\/\/www.dusenza.com\/fr\/wp-json\/wp\/v2\/product_tag?post=85213"}],"curies":[{"name":"wp","href":"https:\/\/api.w.org\/{rel}","templated":true}]}}