{"id":76495,"date":"2025-12-03T13:26:17","date_gmt":"2025-12-03T18:26:17","guid":{"rendered":"https:\/\/www.dusenza.com\/?post_type=product&#038;p=76495"},"modified":"2025-12-03T13:34:40","modified_gmt":"2025-12-03T18:34:40","slug":"diffuseur-roseaux-noir-diffuseur-avec-fragrance-parfumee","status":"publish","type":"product","link":"https:\/\/www.dusenza.com\/fr\/produit\/diffuseur-roseaux-noir-diffuseur-avec-fragrance-parfumee\/","title":{"rendered":"Diffuseur Roseaux Noir \u2013 Diffuseur avec fragrance parfum\u00e9e"},"content":{"rendered":"<p>Les diffuseurs \u00e0 roseaux sont parfaits pour profiter d\u2019un parfum ambiant durable, sans flamme, sans vaporisation ni \u00e9lectricit\u00e9. Une fois les tiges plac\u00e9es dans la bouteille, l\u2019huile parfum\u00e9e remonte par capillarit\u00e9 et se diffuse lentement dans l\u2019air. Plus vous utilisez de tiges, plus l\u2019intensit\u00e9 du parfum sera marqu\u00e9e. Retournez-les une fois par semaine pour raviver la diffusion et profiter d\u2019un parfum continu pendant plusieurs semaines.<\/p>\n","protected":false},"excerpt":{"rendered":"<p>Les diffuseurs \u00e0 roseaux sont parfaits pour profiter d\u2019un parfum ambiant durable, sans flamme, sans vaporisation ni \u00e9lectricit\u00e9.<\/p>\n","protected":false},"featured_media":76505,"comment_status":"closed","ping_status":"closed","template":"","meta":{"_acf_changed":false,"_seopress_robots_primary_cat":"none","_seopress_titles_title":"","_seopress_titles_desc":"","_seopress_robots_index":""},"product_brand":[],"product_cat":[195],"product_tag":[],"class_list":{"0":"post-76495","1":"product","2":"type-product","3":"status-publish","4":"has-post-thumbnail","6":"product_cat-diffuseurs","8":"first","9":"instock","10":"taxable","11":"shipping-taxable","12":"purchasable","13":"product-type-variable"},"acf":[],"_links":{"self":[{"href":"https:\/\/www.dusenza.com\/fr\/wp-json\/wp\/v2\/product\/76495","targetHints":{"allow":["GET"]}}],"collection":[{"href":"https:\/\/www.dusenza.com\/fr\/wp-json\/wp\/v2\/product"}],"about":[{"href":"https:\/\/www.dusenza.com\/fr\/wp-json\/wp\/v2\/types\/product"}],"replies":[{"embeddable":true,"href":"https:\/\/www.dusenza.com\/fr\/wp-json\/wp\/v2\/comments?post=76495"}],"wp:featuredmedia":[{"embeddable":true,"href":"https:\/\/www.dusenza.com\/fr\/wp-json\/wp\/v2\/media\/76505"}],"wp:attachment":[{"href":"https:\/\/www.dusenza.com\/fr\/wp-json\/wp\/v2\/media?parent=76495"}],"wp:term":[{"taxonomy":"product_brand","embeddable":true,"href":"https:\/\/www.dusenza.com\/fr\/wp-json\/wp\/v2\/product_brand?post=76495"},{"taxonomy":"product_cat","embeddable":true,"href":"https:\/\/www.dusenza.com\/fr\/wp-json\/wp\/v2\/product_cat?post=76495"},{"taxonomy":"product_tag","embeddable":true,"href":"https:\/\/www.dusenza.com\/fr\/wp-json\/wp\/v2\/product_tag?post=76495"}],"curies":[{"name":"wp","href":"https:\/\/api.w.org\/{rel}","templated":true}]}}