{"id":72616,"date":"2025-10-29T16:05:44","date_gmt":"2025-10-29T20:05:44","guid":{"rendered":"https:\/\/www.dusenza.com\/?post_type=product&#038;p=72616"},"modified":"2025-11-10T17:18:39","modified_gmt":"2025-11-10T22:18:39","slug":"humidificateur-large-blanc","status":"publish","type":"product","link":"https:\/\/www.dusenza.com\/fr\/produit\/humidificateur-large-blanc\/","title":{"rendered":"Humidificateur \u2013 Large Blanc"},"content":{"rendered":"<p>Gr\u00e2ce \u00e0 sa grande capacit\u00e9 de 1,8 L, il diffuse une brume fine pendant jusqu\u2019\u00e0 9 heures, id\u00e9ale pour les chambres, bureaux ou salons.<\/p>\n<p>\u00c9quip\u00e9 de lumi\u00e8res RGB et d\u2019une minuterie programmable, il permet de personnaliser l\u2019ambiance selon vos envies.<\/p>\n<p>Compatible avec les huiles essentielles et fragrances hydrosolubles, il allie design moderne et bien-\u00eatre.<\/p>\n","protected":false},"excerpt":{"rendered":"<p>Humidificateur \u00e0 ultrasons 1,8 L avec \u00e9clairage RGB et minuterie pour une d\u00e9tente personnalis\u00e9e.<\/p>\n","protected":false},"featured_media":86166,"comment_status":"closed","ping_status":"closed","template":"","meta":{"_acf_changed":false,"_seopress_robots_primary_cat":"none","_seopress_titles_title":"","_seopress_titles_desc":"","_seopress_robots_index":"","_seopress_analysis_target_kw":""},"product_brand":[],"product_cat":[209],"product_tag":[355],"class_list":{"0":"post-72616","1":"product","2":"type-product","3":"status-publish","4":"has-post-thumbnail","6":"product_cat-humidificateurs","7":"product_tag-humidificateurs","9":"first","10":"instock","11":"taxable","12":"shipping-taxable","13":"purchasable","14":"product-type-simple"},"acf":[],"_links":{"self":[{"href":"https:\/\/www.dusenza.com\/fr\/wp-json\/wp\/v2\/product\/72616","targetHints":{"allow":["GET"]}}],"collection":[{"href":"https:\/\/www.dusenza.com\/fr\/wp-json\/wp\/v2\/product"}],"about":[{"href":"https:\/\/www.dusenza.com\/fr\/wp-json\/wp\/v2\/types\/product"}],"replies":[{"embeddable":true,"href":"https:\/\/www.dusenza.com\/fr\/wp-json\/wp\/v2\/comments?post=72616"}],"wp:featuredmedia":[{"embeddable":true,"href":"https:\/\/www.dusenza.com\/fr\/wp-json\/wp\/v2\/media\/86166"}],"wp:attachment":[{"href":"https:\/\/www.dusenza.com\/fr\/wp-json\/wp\/v2\/media?parent=72616"}],"wp:term":[{"taxonomy":"product_brand","embeddable":true,"href":"https:\/\/www.dusenza.com\/fr\/wp-json\/wp\/v2\/product_brand?post=72616"},{"taxonomy":"product_cat","embeddable":true,"href":"https:\/\/www.dusenza.com\/fr\/wp-json\/wp\/v2\/product_cat?post=72616"},{"taxonomy":"product_tag","embeddable":true,"href":"https:\/\/www.dusenza.com\/fr\/wp-json\/wp\/v2\/product_tag?post=72616"}],"curies":[{"name":"wp","href":"https:\/\/api.w.org\/{rel}","templated":true}]}}