{"id":72610,"date":"2025-10-29T16:07:13","date_gmt":"2025-10-29T20:07:13","guid":{"rendered":"https:\/\/www.dusenza.com\/?post_type=product&#038;p=72610"},"modified":"2025-10-29T16:07:13","modified_gmt":"2025-10-29T20:07:13","slug":"ensemble-cadeau-dhote-huile-essentielle-deucalyptus-5-fragrances","status":"publish","type":"product","link":"https:\/\/www.dusenza.com\/fr\/produit\/ensemble-cadeau-dhote-huile-essentielle-deucalyptus-5-fragrances\/","title":{"rendered":"Ensemble Cadeau d\u2019H\u00f4te \u2013 Huile Essentielle d&#8217;Eucalyptus &#038; 5 Fragrances"},"content":{"rendered":"<p>Un ensemble d\u2019huiles essentielles et de fragrances haut de gamme, combinant vari\u00e9t\u00e9 et d\u00e9tente dans un coffret.<\/p>\n<p>L\u2019ensemble inclut : 1 \u00d7 50 ml huile essentielle d\u2019Eucalyptus, ainsi que 5 \u00d7 10 ml huiles parfum\u00e9es (Camerise, Hibiscus, Kumquat, Melon d\u2019eau et Th\u00e9 Vert Concombre).<\/p>\n<p>Id\u00e9al pour les diffuseurs, chandelles ou m\u00e9langes aromatiques maison.<\/p>\n","protected":false},"excerpt":{"rendered":"<p>Coffret cadeau \u00e9l\u00e9gant avec huile essentielle d\u2019eucalyptus et 5 fragrances pour l\u2019aromath\u00e9rapie et les cr\u00e9ations parfum\u00e9es.<\/p>\n","protected":false},"featured_media":72611,"comment_status":"closed","ping_status":"closed","template":"","meta":{"_acf_changed":false,"_seopress_robots_primary_cat":"","_seopress_titles_title":"","_seopress_titles_desc":"","_seopress_robots_index":""},"product_brand":[],"product_cat":[307],"product_tag":[],"class_list":{"0":"post-72610","1":"product","2":"type-product","3":"status-publish","4":"has-post-thumbnail","6":"product_cat-coffrets","8":"first","9":"instock","10":"taxable","11":"shipping-taxable","12":"purchasable","13":"product-type-simple"},"acf":[],"_links":{"self":[{"href":"https:\/\/www.dusenza.com\/fr\/wp-json\/wp\/v2\/product\/72610","targetHints":{"allow":["GET"]}}],"collection":[{"href":"https:\/\/www.dusenza.com\/fr\/wp-json\/wp\/v2\/product"}],"about":[{"href":"https:\/\/www.dusenza.com\/fr\/wp-json\/wp\/v2\/types\/product"}],"replies":[{"embeddable":true,"href":"https:\/\/www.dusenza.com\/fr\/wp-json\/wp\/v2\/comments?post=72610"}],"wp:featuredmedia":[{"embeddable":true,"href":"https:\/\/www.dusenza.com\/fr\/wp-json\/wp\/v2\/media\/72611"}],"wp:attachment":[{"href":"https:\/\/www.dusenza.com\/fr\/wp-json\/wp\/v2\/media?parent=72610"}],"wp:term":[{"taxonomy":"product_brand","embeddable":true,"href":"https:\/\/www.dusenza.com\/fr\/wp-json\/wp\/v2\/product_brand?post=72610"},{"taxonomy":"product_cat","embeddable":true,"href":"https:\/\/www.dusenza.com\/fr\/wp-json\/wp\/v2\/product_cat?post=72610"},{"taxonomy":"product_tag","embeddable":true,"href":"https:\/\/www.dusenza.com\/fr\/wp-json\/wp\/v2\/product_tag?post=72610"}],"curies":[{"name":"wp","href":"https:\/\/api.w.org\/{rel}","templated":true}]}}