{"id":72605,"date":"2025-10-29T16:05:44","date_gmt":"2025-10-29T20:05:44","guid":{"rendered":"https:\/\/www.dusenza.com\/?post_type=product&#038;p=72605"},"modified":"2025-10-29T16:07:13","modified_gmt":"2025-10-29T20:07:13","slug":"mini-masseur-robot","status":"publish","type":"product","link":"https:\/\/www.dusenza.com\/fr\/produit\/mini-masseur-robot\/","title":{"rendered":"Mini Masseur \u2013 Robot"},"content":{"rendered":"<p>Ludique et efficace, ce mini masseur de style robot allie design et d\u00e9tente. Sa technologie vibrante aide \u00e0 d\u00e9tendre les muscles et am\u00e9liorer la circulation apr\u00e8s une longue journ\u00e9e de travail ou de d\u00e9placement.<\/p>\n<p>Compact et maniable, il est id\u00e9al pour la nuque, les \u00e9paules, les bras ou les jambes, offrant un moment de relaxation instantan\u00e9e o\u00f9 que vous soyez.<\/p>\n","protected":false},"excerpt":{"rendered":"<p>Mini masseur vibrant en forme de robot pour une d\u00e9tente instantan\u00e9e.<\/p>\n","protected":false},"featured_media":86150,"comment_status":"closed","ping_status":"closed","template":"","meta":{"_acf_changed":false,"_seopress_robots_primary_cat":"","_seopress_titles_title":"","_seopress_titles_desc":"","_seopress_robots_index":""},"product_brand":[],"product_cat":[308],"product_tag":[356],"class_list":{"0":"post-72605","1":"product","2":"type-product","3":"status-publish","4":"has-post-thumbnail","6":"product_cat-accessoires-bien-etre","7":"product_tag-accessoires-bien-etre","9":"first","10":"instock","11":"taxable","12":"shipping-taxable","13":"purchasable","14":"product-type-simple"},"acf":[],"_links":{"self":[{"href":"https:\/\/www.dusenza.com\/fr\/wp-json\/wp\/v2\/product\/72605","targetHints":{"allow":["GET"]}}],"collection":[{"href":"https:\/\/www.dusenza.com\/fr\/wp-json\/wp\/v2\/product"}],"about":[{"href":"https:\/\/www.dusenza.com\/fr\/wp-json\/wp\/v2\/types\/product"}],"replies":[{"embeddable":true,"href":"https:\/\/www.dusenza.com\/fr\/wp-json\/wp\/v2\/comments?post=72605"}],"wp:featuredmedia":[{"embeddable":true,"href":"https:\/\/www.dusenza.com\/fr\/wp-json\/wp\/v2\/media\/86150"}],"wp:attachment":[{"href":"https:\/\/www.dusenza.com\/fr\/wp-json\/wp\/v2\/media?parent=72605"}],"wp:term":[{"taxonomy":"product_brand","embeddable":true,"href":"https:\/\/www.dusenza.com\/fr\/wp-json\/wp\/v2\/product_brand?post=72605"},{"taxonomy":"product_cat","embeddable":true,"href":"https:\/\/www.dusenza.com\/fr\/wp-json\/wp\/v2\/product_cat?post=72605"},{"taxonomy":"product_tag","embeddable":true,"href":"https:\/\/www.dusenza.com\/fr\/wp-json\/wp\/v2\/product_tag?post=72605"}],"curies":[{"name":"wp","href":"https:\/\/api.w.org\/{rel}","templated":true}]}}