{"id":72603,"date":"2025-10-29T16:05:43","date_gmt":"2025-10-29T20:05:43","guid":{"rendered":"https:\/\/www.dusenza.com\/?post_type=product&#038;p=72603"},"modified":"2025-10-29T16:07:13","modified_gmt":"2025-10-29T20:07:13","slug":"mini-masseur-soucoupe","status":"publish","type":"product","link":"https:\/\/www.dusenza.com\/fr\/produit\/mini-masseur-soucoupe\/","title":{"rendered":"Mini Masseur \u2013 Soucoupe"},"content":{"rendered":"<p>Ce mini masseur ergonomique au design moderne diffuse des vibrations apaisantes pour r\u00e9duire la fatigue musculaire et favoriser la d\u00e9tente.<\/p>\n<p>L\u00e9ger et portatif, il est id\u00e9al pour le bureau, la maison ou les d\u00e9placements.<\/p>\n<p>Aide \u00e0 stimuler la circulation et soulager les zones endolories comme les \u00e9paules, les bras ou les jambes.<\/p>\n<p>Offert en 3 couleurs : Vert, Bleu et Noir.<\/p>\n","protected":false},"excerpt":{"rendered":"<p>Masseur compact et vibrant pour apaiser les muscles fatigu\u00e9s. 3 couleurs offertes.<\/p>\n","protected":false},"featured_media":86156,"comment_status":"closed","ping_status":"closed","template":"","meta":{"_acf_changed":false,"_seopress_robots_primary_cat":"","_seopress_titles_title":"","_seopress_titles_desc":"","_seopress_robots_index":""},"product_brand":[],"product_cat":[308],"product_tag":[356],"class_list":{"0":"post-72603","1":"product","2":"type-product","3":"status-publish","4":"has-post-thumbnail","6":"product_cat-accessoires-bien-etre","7":"product_tag-accessoires-bien-etre","9":"first","10":"instock","11":"taxable","12":"shipping-taxable","13":"purchasable","14":"product-type-variable"},"acf":[],"_links":{"self":[{"href":"https:\/\/www.dusenza.com\/fr\/wp-json\/wp\/v2\/product\/72603","targetHints":{"allow":["GET"]}}],"collection":[{"href":"https:\/\/www.dusenza.com\/fr\/wp-json\/wp\/v2\/product"}],"about":[{"href":"https:\/\/www.dusenza.com\/fr\/wp-json\/wp\/v2\/types\/product"}],"replies":[{"embeddable":true,"href":"https:\/\/www.dusenza.com\/fr\/wp-json\/wp\/v2\/comments?post=72603"}],"wp:featuredmedia":[{"embeddable":true,"href":"https:\/\/www.dusenza.com\/fr\/wp-json\/wp\/v2\/media\/86156"}],"wp:attachment":[{"href":"https:\/\/www.dusenza.com\/fr\/wp-json\/wp\/v2\/media?parent=72603"}],"wp:term":[{"taxonomy":"product_brand","embeddable":true,"href":"https:\/\/www.dusenza.com\/fr\/wp-json\/wp\/v2\/product_brand?post=72603"},{"taxonomy":"product_cat","embeddable":true,"href":"https:\/\/www.dusenza.com\/fr\/wp-json\/wp\/v2\/product_cat?post=72603"},{"taxonomy":"product_tag","embeddable":true,"href":"https:\/\/www.dusenza.com\/fr\/wp-json\/wp\/v2\/product_tag?post=72603"}],"curies":[{"name":"wp","href":"https:\/\/api.w.org\/{rel}","templated":true}]}}