{"id":72601,"date":"2025-10-29T15:25:45","date_gmt":"2025-10-29T19:25:45","guid":{"rendered":"https:\/\/www.dusenza.com\/?post_type=product&#038;p=72601"},"modified":"2025-10-29T16:07:15","modified_gmt":"2025-10-29T20:07:15","slug":"mini-masseur-champignon","status":"publish","type":"product","link":"https:\/\/www.dusenza.com\/fr\/produit\/mini-masseur-champignon\/","title":{"rendered":"Mini Masseur \u2013 Champignon"},"content":{"rendered":"<p>Compact et facile \u00e0 utiliser, ce mini masseur en forme de champignon diffuse une douce vibration qui aide \u00e0 soulager les tensions et stimuler la circulation.<\/p>\n<p>Sa forme ergonomique s\u2019adapte parfaitement \u00e0 la main pour une prise en main confortable.<\/p>\n<p>Id\u00e9al pour relaxer la nuque, les \u00e9paules, les jambes ou le dos, \u00e0 la maison, au bureau ou en d\u00e9placement.<\/p>\n<p>Offert en 3 couleurs : Mauve, Bleu et Noir.<\/p>\n","protected":false},"excerpt":{"rendered":"<p>Mini masseur vibrant en forme de champignon pour d\u00e9tendre les muscles et apaiser le stress. 3 couleurs offertes.<\/p>\n","protected":false},"featured_media":86165,"comment_status":"closed","ping_status":"closed","template":"","meta":{"_acf_changed":false,"_seopress_robots_primary_cat":"","_seopress_titles_title":"","_seopress_titles_desc":"","_seopress_robots_index":""},"product_brand":[],"product_cat":[308],"product_tag":[356],"class_list":{"0":"post-72601","1":"product","2":"type-product","3":"status-publish","4":"has-post-thumbnail","6":"product_cat-accessoires-bien-etre","7":"product_tag-accessoires-bien-etre","9":"first","10":"instock","11":"taxable","12":"shipping-taxable","13":"purchasable","14":"product-type-variable"},"acf":[],"_links":{"self":[{"href":"https:\/\/www.dusenza.com\/fr\/wp-json\/wp\/v2\/product\/72601","targetHints":{"allow":["GET"]}}],"collection":[{"href":"https:\/\/www.dusenza.com\/fr\/wp-json\/wp\/v2\/product"}],"about":[{"href":"https:\/\/www.dusenza.com\/fr\/wp-json\/wp\/v2\/types\/product"}],"replies":[{"embeddable":true,"href":"https:\/\/www.dusenza.com\/fr\/wp-json\/wp\/v2\/comments?post=72601"}],"wp:featuredmedia":[{"embeddable":true,"href":"https:\/\/www.dusenza.com\/fr\/wp-json\/wp\/v2\/media\/86165"}],"wp:attachment":[{"href":"https:\/\/www.dusenza.com\/fr\/wp-json\/wp\/v2\/media?parent=72601"}],"wp:term":[{"taxonomy":"product_brand","embeddable":true,"href":"https:\/\/www.dusenza.com\/fr\/wp-json\/wp\/v2\/product_brand?post=72601"},{"taxonomy":"product_cat","embeddable":true,"href":"https:\/\/www.dusenza.com\/fr\/wp-json\/wp\/v2\/product_cat?post=72601"},{"taxonomy":"product_tag","embeddable":true,"href":"https:\/\/www.dusenza.com\/fr\/wp-json\/wp\/v2\/product_tag?post=72601"}],"curies":[{"name":"wp","href":"https:\/\/api.w.org\/{rel}","templated":true}]}}