{"id":72598,"date":"2025-10-29T16:05:43","date_gmt":"2025-10-29T20:05:43","guid":{"rendered":"https:\/\/www.dusenza.com\/?post_type=product&#038;p=72598"},"modified":"2025-10-29T16:07:14","modified_gmt":"2025-10-29T20:07:14","slug":"balle-anti-stress","status":"publish","type":"product","link":"https:\/\/www.dusenza.com\/fr\/produit\/balle-anti-stress\/","title":{"rendered":"Balle Anti-Stress"},"content":{"rendered":"<p>Soulagez les tensions et favorisez la d\u00e9tente gr\u00e2ce \u00e0 cette balle anti-stress douce et ergonomique, con\u00e7ue pour \u00e9pouser parfaitement la forme de la main.<\/p>\n<p>Id\u00e9ale pour r\u00e9duire le stress, am\u00e9liorer la concentration ou renforcer les muscles des mains et des doigts, elle s\u2019utilise \u00e0 la maison, au travail ou en d\u00e9placement.<\/p>\n<p>Offerte en couleurs assorties.<\/p>\n","protected":false},"excerpt":{"rendered":"<p>Balle souple et mall\u00e9able pour soulager le stress, am\u00e9liorer la concentration et renforcer les mains.<\/p>\n","protected":false},"featured_media":86154,"comment_status":"closed","ping_status":"closed","template":"","meta":{"_acf_changed":false,"_seopress_robots_primary_cat":"","_seopress_titles_title":"","_seopress_titles_desc":"","_seopress_robots_index":""},"product_brand":[],"product_cat":[308],"product_tag":[356],"class_list":{"0":"post-72598","1":"product","2":"type-product","3":"status-publish","4":"has-post-thumbnail","6":"product_cat-accessoires-bien-etre","7":"product_tag-accessoires-bien-etre","9":"first","10":"instock","11":"taxable","12":"shipping-taxable","13":"purchasable","14":"product-type-variable"},"acf":[],"_links":{"self":[{"href":"https:\/\/www.dusenza.com\/fr\/wp-json\/wp\/v2\/product\/72598","targetHints":{"allow":["GET"]}}],"collection":[{"href":"https:\/\/www.dusenza.com\/fr\/wp-json\/wp\/v2\/product"}],"about":[{"href":"https:\/\/www.dusenza.com\/fr\/wp-json\/wp\/v2\/types\/product"}],"replies":[{"embeddable":true,"href":"https:\/\/www.dusenza.com\/fr\/wp-json\/wp\/v2\/comments?post=72598"}],"wp:featuredmedia":[{"embeddable":true,"href":"https:\/\/www.dusenza.com\/fr\/wp-json\/wp\/v2\/media\/86154"}],"wp:attachment":[{"href":"https:\/\/www.dusenza.com\/fr\/wp-json\/wp\/v2\/media?parent=72598"}],"wp:term":[{"taxonomy":"product_brand","embeddable":true,"href":"https:\/\/www.dusenza.com\/fr\/wp-json\/wp\/v2\/product_brand?post=72598"},{"taxonomy":"product_cat","embeddable":true,"href":"https:\/\/www.dusenza.com\/fr\/wp-json\/wp\/v2\/product_cat?post=72598"},{"taxonomy":"product_tag","embeddable":true,"href":"https:\/\/www.dusenza.com\/fr\/wp-json\/wp\/v2\/product_tag?post=72598"}],"curies":[{"name":"wp","href":"https:\/\/api.w.org\/{rel}","templated":true}]}}