{"id":72588,"date":"2025-10-29T16:05:43","date_gmt":"2025-10-29T20:05:43","guid":{"rendered":"https:\/\/www.dusenza.com\/?post_type=product&#038;p=72588"},"modified":"2025-12-01T15:09:03","modified_gmt":"2025-12-01T20:09:03","slug":"chandelle-cire-de-soya-sapin","status":"publish","type":"product","link":"https:\/\/www.dusenza.com\/fr\/produit\/chandelle-cire-de-soya-sapin\/","title":{"rendered":"Chandelle cire de soya \u2013 Sapin SPA"},"content":{"rendered":"<p>Inspir\u00e9e par la s\u00e9r\u00e9nit\u00e9 des for\u00eats hivernales, cette chandelle au parfum de sapin d\u00e9gage une fra\u00eecheur bois\u00e9e et apaisante. Id\u00e9ale pour les soir\u00e9es douillettes et les moments de d\u00e9tente.<\/p>\n<p>Fait au Qu\u00e9bec \u00e0 partir de cire de soya naturelle, sans paraffine. Format : 16 oz \/ 454 g.<\/p>\n<p>AVERTISSEMENT : Ne jamais laisser sans surveillance. Garder loin des enfants, des animaux et des objets inflammables. Couper la m\u00e8che avant chaque utilisation et br\u00fbler 3 \u00e0 4 heures \u00e0 la fois.<\/p>\n","protected":false},"excerpt":{"rendered":"<p>Une chandelle fra\u00eeche et bois\u00e9e inspir\u00e9e des for\u00eats de sapins, qui apporte la puret\u00e9 de la nature et une sensation d\u2019ancrage et de calme \u00e0 votre int\u00e9rieur.<\/p>\n","protected":false},"featured_media":114446,"comment_status":"closed","ping_status":"closed","template":"","meta":{"_acf_changed":false,"_seopress_robots_primary_cat":"none","_seopress_titles_title":"","_seopress_titles_desc":"","_seopress_robots_index":""},"product_brand":[],"product_cat":[306],"product_tag":[],"class_list":{"0":"post-72588","1":"product","2":"type-product","3":"status-publish","4":"has-post-thumbnail","6":"product_cat-chandelles","8":"first","9":"outofstock","10":"taxable","11":"shipping-taxable","12":"purchasable","13":"product-type-simple"},"acf":[],"_links":{"self":[{"href":"https:\/\/www.dusenza.com\/fr\/wp-json\/wp\/v2\/product\/72588","targetHints":{"allow":["GET"]}}],"collection":[{"href":"https:\/\/www.dusenza.com\/fr\/wp-json\/wp\/v2\/product"}],"about":[{"href":"https:\/\/www.dusenza.com\/fr\/wp-json\/wp\/v2\/types\/product"}],"replies":[{"embeddable":true,"href":"https:\/\/www.dusenza.com\/fr\/wp-json\/wp\/v2\/comments?post=72588"}],"wp:featuredmedia":[{"embeddable":true,"href":"https:\/\/www.dusenza.com\/fr\/wp-json\/wp\/v2\/media\/114446"}],"wp:attachment":[{"href":"https:\/\/www.dusenza.com\/fr\/wp-json\/wp\/v2\/media?parent=72588"}],"wp:term":[{"taxonomy":"product_brand","embeddable":true,"href":"https:\/\/www.dusenza.com\/fr\/wp-json\/wp\/v2\/product_brand?post=72588"},{"taxonomy":"product_cat","embeddable":true,"href":"https:\/\/www.dusenza.com\/fr\/wp-json\/wp\/v2\/product_cat?post=72588"},{"taxonomy":"product_tag","embeddable":true,"href":"https:\/\/www.dusenza.com\/fr\/wp-json\/wp\/v2\/product_tag?post=72588"}],"curies":[{"name":"wp","href":"https:\/\/api.w.org\/{rel}","templated":true}]}}