{"id":72586,"date":"2025-10-29T16:05:43","date_gmt":"2025-10-29T20:05:43","guid":{"rendered":"https:\/\/www.dusenza.com\/?post_type=product&#038;p=72586"},"modified":"2025-12-01T15:04:31","modified_gmt":"2025-12-01T20:04:31","slug":"chandelle-cire-de-soya-fusion-de-fruits","status":"publish","type":"product","link":"https:\/\/www.dusenza.com\/fr\/produit\/chandelle-cire-de-soya-fusion-de-fruits\/","title":{"rendered":"Chandelle cire de soya \u2013 Fusion de fruits SPA"},"content":{"rendered":"<p>Un m\u00e9lange fruit\u00e9 d\u00e9bordant de vitalit\u00e9 et de douceur. Ses notes de petits fruits, de fruits tropicaux et de vanille cr\u00e9ent une ambiance joyeuse et r\u00e9confortante.<\/p>\n<p>Fait au Qu\u00e9bec \u00e0 partir de cire de soya naturelle, sans paraffine. Format : 16 oz \/ 454 g.<\/p>\n<p>AVERTISSEMENT : Ne jamais laisser sans surveillance. Garder loin des enfants, des animaux et des objets inflammables. Couper la m\u00e8che avant chaque utilisation et br\u00fbler 3 \u00e0 4 heures \u00e0 la fois.<\/p>\n","protected":false},"excerpt":{"rendered":"<p>Une chandelle fruit\u00e9e et joyeuse qui marie petits fruits, fruits tropicaux et vanille pour un parfum sucr\u00e9 et enveloppant.<\/p>\n","protected":false},"featured_media":114450,"comment_status":"closed","ping_status":"closed","template":"","meta":{"_acf_changed":false,"_seopress_robots_primary_cat":"none","_seopress_titles_title":"","_seopress_titles_desc":"","_seopress_robots_index":""},"product_brand":[],"product_cat":[306],"product_tag":[],"class_list":{"0":"post-72586","1":"product","2":"type-product","3":"status-publish","4":"has-post-thumbnail","6":"product_cat-chandelles","8":"first","9":"instock","10":"taxable","11":"shipping-taxable","12":"purchasable","13":"product-type-simple"},"acf":[],"_links":{"self":[{"href":"https:\/\/www.dusenza.com\/fr\/wp-json\/wp\/v2\/product\/72586","targetHints":{"allow":["GET"]}}],"collection":[{"href":"https:\/\/www.dusenza.com\/fr\/wp-json\/wp\/v2\/product"}],"about":[{"href":"https:\/\/www.dusenza.com\/fr\/wp-json\/wp\/v2\/types\/product"}],"replies":[{"embeddable":true,"href":"https:\/\/www.dusenza.com\/fr\/wp-json\/wp\/v2\/comments?post=72586"}],"wp:featuredmedia":[{"embeddable":true,"href":"https:\/\/www.dusenza.com\/fr\/wp-json\/wp\/v2\/media\/114450"}],"wp:attachment":[{"href":"https:\/\/www.dusenza.com\/fr\/wp-json\/wp\/v2\/media?parent=72586"}],"wp:term":[{"taxonomy":"product_brand","embeddable":true,"href":"https:\/\/www.dusenza.com\/fr\/wp-json\/wp\/v2\/product_brand?post=72586"},{"taxonomy":"product_cat","embeddable":true,"href":"https:\/\/www.dusenza.com\/fr\/wp-json\/wp\/v2\/product_cat?post=72586"},{"taxonomy":"product_tag","embeddable":true,"href":"https:\/\/www.dusenza.com\/fr\/wp-json\/wp\/v2\/product_tag?post=72586"}],"curies":[{"name":"wp","href":"https:\/\/api.w.org\/{rel}","templated":true}]}}