{"id":72582,"date":"2025-10-29T16:05:43","date_gmt":"2025-10-29T20:05:43","guid":{"rendered":"https:\/\/www.dusenza.com\/?post_type=product&#038;p=72582"},"modified":"2025-12-01T14:53:08","modified_gmt":"2025-12-01T19:53:08","slug":"chandelle-cire-de-soya-respiration-spa","status":"publish","type":"product","link":"https:\/\/www.dusenza.com\/fr\/produit\/chandelle-cire-de-soya-respiration-spa\/","title":{"rendered":"Chandelle cire de soya \u2013 Respiration SPA"},"content":{"rendered":"<p>Un m\u00e9lange rafra\u00eechissant qui \u00e9voque la puret\u00e9 et la s\u00e9r\u00e9nit\u00e9 d\u2019un spa. Ses notes d\u2019eucalyptus et de menthe favorisent la respiration et la d\u00e9tente profonde.<\/p>\n<p>Fait au Qu\u00e9bec \u00e0 partir de cire de soya naturelle, sans paraffine. Format : 16 oz \/ 454 g.<\/p>\n<p>AVERTISSEMENT : Ne jamais laisser sans surveillance. Garder loin des enfants, des animaux et des objets inflammables. Couper la m\u00e8che avant chaque utilisation et br\u00fbler 3 \u00e0 4 heures \u00e0 la fois.<\/p>\n","protected":false},"excerpt":{"rendered":"<p>Une chandelle fra\u00eeche et apaisante aux notes d\u2019eucalyptus et de menthe qui d\u00e9gagent l\u2019esprit et favorisent une d\u00e9tente profonde. Id\u00e9ale pour relaxer apr\u00e8s une longue journ\u00e9e.<\/p>\n","protected":false},"featured_media":114448,"comment_status":"closed","ping_status":"closed","template":"","meta":{"_acf_changed":false,"_seopress_robots_primary_cat":"none","_seopress_titles_title":"","_seopress_titles_desc":"","_seopress_robots_index":""},"product_brand":[],"product_cat":[306],"product_tag":[],"class_list":{"0":"post-72582","1":"product","2":"type-product","3":"status-publish","4":"has-post-thumbnail","6":"product_cat-chandelles","8":"first","9":"instock","10":"taxable","11":"shipping-taxable","12":"purchasable","13":"product-type-simple"},"acf":[],"_links":{"self":[{"href":"https:\/\/www.dusenza.com\/fr\/wp-json\/wp\/v2\/product\/72582","targetHints":{"allow":["GET"]}}],"collection":[{"href":"https:\/\/www.dusenza.com\/fr\/wp-json\/wp\/v2\/product"}],"about":[{"href":"https:\/\/www.dusenza.com\/fr\/wp-json\/wp\/v2\/types\/product"}],"replies":[{"embeddable":true,"href":"https:\/\/www.dusenza.com\/fr\/wp-json\/wp\/v2\/comments?post=72582"}],"wp:featuredmedia":[{"embeddable":true,"href":"https:\/\/www.dusenza.com\/fr\/wp-json\/wp\/v2\/media\/114448"}],"wp:attachment":[{"href":"https:\/\/www.dusenza.com\/fr\/wp-json\/wp\/v2\/media?parent=72582"}],"wp:term":[{"taxonomy":"product_brand","embeddable":true,"href":"https:\/\/www.dusenza.com\/fr\/wp-json\/wp\/v2\/product_brand?post=72582"},{"taxonomy":"product_cat","embeddable":true,"href":"https:\/\/www.dusenza.com\/fr\/wp-json\/wp\/v2\/product_cat?post=72582"},{"taxonomy":"product_tag","embeddable":true,"href":"https:\/\/www.dusenza.com\/fr\/wp-json\/wp\/v2\/product_tag?post=72582"}],"curies":[{"name":"wp","href":"https:\/\/api.w.org\/{rel}","templated":true}]}}