{"id":72579,"date":"2025-10-29T16:05:43","date_gmt":"2025-10-29T20:05:43","guid":{"rendered":"https:\/\/www.dusenza.com\/?post_type=product&#038;p=72579"},"modified":"2025-10-29T16:07:14","modified_gmt":"2025-10-29T20:07:14","slug":"diffuseur-pour-voiture-fragrance-noix-de-coco","status":"publish","type":"product","link":"https:\/\/www.dusenza.com\/fr\/produit\/diffuseur-pour-voiture-fragrance-noix-de-coco\/","title":{"rendered":"Diffuseur pour voiture &#038; Fragrance Noix de coco"},"content":{"rendered":"<p>Diffuseur pour voiture &#038; Fragrance Noix de coco \u2013 Transformez chaque trajet en moment de d\u00e9tente.<\/p>\n<p>Inspir\u00e9 par la simplicit\u00e9 et l\u2019\u00e9l\u00e9gance naturelle, ce diffuseur en bois se suspend discr\u00e8tement au r\u00e9troviseur central. Il suffit de verser quelques millilitres d\u2019huile parfum\u00e9e ou essentielle dans le flacon. Le couvercle en bois agit comme un diffuseur naturel, lib\u00e9rant le parfum progressivement, sans chaleur, sans ventilation, sans effort.<\/p>\n<p>La fragrance noix de coco offre un parfum doux, chaud et r\u00e9confortant, rappelant les vacances, le sable chaud et la d\u00e9tente. Un duo parfait pour cr\u00e9er une ambiance tropicale \u00e0 chaque trajet.<\/p>\n","protected":false},"excerpt":{"rendered":"<p>Ajoutez une touche de chaleur tropicale \u00e0 chacun de vos trajets. Le diffuseur auto avec la fragrance noix de coco transforme votre voiture en v\u00e9ritable \u00e9vasion parfum\u00e9e.<\/p>\n","protected":false},"featured_media":88331,"comment_status":"closed","ping_status":"closed","template":"","meta":{"_acf_changed":false,"_seopress_robots_primary_cat":"","_seopress_titles_title":"","_seopress_titles_desc":"","_seopress_robots_index":""},"product_brand":[],"product_cat":[195],"product_tag":[],"class_list":{"0":"post-72579","1":"product","2":"type-product","3":"status-publish","4":"has-post-thumbnail","6":"product_cat-diffuseurs","8":"first","9":"instock","10":"taxable","11":"shipping-taxable","12":"purchasable","13":"product-type-simple"},"acf":[],"_links":{"self":[{"href":"https:\/\/www.dusenza.com\/fr\/wp-json\/wp\/v2\/product\/72579","targetHints":{"allow":["GET"]}}],"collection":[{"href":"https:\/\/www.dusenza.com\/fr\/wp-json\/wp\/v2\/product"}],"about":[{"href":"https:\/\/www.dusenza.com\/fr\/wp-json\/wp\/v2\/types\/product"}],"replies":[{"embeddable":true,"href":"https:\/\/www.dusenza.com\/fr\/wp-json\/wp\/v2\/comments?post=72579"}],"wp:featuredmedia":[{"embeddable":true,"href":"https:\/\/www.dusenza.com\/fr\/wp-json\/wp\/v2\/media\/88331"}],"wp:attachment":[{"href":"https:\/\/www.dusenza.com\/fr\/wp-json\/wp\/v2\/media?parent=72579"}],"wp:term":[{"taxonomy":"product_brand","embeddable":true,"href":"https:\/\/www.dusenza.com\/fr\/wp-json\/wp\/v2\/product_brand?post=72579"},{"taxonomy":"product_cat","embeddable":true,"href":"https:\/\/www.dusenza.com\/fr\/wp-json\/wp\/v2\/product_cat?post=72579"},{"taxonomy":"product_tag","embeddable":true,"href":"https:\/\/www.dusenza.com\/fr\/wp-json\/wp\/v2\/product_tag?post=72579"}],"curies":[{"name":"wp","href":"https:\/\/api.w.org\/{rel}","templated":true}]}}