{"id":71990,"date":"2025-10-21T08:20:09","date_gmt":"2025-10-21T12:20:09","guid":{"rendered":"http:\/\/dusenza.com\/product\/lux-diffuser-essential-oils-fragrance-oils\/"},"modified":"2025-10-21T13:24:04","modified_gmt":"2025-10-21T17:24:04","slug":"lux-diffuser-essential-oils-fragrance-oils","status":"publish","type":"product","link":"https:\/\/www.dusenza.com\/fr\/produit\/lux-diffuser-essential-oils-fragrance-oils\/","title":{"rendered":"Diffuseur LUX \u2013 Huiles essentielles et fragrances"},"content":{"rendered":"<p>Le diffuseur LUX offre une exp\u00e9rience olfactive de haute qualit\u00e9 gr\u00e2ce \u00e0 sa technologie de diffusion \u00e0 froid. Contrairement aux diffuseurs classiques \u00e0 ultrasons, il ne n\u00e9cessite aucune eau : les huiles sont diffus\u00e9es pures, ce qui permet de pr\u00e9server toute leur richesse aromatique et leurs propri\u00e9t\u00e9s.<\/p>\n<p>Sa forme compacte et raffin\u00e9e s\u2019int\u00e8gre facilement dans tous les environnements, et sa diffusion silencieuse assure un confort d\u2019utilisation \u00e0 tout moment de la journ\u00e9e. Parfait pour cr\u00e9er une atmosph\u00e8re relaxante, \u00e9nergisante ou purifiante selon l\u2019huile choisie, le LUX est aussi bien adapt\u00e9 aux petits qu\u2019aux grands espaces.<\/p>\n<ul>\n<li>Couvre jusqu\u2019\u00e0 1000 pieds carr\u00e9s<\/li>\n<li>T\u00e9l\u00e9commande incluse pour un contr\u00f4le facile<\/li>\n<li>Silencieux : id\u00e9al pour une utilisation continue<\/li>\n<\/ul>\n<p>&nbsp;<\/p>\n<p><strong>Utilisation :<\/strong><\/p>\n<p data-start=\"838\" data-end=\"976\"><strong data-start=\"838\" data-end=\"877\">\u00c9TAPE 1 <\/strong>\u2013 Retirer la bouteille vide<br data-start=\"877\" data-end=\"880\" \/>Tournez la partie sup\u00e9rieure du diffuseur dans le sens antihoraire et retirez la bouteille vide.<\/p>\n<p data-start=\"978\" data-end=\"1152\"><strong data-start=\"978\" data-end=\"1011\">\u00c9TAPE 2 <\/strong>\u2013 Ajouter votre huile<br data-start=\"1011\" data-end=\"1014\" \/>Tournez la bouteille dans le sens antihoraire pour l\u2019ouvrir.<br data-start=\"1074\" data-end=\"1077\" \/>Remplissez-la avec votre huile essentielle pure ou huile parfum\u00e9e pr\u00e9f\u00e9r\u00e9e.<\/p>\n<p data-start=\"1154\" data-end=\"1352\"><strong data-start=\"1154\" data-end=\"1214\">\u00c9TAPE 3 <\/strong>\u2013 R\u00e9ins\u00e9rer la bouteille et la partie sup\u00e9rieure<br data-start=\"1214\" data-end=\"1217\" \/>Revissez fermement la bouteille.<br data-start=\"1249\" data-end=\"1252\" \/>Replacez la partie sup\u00e9rieure en la tournant dans le sens horaire pour assurer une bonne \u00e9tanch\u00e9it\u00e9.<\/p>\n<p data-start=\"1354\" data-end=\"1565\"><strong data-start=\"1354\" data-end=\"1388\">\u00c9TAPE 4 <\/strong>\u2013 Allumer le diffuseur<br data-start=\"1388\" data-end=\"1391\" \/>Branchez le c\u00e2ble USB-C au diffuseur, puis \u00e0 l\u2019adaptateur \u00e9lectrique.<br data-start=\"1460\" data-end=\"1463\" \/>Allumez l\u2019appareil avec la t\u00e9l\u00e9commande ou en appuyant 2 secondes sur l\u2019indicateur lumineux \u00e0 l\u2019avant.<\/p>\n<p>Par d\u00e9faut, le diffuseur \u00e9met du parfum pendant 30 secondes, puis fait une pause de 60 secondes. Ce cycle se r\u00e9p\u00e8te pendant 4 heures, apr\u00e8s quoi l\u2019appareil s\u2019\u00e9teint automatiquement.<\/p>\n","protected":false},"excerpt":{"rendered":"<p>\u00c9l\u00e9gant et performant, le diffuseur \u00e0 froid LUX permet de diffuser vos huiles essentielles ou parfum\u00e9es pures, sans ajout d\u2019eau. Gr\u00e2ce \u00e0 sa conception soign\u00e9e et sa puissance de diffusion, il est id\u00e9al pour les grands espaces, \u00e0 la maison comme au travail.<\/p>\n","protected":false},"featured_media":71995,"comment_status":"closed","ping_status":"closed","template":"","meta":{"_acf_changed":false,"_seopress_robots_primary_cat":"none","_seopress_titles_title":"","_seopress_titles_desc":"","_seopress_robots_index":""},"product_brand":[],"product_cat":[195,360],"product_tag":[],"class_list":{"0":"post-71990","1":"product","2":"type-product","3":"status-publish","4":"has-post-thumbnail","6":"product_cat-diffuseurs","7":"product_cat-lux","9":"first","10":"instock","11":"taxable","12":"shipping-taxable","13":"purchasable","14":"product-type-simple"},"acf":[],"_links":{"self":[{"href":"https:\/\/www.dusenza.com\/fr\/wp-json\/wp\/v2\/product\/71990","targetHints":{"allow":["GET"]}}],"collection":[{"href":"https:\/\/www.dusenza.com\/fr\/wp-json\/wp\/v2\/product"}],"about":[{"href":"https:\/\/www.dusenza.com\/fr\/wp-json\/wp\/v2\/types\/product"}],"replies":[{"embeddable":true,"href":"https:\/\/www.dusenza.com\/fr\/wp-json\/wp\/v2\/comments?post=71990"}],"wp:featuredmedia":[{"embeddable":true,"href":"https:\/\/www.dusenza.com\/fr\/wp-json\/wp\/v2\/media\/71995"}],"wp:attachment":[{"href":"https:\/\/www.dusenza.com\/fr\/wp-json\/wp\/v2\/media?parent=71990"}],"wp:term":[{"taxonomy":"product_brand","embeddable":true,"href":"https:\/\/www.dusenza.com\/fr\/wp-json\/wp\/v2\/product_brand?post=71990"},{"taxonomy":"product_cat","embeddable":true,"href":"https:\/\/www.dusenza.com\/fr\/wp-json\/wp\/v2\/product_cat?post=71990"},{"taxonomy":"product_tag","embeddable":true,"href":"https:\/\/www.dusenza.com\/fr\/wp-json\/wp\/v2\/product_tag?post=71990"}],"curies":[{"name":"wp","href":"https:\/\/api.w.org\/{rel}","templated":true}]}}