{"id":649,"date":"2016-03-06T22:17:50","date_gmt":"2016-03-06T21:17:50","guid":{"rendered":"http:\/\/dusenza.com\/fr\/?post_type=product&#038;p=649"},"modified":"2024-05-20T23:08:20","modified_gmt":"2024-05-21T03:08:20","slug":"huile-emeu-naturelle-canada","status":"publish","type":"product","link":"https:\/\/www.dusenza.com\/fr\/produit\/huile-emeu-naturelle-canada\/","title":{"rendered":"Huile d&#8217;\u00c9meu Pure"},"content":{"rendered":"<p>Depuis le d\u00e9but des temps, l&#8217;homme s&#8217;est tourn\u00e9 vers la nature pour trouver des rem\u00e8des pour soulager les maladies. Il y a de nombreuses ann\u00e9es, les Aborig\u00e8nes d&#8217;Australie ont d\u00e9couvert les avantages pour la sant\u00e9 qu&#8217;apportait l&#8217;huile d&#8217;\u00e9meu dans leur vie quotidienne. Notre huile d&#8217;\u00e9meu canadienne est soigneusement raffin\u00e9e pour vous offrir la meilleure qualit\u00e9; elle est cr\u00e9meuse, sans odeur et de qualit\u00e9 nutritionnelle. Elle respecte ou d\u00e9passe les directives internationales sur l&#8217;huile d&#8217;\u00e9meu. Lorsque l&#8217;huile d&#8217;\u00e9meu a \u00e9t\u00e9 test\u00e9e, elle s&#8217;est av\u00e9r\u00e9e tr\u00e8s hypoallerg\u00e9nique et pr\u00e9sente un niveau de puret\u00e9 extr\u00eamement \u00e9lev\u00e9. <\/p>\n<p>L&#8217;huile d&#8217;\u00e9meu est actuellement utilis\u00e9e dans une vari\u00e9t\u00e9 de produits, notamment: hydratants pour la peau, shampoings, baumes pour les l\u00e8vres, produits antidouleur, baumes, savons, \u00e9crans solaires, shampoings, etc. <\/p>\n<p><p>Comment utiliser de l&#8217;huile d&#8217;\u00e9meu pure?  Quelques gouttes d&#8217;huile d&#8217;\u00e9meu suffisent pour masser la zone affect\u00e9e. La peau ne doit pas \u00eatre grasse lorsque vous avez termin\u00e9. Si c&#8217;est le cas, vous en avez trop utilis\u00e9. R\u00e9p\u00e9tez si n\u00e9cessaire. Si vous souhaitez r\u00e9chauffer l&#8217;huile, placez la bouteille dans l&#8217;eau chaude pendant quelques minutes. Lorsque l&#8217;huile s&#8217;est liqu\u00e9fi\u00e9e, elle est chaude.<\/p>\n<p>Avantages de l\u2019huile d\u2019\u00e9meu<\/p>\n<ul>\n<li> Propri\u00e9t\u00e9s anti-inflammatoires <\/li>\n<li> Bateriostatique non com\u00e9dog\u00e8ne (n\u2019obstrue pas les pores, lorsqu\u2019utilis\u00e9e comme soin du visage) <\/li>\n<li> Effet anti-\u00e2ge<\/li>\n<li> Excellent hydratant<\/li>\n<li> Combat l\u2019arthrite et les douleurs articulaires<\/li>\n<li> Traite les plaies de lit<\/li>\n<li> Soulage les douleurs dues aux br\u00fblures et r\u00e9duire les cicatrices et les cloques<\/li>\n<li> Gu\u00e9rison plus rapide des blessures chroniques (blessures musculaires, entorses, ligaments, etc.) <\/li>\n<li> Soulage la douleur due \u00e0 des coupures, \u00e9raflures et contusions<\/li>\n<li> Soins de la peau et des cheveux<\/li>\n<li> Apaise la douleur et l\u2019inflammation lors de piq\u00fbres d\u2019insectes<\/li>\n<li> Soulagement des douleurs de croissance chez les enfants<\/li>\n<li> Soulagement des h\u00e9morro\u00efdes<\/li>\n<li> Baume th\u00e9rapeutique pour l\u2019ecz\u00e9ma et le psoriasis<\/li>\n<p>Dusenza Inc. Avertissement:<\/p>\n<p>En achetant nos produits, vous reconnaissez et acceptez le fait que certains ingr\u00e9dients naturels, en particulier les huiles essentielles, peuvent provoquer une sensibilit\u00e9 chez les individus sensibles et que nous ne serons pas tenus responsables de tels \u00e9v\u00e9nements. Nous encourageons les peaux sensibles \u00e0 effectuer un test cutan\u00e9 sur la peau pour d\u00e9tecter d&#8217;\u00e9ventuelles r\u00e9actions. Tous les faits, d\u00e9tails et recommandations de cette brochure sont fournis \u00e0 titre d\u2019information uniquement et ne visent pas \u00e0 diagnostiquer, prescrire ou remplacer les conseils de professionnels.<\/p>\n<p>Dusenza Inc. n&#8217;accepte aucune responsabilit\u00e9 en cas d&#8217;utilisation incorrecte d&#8217;informations ou de produits.<\/p>\n","protected":false},"excerpt":{"rendered":"<p>Huile d&#8217;\u00c9meu enrichie enrichira votre routine de soins. Sp\u00e9cialement formul\u00e9e pour restaurer et prot\u00e9ger, cette huile combat efficacement la s\u00e8cheresse, apaise les irritations cutan\u00e9es et renforce les cheveux ab\u00eem\u00e9s. Parfaite pour ceux qui recherchent une hydratation profonde et une r\u00e9duction visible des signes de vieillissement.<\/p>\n","protected":false},"featured_media":36647,"comment_status":"closed","ping_status":"closed","template":"","meta":{"_acf_changed":false,"_seopress_robots_primary_cat":"","_seopress_titles_title":"","_seopress_titles_desc":"","_seopress_robots_index":""},"product_brand":[],"product_cat":[193,223,194],"product_tag":[],"class_list":{"0":"post-649","1":"product","2":"type-product","3":"status-publish","4":"has-post-thumbnail","6":"product_cat-huiles-massage","7":"product_cat-produits-emeu","8":"product_cat-soins-du-corps","10":"first","11":"instock","12":"taxable","13":"shipping-taxable","14":"purchasable","15":"product-type-variable","16":"has-default-attributes"},"acf":[],"_links":{"self":[{"href":"https:\/\/www.dusenza.com\/fr\/wp-json\/wp\/v2\/product\/649","targetHints":{"allow":["GET"]}}],"collection":[{"href":"https:\/\/www.dusenza.com\/fr\/wp-json\/wp\/v2\/product"}],"about":[{"href":"https:\/\/www.dusenza.com\/fr\/wp-json\/wp\/v2\/types\/product"}],"replies":[{"embeddable":true,"href":"https:\/\/www.dusenza.com\/fr\/wp-json\/wp\/v2\/comments?post=649"}],"wp:featuredmedia":[{"embeddable":true,"href":"https:\/\/www.dusenza.com\/fr\/wp-json\/wp\/v2\/media\/36647"}],"wp:attachment":[{"href":"https:\/\/www.dusenza.com\/fr\/wp-json\/wp\/v2\/media?parent=649"}],"wp:term":[{"taxonomy":"product_brand","embeddable":true,"href":"https:\/\/www.dusenza.com\/fr\/wp-json\/wp\/v2\/product_brand?post=649"},{"taxonomy":"product_cat","embeddable":true,"href":"https:\/\/www.dusenza.com\/fr\/wp-json\/wp\/v2\/product_cat?post=649"},{"taxonomy":"product_tag","embeddable":true,"href":"https:\/\/www.dusenza.com\/fr\/wp-json\/wp\/v2\/product_tag?post=649"}],"curies":[{"name":"wp","href":"https:\/\/api.w.org\/{rel}","templated":true}]}}