{"id":51920,"date":"2025-05-13T13:23:08","date_gmt":"2025-05-13T17:23:08","guid":{"rendered":"http:\/\/dusenza.com\/?post_type=product&#038;p=51920"},"modified":"2025-05-15T13:03:03","modified_gmt":"2025-05-15T17:03:03","slug":"huile-fragrance-diffuseur-arome-camerise","status":"publish","type":"product","link":"https:\/\/www.dusenza.com\/fr\/produit\/huile-fragrance-diffuseur-arome-camerise\/","title":{"rendered":"Fragrance Camerise \u2013 Huile parfum\u00e9e pour diffuseurs"},"content":{"rendered":"<p>La fragrance Camerise offre un \u00e9quilibre entre fra\u00eecheur fruit\u00e9e et douceur acidul\u00e9e. Elle apporte \u00e0 votre espace une touche naturelle, vive et discr\u00e8tement sauvage.<\/p>\n<p>Nos huiles parfum\u00e9es sont id\u00e9ales pour les diffuseurs \u00e0 ultrasons. Seules quelques gouttes dans le r\u00e9servoir d&#8217;eau diffuseront efficacement. Elles sont sp\u00e9cifiquement formul\u00e9es pour les formulations de soins de la peau et des cheveux, et beaucoup conviennent aux savons et aux bougies. Les parfums sont extr\u00eamement riches, complexes et durables. Les huiles parfum\u00e9es sont synth\u00e9tis\u00e9es et ne doivent pas \u00eatre confondues avec les huiles essentielles 100% naturelles utilis\u00e9es en aromath\u00e9rapie.<\/p>\n<p>Veuillez noter que toutes nos huiles de parfum sont sans paraben.<\/p>\n","protected":false},"excerpt":{"rendered":"<p>Fruit\u00e9 et acidul\u00e9, le parfum Camerise d\u00e9voile une fragrance gourmande aux accents sauvages. Une senteur unique qui allie fra\u00eecheur et caract\u00e8re.<\/p>\n","protected":false},"featured_media":51892,"comment_status":"closed","ping_status":"closed","template":"","meta":{"_acf_changed":false,"_seopress_robots_primary_cat":"none","_seopress_titles_title":"","_seopress_titles_desc":"","_seopress_robots_index":""},"product_brand":[],"product_cat":[225],"product_tag":[],"class_list":{"0":"post-51920","1":"product","2":"type-product","3":"status-publish","4":"has-post-thumbnail","6":"product_cat-huiles-fragrances","8":"first","9":"instock","10":"taxable","11":"shipping-taxable","12":"purchasable","13":"product-type-simple"},"acf":[],"_links":{"self":[{"href":"https:\/\/www.dusenza.com\/fr\/wp-json\/wp\/v2\/product\/51920","targetHints":{"allow":["GET"]}}],"collection":[{"href":"https:\/\/www.dusenza.com\/fr\/wp-json\/wp\/v2\/product"}],"about":[{"href":"https:\/\/www.dusenza.com\/fr\/wp-json\/wp\/v2\/types\/product"}],"replies":[{"embeddable":true,"href":"https:\/\/www.dusenza.com\/fr\/wp-json\/wp\/v2\/comments?post=51920"}],"wp:featuredmedia":[{"embeddable":true,"href":"https:\/\/www.dusenza.com\/fr\/wp-json\/wp\/v2\/media\/51892"}],"wp:attachment":[{"href":"https:\/\/www.dusenza.com\/fr\/wp-json\/wp\/v2\/media?parent=51920"}],"wp:term":[{"taxonomy":"product_brand","embeddable":true,"href":"https:\/\/www.dusenza.com\/fr\/wp-json\/wp\/v2\/product_brand?post=51920"},{"taxonomy":"product_cat","embeddable":true,"href":"https:\/\/www.dusenza.com\/fr\/wp-json\/wp\/v2\/product_cat?post=51920"},{"taxonomy":"product_tag","embeddable":true,"href":"https:\/\/www.dusenza.com\/fr\/wp-json\/wp\/v2\/product_tag?post=51920"}],"curies":[{"name":"wp","href":"https:\/\/api.w.org\/{rel}","templated":true}]}}