{"id":4924,"date":"2024-05-21T10:36:07","date_gmt":"2024-05-21T14:36:07","guid":{"rendered":"http:\/\/dusenza.com\/?post_type=product&#038;p=4924"},"modified":"2024-05-21T10:36:29","modified_gmt":"2024-05-21T14:36:29","slug":"huile-de-noix-de-karite","status":"publish","type":"product","link":"https:\/\/www.dusenza.com\/fr\/produit\/huile-de-noix-de-karite\/","title":{"rendered":"Huile de Noix de Karit\u00e9"},"content":{"rendered":"<p>L&#8217;huile de noix de karit\u00e9 est un sous-produit naturel du processus d&#8217;extraction du beurre de karit\u00e9. Une fois s\u00e9ch\u00e9es, les noix de karit\u00e9 subissent un pressage par expulseur, lib\u00e9rant non seulement le beurre de noix riche et \u00e9pais, mais \u00e9galement une huile de noix moins visqueuse, mais tr\u00e8s nourrissante. Cette huile peut \u00eatre s\u00e9par\u00e9e (fractionn\u00e9e) par chauffage doux. Contrairement au beurre de karit\u00e9, qui contient une forte proportion d&#8217;acide st\u00e9arique satur\u00e9 qui en fait un solide cireux \u00e0 temp\u00e9rature ambiante, l&#8217;huile de support de noix de karit\u00e9 contient des quantit\u00e9s plus \u00e9lev\u00e9es d&#8217;acides ol\u00e9ique et linol\u00e9ique insatur\u00e9s. Cela rend l&#8217;huile relativement plus fluide dans sa consistance, offrant une plus grande facilit\u00e9 d&#8217;utilisation pour les formulateurs ainsi qu&#8217;un profil sensoriel plus attrayant. Au contact de la peau, l&#8217;huile de karit\u00e9 est \u00e9galement facilement absorb\u00e9e, la laissant radieuse sans \u00eatre grasse. Elle conserve la plupart des bienfaits enrichissants pour la peau du beurre de karit\u00e9 brut et non raffin\u00e9.<\/p>\n<p>Tr\u00e8s apaisante et hydratante, l&#8217;huile de support de noix de karit\u00e9 est pris\u00e9e dans de nombreux produits cosm\u00e9tiques pour la peau et les cheveux, notamment les cr\u00e8mes, les savons, les huiles pour le corps, les m\u00e9langes de massage et les apr\u00e8s-shampooings. Riche en acide ol\u00e9ique, il est particuli\u00e8rement b\u00e9n\u00e9fique pour les peaux tr\u00e8s s\u00e8ches ou matures car il aide \u00e0 renforcer la souplesse et \u00e0 fortifier la barri\u00e8re cutan\u00e9e pour minimiser le dess\u00e8chement. Par rapport au beurre de karit\u00e9, l&#8217;huile de support de noix de karit\u00e9 est id\u00e9ale pour une plus large gamme de formulations o\u00f9 une \u00e9mollience \u00e9lev\u00e9e est requise sans la complexit\u00e9 de travailler avec un beurre dur.<\/p>\n","protected":false},"excerpt":{"rendered":"<p>L\u00e9g\u00e8re, mais intens\u00e9ment nourrissante, l\u2019huile de noix de karit\u00e9 redonne douceur et \u00e9lasticit\u00e9 aux peaux s\u00e8ches ou matures. Riche en acides ol\u00e9ique et linol\u00e9ique, cette huile offre une absorption rapide pour une hydratation profonde sans laisser de sensation grasse.<\/p>\n","protected":false},"featured_media":36634,"comment_status":"closed","ping_status":"closed","template":"","meta":{"_acf_changed":false,"_seopress_robots_primary_cat":"","_seopress_titles_title":"","_seopress_titles_desc":"","_seopress_robots_index":""},"product_brand":[],"product_cat":[206],"product_tag":[351,352],"class_list":{"0":"post-4924","1":"product","2":"type-product","3":"status-publish","4":"has-post-thumbnail","6":"product_cat-huiles-vegetales","7":"product_tag-soin-corps","8":"product_tag-soin-visage","10":"first","11":"instock","12":"taxable","13":"shipping-taxable","14":"purchasable","15":"product-type-variable"},"acf":[],"_links":{"self":[{"href":"https:\/\/www.dusenza.com\/fr\/wp-json\/wp\/v2\/product\/4924","targetHints":{"allow":["GET"]}}],"collection":[{"href":"https:\/\/www.dusenza.com\/fr\/wp-json\/wp\/v2\/product"}],"about":[{"href":"https:\/\/www.dusenza.com\/fr\/wp-json\/wp\/v2\/types\/product"}],"replies":[{"embeddable":true,"href":"https:\/\/www.dusenza.com\/fr\/wp-json\/wp\/v2\/comments?post=4924"}],"wp:featuredmedia":[{"embeddable":true,"href":"https:\/\/www.dusenza.com\/fr\/wp-json\/wp\/v2\/media\/36634"}],"wp:attachment":[{"href":"https:\/\/www.dusenza.com\/fr\/wp-json\/wp\/v2\/media?parent=4924"}],"wp:term":[{"taxonomy":"product_brand","embeddable":true,"href":"https:\/\/www.dusenza.com\/fr\/wp-json\/wp\/v2\/product_brand?post=4924"},{"taxonomy":"product_cat","embeddable":true,"href":"https:\/\/www.dusenza.com\/fr\/wp-json\/wp\/v2\/product_cat?post=4924"},{"taxonomy":"product_tag","embeddable":true,"href":"https:\/\/www.dusenza.com\/fr\/wp-json\/wp\/v2\/product_tag?post=4924"}],"curies":[{"name":"wp","href":"https:\/\/api.w.org\/{rel}","templated":true}]}}