{"id":4917,"date":"2024-05-21T10:36:08","date_gmt":"2024-05-21T14:36:29","guid":{"rendered":"http:\/\/dusenza.com\/produit\/emu-magik\/"},"modified":"2024-05-21T10:36:29","modified_gmt":"2024-05-21T14:36:29","slug":"emu-magik","status":"publish","type":"product","link":"https:\/\/www.dusenza.com\/fr\/produit\/emu-magik\/","title":{"rendered":"EMU-MAGIK"},"content":{"rendered":"<p>&#8220;<\/p>\n<p>Depuis le d\u00e9but des temps, l\u2019homme s\u2019est tourn\u00e9 vers la nature pour trouver des rem\u00e8des pour soulager les maladies. Il y a de nombreuses ann\u00e9es, les Aborig\u00e8nes d\u2019Australie ont d\u00e9couvert les avantages pour la sant\u00e9 qu\u2019apportait l\u2019huile d\u2019\u00e9meu dans leur vie quotidienne.<\/p>\n<p>Notre huile d\u2019\u00e9meu canadienne est soigneusement raffin\u00e9e pour vous offrir la meilleure qualit\u00e9 disponible \u00e0 ce jour. Elle est cr\u00e9meuse, sans odeur et de qualit\u00e9 nutritionnelle. Notre huile d\u2019\u00e9meu respecte ou d\u00e9passe les directives internationales sur l\u2019huile d\u2019\u00e9meu. Lorsque l\u2019huile d\u2019\u00e9meu a \u00e9t\u00e9 test\u00e9e, elle s\u2019est av\u00e9r\u00e9e tr\u00e8s hypoallerg\u00e9nique et pr\u00e9sente un niveau de puret\u00e9 extr\u00eamement \u00e9lev\u00e9.<\/p>\n<p>L\u2019huile d\u2019\u00e9meu est actuellement utilis\u00e9e dans une vari\u00e9t\u00e9 de produits, notamment: hydratants pour la peau, shampooings, baumes pour les l\u00e8vres, produits antidouleur, baumes, savons, \u00e9crans solaires, shampooings et autres produits cosm\u00e9tiques b\u00e9n\u00e9fiques pour la qualit\u00e9 de vie quotidienne.<\/p>\n<p>L\u2019huile d\u2019\u00e9meu contient des niveaux \u00e9lev\u00e9s d\u2019acide linol\u00e9nique, une substance connue pour soulager temporairement les douleurs articulaires et d\u2019acide ol\u00e9ique, une substance qui exerce un effet anti-inflammatoire local sur les tissus cutan\u00e9s.<\/p>\n<ul>\n<li>ANTI-INFLAMMATOIRE \u2013 Riche en de nombreux acides gras essentiels (AGE) que l\u2019organisme peut absorber et utiliser pour fabriquer des hormones qui r\u00e9gulent les processus corporels, l\u2019huile d\u2019\u00e9meu fournit les outils n\u00e9cessaires \u00e0 la r\u00e9paration de l\u2019organisme.<\/li>\n<li>BACTERIOSTATIQUE NON COM\u00c9DOG\u00c8NE \u2013 Combat la croissance des bact\u00e9ries et contrairement aux autres huiles naturelles, l\u2019huile d\u2019\u00e9meu n\u2019obstrue pas les pores.<\/li>\n<p><il>EFFET ANTI-\u00c2GE \u2013 L\u2019huile d\u2019\u00e9meu est in\u00e9gal\u00e9e pour ses propri\u00e9t\u00e9s hydratantes.  Des \u00e9tudes ont montr\u00e9 que l\u2019\u00e9paisseur de la peau vieillissante s\u00e8che augmentait de 2 \u00e0 3 fois et que les taches de vieillesse et les rides diminuaient sensiblement.<\/li>\n<li>ARTHRITE &#038; DOULEURS ARTICULAIRES \u2013 L\u2019huile d\u2019\u00e9meu r\u00e9conforte les muscles et les articulations raides et r\u00e9duit l\u2019inflammation et l\u2019enflure des articulations arthritiques.  Des exp\u00e9riences en laboratoire et des analyses de l\u2019huile d\u2019\u00e9meu en Australie et aux \u00c9tats-Unis ont confirm\u00e9 que l\u2019huile d\u2019\u00e9meu avait la capacit\u00e9 de r\u00e9duire l\u2019inflammation des articulations. Traitement: massez l\u2019huile chaude sur l\u2019articulation.  R\u00e9p\u00e9tez si n\u00e9cessaire.<\/li>\n<li>PLAIES DE LIT: Traitement: \u2013 Huile de massage ou Baume d\u2019\u00e9meu sur la zone touch\u00e9e. R\u00e9p\u00e9tez si n\u00e9cessaire.<\/li>\n<li>BR\u00dbLURES \u2013 L\u2019huile d\u2019\u00e9meu s\u2019est r\u00e9v\u00e9l\u00e9e tr\u00e8s efficace contre les br\u00fblures. Elle soulage la douleur et r\u00e9duit les cicatrices et les cloques. Traitement: huile de massage ou baume d\u2019\u00e9meu sur la zone touch\u00e9e. R\u00e9p\u00e9tez si n\u00e9cessaire.<\/li>\n<li>BLESSURES CHRONIQUES \u2013 Les contraintes musculaires, les entorses, les ligaments bless\u00e9s et m\u00eame les \u00e9perons du talon \u00e9prouv\u00e9s par les athl\u00e8tes et les autres amateurs de sport r\u00e9pondent bien au traitement \u00e0 l\u2019huile d\u2019\u00e9meu, permettant une gu\u00e9rison jusqu\u2019\u00e0 50% plus rapide. De nombreuses \u00e9quipes sportives professionnelles utilisent maintenant l\u2019huile d\u2019\u00e9meu pour des massages dans leurs salles d\u2019entra\u00eenement. Traitement: massez l\u2019huile chaude sur la zone touch\u00e9e. R\u00e9p\u00e9tez si n\u00e9cessaire.<\/li>\n<li>COUPURES, \u00c9RAFLURES ET CONTUSIONS \u2013 L\u2019huile d\u2019\u00e9meu soulage la douleur et l\u2019inflammation des coupures et des \u00e9gratignures sans piquer ni br\u00fbler, mais aide dans le processus de gu\u00e9rison.  Traitement: huile de massage ou baume d\u2019\u00e9meu sur la zone touch\u00e9e. R\u00e9p\u00e9tez si n\u00e9cessaire.<\/li>\n<li>SOIN DE LA PEAU ET DES CHEVEUX \u2013 Peut \u00eatre utilis\u00e9e sur les ongles, les cheveux et les l\u00e8vres. L\u2019huile d\u2019\u00e9meu agit comme agent fortifiant pour les cheveux secs et cassants, aide \u00e0 \u00e9liminer les pointes fourchues et redonne un \u00e9clat naturel et sain aux cheveux. Des cas de croissance de nouveaux cheveux ont m\u00eame \u00e9t\u00e9 signal\u00e9s dans certains cas. Traitement: pour la peau s\u00e8che \u2013 massez la peau de la zone touch\u00e9e. Soin des cheveux \u2013 massez l\u2019huile sur le cuir chevelu et laissez agir pendant quelques heures. Vous pouvez \u00e9galement ajouter 1\/4 de cuill\u00e8re \u00e0 th\u00e9 au shampooing utilis\u00e9 dans une portion.<\/li>\n<li>PIQ\u00dbRES D\u2019INSECTES \u2013 Apaise la douleur et l\u2019inflammation. Fait un insectifuge efficace pour les enfants et les animaux. Traitement: Appliquer de l\u2019huile ou du baume d\u2019\u00e9meu sur la zone affect\u00e9e. R\u00e9p\u00e9tez si n\u00e9cessaire.<\/li>\n<li>DOULEURS DE CROISSANCE (ENFANTS) \u2013 L\u2019\u00e9tirement des ligaments et des tendons provoque une inflammation. Traitement: massez l\u2019huile chaude sur l\u2019articulation au moment du coucher. R\u00e9p\u00e9tez si n\u00e9cessaire.<\/li>\n<li>H\u00c9MORRHO\u00cfDES \u2013 L\u2019huile d\u2019\u00e9meu soulage les d\u00e9mangeaisons et l\u2019enflure dues \u00e0 la dilatation des veines dans la r\u00e9gion rectale. Traitement: appliquer de l\u2019huile sur la zone douloureuse au besoin.<\/li>\n<li>PSORIASIS &#038; ECZEMA \u2013 L\u2019huile d\u2019\u00e9meu agit comme un baume th\u00e9rapeutique en hydratant la peau et en r\u00e9duisant les d\u00e9mangeaisons, rougeurs, ger\u00e7ures, desquamations et desquamations associ\u00e9es \u00e0 de nombreuses affections cutan\u00e9es tenaces, notamment les plaies de lit caus\u00e9es par une maladie prolong\u00e9e. Certains h\u00f4pitaux qui traitent des patients \u00e0 long terme utilisent l\u2019huile et obtiennent de bons r\u00e9sultats chez les patients souffrant de plaies de lit. Traitement: appliquer de l\u2019huile sur la zone touch\u00e9e. R\u00e9p\u00e9tez si n\u00e9cessaire.<\/li>\n<\/ul>\n<p>Comment utiliser de l\u2019huile d\u2019\u00e9meu pure? Quelques gouttes d\u2019huile d\u2019\u00e9meu suffisent pour masser la zone affect\u00e9e. La peau ne doit pas \u00eatre grasse lorsque vous avez termin\u00e9. Si c\u2019est le cas, vous en avez trop utilis\u00e9. R\u00e9p\u00e9tez si n\u00e9cessaire. Si vous souhaitez r\u00e9chauffer l\u2019huile, placez la bouteille dans l\u2019eau chaude pendant quelques minutes. Lorsque l\u2019huile s\u2019est liqu\u00e9fi\u00e9e, elle est chaude.<\/p>\n<p>&#8220;<\/p>\n","protected":false},"excerpt":{"rendered":"<p>Profitez des vertus exceptionnelles de l\u2019huile d\u2019\u00e9meu avec Emu-Magik. Parfaite pour tous types de peau, cette formule unique aide \u00e0 apaiser les inflammations, \u00e0 r\u00e9duire les rougeurs et \u00e0 acc\u00e9l\u00e9rer la cicatrisation des tissus. L&#8217;huile d&#8217;\u00e9meu est \u00e9galement c\u00e9l\u00e8bre pour ses b\u00e9n\u00e9fices anti-\u00e2ge, offrant une peau plus lisse et visiblement rajeunie. <\/p>\n","protected":false},"featured_media":5626,"comment_status":"closed","ping_status":"closed","template":"","meta":{"_acf_changed":false,"_seopress_robots_primary_cat":"none","_seopress_titles_title":"","_seopress_titles_desc":"","_seopress_robots_index":""},"product_brand":[],"product_cat":[223],"product_tag":[],"class_list":{"0":"post-4917","1":"product","2":"type-product","3":"status-publish","4":"has-post-thumbnail","6":"product_cat-produits-emeu","8":"first","9":"instock","10":"taxable","11":"shipping-taxable","12":"purchasable","13":"product-type-simple"},"acf":[],"_links":{"self":[{"href":"https:\/\/www.dusenza.com\/fr\/wp-json\/wp\/v2\/product\/4917","targetHints":{"allow":["GET"]}}],"collection":[{"href":"https:\/\/www.dusenza.com\/fr\/wp-json\/wp\/v2\/product"}],"about":[{"href":"https:\/\/www.dusenza.com\/fr\/wp-json\/wp\/v2\/types\/product"}],"replies":[{"embeddable":true,"href":"https:\/\/www.dusenza.com\/fr\/wp-json\/wp\/v2\/comments?post=4917"}],"wp:featuredmedia":[{"embeddable":true,"href":"https:\/\/www.dusenza.com\/fr\/wp-json\/wp\/v2\/media\/5626"}],"wp:attachment":[{"href":"https:\/\/www.dusenza.com\/fr\/wp-json\/wp\/v2\/media?parent=4917"}],"wp:term":[{"taxonomy":"product_brand","embeddable":true,"href":"https:\/\/www.dusenza.com\/fr\/wp-json\/wp\/v2\/product_brand?post=4917"},{"taxonomy":"product_cat","embeddable":true,"href":"https:\/\/www.dusenza.com\/fr\/wp-json\/wp\/v2\/product_cat?post=4917"},{"taxonomy":"product_tag","embeddable":true,"href":"https:\/\/www.dusenza.com\/fr\/wp-json\/wp\/v2\/product_tag?post=4917"}],"curies":[{"name":"wp","href":"https:\/\/api.w.org\/{rel}","templated":true}]}}