{"id":4907,"date":"2024-05-21T10:36:08","date_gmt":"2024-05-21T14:36:08","guid":{"rendered":"http:\/\/dusenza.com\/?post_type=product&#038;p=4907"},"modified":"2024-05-21T10:36:29","modified_gmt":"2024-05-21T14:36:29","slug":"gel-massage-neutre-sans-fragrance","status":"publish","type":"product","link":"https:\/\/www.dusenza.com\/fr\/produit\/gel-massage-neutre-sans-fragrance\/","title":{"rendered":"Gel Massage Neutre Sans fragrance"},"content":{"rendered":"<p> Ce gel non parfum\u00e9 est une base excellente pour incorporer n&#8217;importe quelle huile essentielle, offrant ainsi une exp\u00e9rience de massage sur-mesure.<\/p>\n<p>Nos m\u00e9langes de gel \u00e0 massage exclusifs sauront rencontrer vos attentes. Que ce soit pour la d\u00e9tente, mettre un peu de piquant, rel\u00e2cher vos muscles, ou un simple massage de base. Nous avons le gel \u00e0 massage qu\u2019il vous faut! Nos gels \u00e0 massage ne sont pas gras et laisse votre peau douce et soyeuse.<\/p>\n","protected":false},"excerpt":{"rendered":"<p>Le gel \u00e0 massage neutre offre une base parfaite pour ajouter vos huiles essentielles pr\u00e9f\u00e9r\u00e9es, permettant de choisir les b\u00e9n\u00e9fices th\u00e9rapeutiques et les ar\u00f4mes que vous voulez. Vous aimerez sa texture soyeuse qui assure une application douce et une absorption optimale sans laisser de r\u00e9sidus gras.<\/p>\n","protected":false},"featured_media":36683,"comment_status":"closed","ping_status":"closed","template":"","meta":{"_acf_changed":false,"_seopress_robots_primary_cat":"","_seopress_titles_title":"","_seopress_titles_desc":"","_seopress_robots_index":""},"product_brand":[],"product_cat":[193],"product_tag":[],"class_list":{"0":"post-4907","1":"product","2":"type-product","3":"status-publish","4":"has-post-thumbnail","6":"product_cat-huiles-massage","8":"first","9":"instock","10":"taxable","11":"shipping-taxable","12":"purchasable","13":"product-type-simple"},"acf":[],"_links":{"self":[{"href":"https:\/\/www.dusenza.com\/fr\/wp-json\/wp\/v2\/product\/4907","targetHints":{"allow":["GET"]}}],"collection":[{"href":"https:\/\/www.dusenza.com\/fr\/wp-json\/wp\/v2\/product"}],"about":[{"href":"https:\/\/www.dusenza.com\/fr\/wp-json\/wp\/v2\/types\/product"}],"replies":[{"embeddable":true,"href":"https:\/\/www.dusenza.com\/fr\/wp-json\/wp\/v2\/comments?post=4907"}],"wp:featuredmedia":[{"embeddable":true,"href":"https:\/\/www.dusenza.com\/fr\/wp-json\/wp\/v2\/media\/36683"}],"wp:attachment":[{"href":"https:\/\/www.dusenza.com\/fr\/wp-json\/wp\/v2\/media?parent=4907"}],"wp:term":[{"taxonomy":"product_brand","embeddable":true,"href":"https:\/\/www.dusenza.com\/fr\/wp-json\/wp\/v2\/product_brand?post=4907"},{"taxonomy":"product_cat","embeddable":true,"href":"https:\/\/www.dusenza.com\/fr\/wp-json\/wp\/v2\/product_cat?post=4907"},{"taxonomy":"product_tag","embeddable":true,"href":"https:\/\/www.dusenza.com\/fr\/wp-json\/wp\/v2\/product_tag?post=4907"}],"curies":[{"name":"wp","href":"https:\/\/api.w.org\/{rel}","templated":true}]}}