{"id":4894,"date":"2024-05-21T10:36:08","date_gmt":"2024-05-21T14:36:08","guid":{"rendered":"http:\/\/dusenza.com\/?post_type=product&#038;p=4894"},"modified":"2024-05-21T10:36:28","modified_gmt":"2024-05-21T14:36:28","slug":"diffuseur-simili-bois-large","status":"publish","type":"product","link":"https:\/\/www.dusenza.com\/fr\/produit\/diffuseur-simili-bois-large\/","title":{"rendered":"Diffuseur Simili Bois Large"},"content":{"rendered":"<p>Vivez l\u2019exp\u00e9rience spa \u00e0 la maison et profitez des bienfaits de l\u2019aromath\u00e9rapie avec ce grand diffuseur en simili bois.<\/p>\n<p>La mani\u00e8re la plus efficace de diffuser les huiles essentielles. Les huiles ne sont pas chauff\u00e9es contrairement aux diffuseurs classiques d\u2019huiles essentielles. Cette technologie ultrasonique convertit, par des vibrations \u00e0 haute fr\u00e9quence, l\u2019huile et l\u2019eau en une fine brume pour cr\u00e9er une atmosph\u00e8re naturelle de spa.<\/p>\n<p>Aucune chaleur, produits chimiques, ou pompe n\u00e9cessaires. Appareil silencieux, efficace et \u00e9conomique!<\/p>\n","protected":false},"excerpt":{"rendered":"<p>Profitez d&#8217;une atmosph\u00e8re naturelle et relaxante avec ce diffuseur en simili bois. Il s\u2019agit d\u2019un diffuseur ultrasonique qui allie esth\u00e9tique rustique et technologie moderne. Capable de diffuser une brume aromatique fine et durable, il est id\u00e9al pour les plus grandes pi\u00e8ces.<\/p>\n","protected":false},"featured_media":85082,"comment_status":"closed","ping_status":"closed","template":"","meta":{"_acf_changed":false,"_seopress_robots_primary_cat":"","_seopress_titles_title":"","_seopress_titles_desc":"","_seopress_robots_index":""},"product_brand":[],"product_cat":[195],"product_tag":[],"class_list":{"0":"post-4894","1":"product","2":"type-product","3":"status-publish","4":"has-post-thumbnail","6":"product_cat-diffuseurs","8":"first","9":"instock","10":"taxable","11":"shipping-taxable","12":"purchasable","13":"product-type-simple"},"acf":[],"_links":{"self":[{"href":"https:\/\/www.dusenza.com\/fr\/wp-json\/wp\/v2\/product\/4894","targetHints":{"allow":["GET"]}}],"collection":[{"href":"https:\/\/www.dusenza.com\/fr\/wp-json\/wp\/v2\/product"}],"about":[{"href":"https:\/\/www.dusenza.com\/fr\/wp-json\/wp\/v2\/types\/product"}],"replies":[{"embeddable":true,"href":"https:\/\/www.dusenza.com\/fr\/wp-json\/wp\/v2\/comments?post=4894"}],"wp:featuredmedia":[{"embeddable":true,"href":"https:\/\/www.dusenza.com\/fr\/wp-json\/wp\/v2\/media\/85082"}],"wp:attachment":[{"href":"https:\/\/www.dusenza.com\/fr\/wp-json\/wp\/v2\/media?parent=4894"}],"wp:term":[{"taxonomy":"product_brand","embeddable":true,"href":"https:\/\/www.dusenza.com\/fr\/wp-json\/wp\/v2\/product_brand?post=4894"},{"taxonomy":"product_cat","embeddable":true,"href":"https:\/\/www.dusenza.com\/fr\/wp-json\/wp\/v2\/product_cat?post=4894"},{"taxonomy":"product_tag","embeddable":true,"href":"https:\/\/www.dusenza.com\/fr\/wp-json\/wp\/v2\/product_tag?post=4894"}],"curies":[{"name":"wp","href":"https:\/\/api.w.org\/{rel}","templated":true}]}}