{"id":4890,"date":"2024-05-21T10:36:08","date_gmt":"2024-05-21T14:36:08","guid":{"rendered":"http:\/\/dusenza.com\/?post_type=product&#038;p=4890"},"modified":"2024-05-27T13:47:22","modified_gmt":"2024-05-27T17:47:22","slug":"diffuseur-erlenmeyer","status":"publish","type":"product","link":"https:\/\/www.dusenza.com\/fr\/produit\/diffuseur-erlenmeyer\/","title":{"rendered":"Diffuseur Erlenmeyer"},"content":{"rendered":"<p>Vivez l\u2019exp\u00e9rience spa \u00e0 la maison et profitez des bienfaits de l\u2019aromath\u00e9rapie avec le diffuseur Erlenmeyer.<\/p>\n<p>La mani\u00e8re la plus efficace de diffuser les huiles essentielles. Les huiles ne sont pas chauff\u00e9es contrairement aux diffuseurs classiques d\u2019huiles essentielles. Cette technologie ultrasonique convertit, par des vibrations \u00e0 haute fr\u00e9quence, l\u2019huile et l\u2019eau en une fine brume pour cr\u00e9er une atmosph\u00e8re naturelle de spa.<\/p>\n<p>Aucune chaleur, produits chimiques, ou pompe n\u00e9cessaires. Appareil silencieux, efficace et \u00e9conomique!<\/p>\n","protected":false},"excerpt":{"rendered":"<p>Le diffuseur Erlenmeyer propose un design unique inspir\u00e9 des laboratoires scientifiques. Profitez d&#8217;une exp\u00e9rience sensorielle exceptionnelle qui stimule les sens et am\u00e9liore votre bien-\u00eatre quotidien.<\/p>\n","protected":false},"featured_media":74139,"comment_status":"closed","ping_status":"closed","template":"","meta":{"_acf_changed":false,"_seopress_robots_primary_cat":"","_seopress_titles_title":"","_seopress_titles_desc":"","_seopress_robots_index":"","_seopress_analysis_target_kw":""},"product_brand":[],"product_cat":[195],"product_tag":[],"class_list":{"0":"post-4890","1":"product","2":"type-product","3":"status-publish","4":"has-post-thumbnail","6":"product_cat-diffuseurs","8":"first","9":"outofstock","10":"taxable","11":"shipping-taxable","12":"purchasable","13":"product-type-simple"},"acf":[],"_links":{"self":[{"href":"https:\/\/www.dusenza.com\/fr\/wp-json\/wp\/v2\/product\/4890","targetHints":{"allow":["GET"]}}],"collection":[{"href":"https:\/\/www.dusenza.com\/fr\/wp-json\/wp\/v2\/product"}],"about":[{"href":"https:\/\/www.dusenza.com\/fr\/wp-json\/wp\/v2\/types\/product"}],"replies":[{"embeddable":true,"href":"https:\/\/www.dusenza.com\/fr\/wp-json\/wp\/v2\/comments?post=4890"}],"wp:featuredmedia":[{"embeddable":true,"href":"https:\/\/www.dusenza.com\/fr\/wp-json\/wp\/v2\/media\/74139"}],"wp:attachment":[{"href":"https:\/\/www.dusenza.com\/fr\/wp-json\/wp\/v2\/media?parent=4890"}],"wp:term":[{"taxonomy":"product_brand","embeddable":true,"href":"https:\/\/www.dusenza.com\/fr\/wp-json\/wp\/v2\/product_brand?post=4890"},{"taxonomy":"product_cat","embeddable":true,"href":"https:\/\/www.dusenza.com\/fr\/wp-json\/wp\/v2\/product_cat?post=4890"},{"taxonomy":"product_tag","embeddable":true,"href":"https:\/\/www.dusenza.com\/fr\/wp-json\/wp\/v2\/product_tag?post=4890"}],"curies":[{"name":"wp","href":"https:\/\/api.w.org\/{rel}","templated":true}]}}