{"id":4886,"date":"2024-05-21T10:36:08","date_gmt":"2024-05-21T14:36:08","guid":{"rendered":"http:\/\/dusenza.com\/?post_type=product&#038;p=4886"},"modified":"2025-04-20T14:14:44","modified_gmt":"2025-04-20T18:14:44","slug":"diffuseur-sans-eau","status":"publish","type":"product","link":"https:\/\/www.dusenza.com\/fr\/produit\/diffuseur-sans-eau\/","title":{"rendered":"Diffuseur Sans Eau"},"content":{"rendered":"<p>Profitez de l\u2019exp\u00e9rience spa \u00e0 la maison et de tous les bienfaits de l\u2019aromath\u00e9rapie avec ce diffuseur sans eau.<\/p>\n<p>Le diffuseur sans eau utilise une technologie avanc\u00e9e de n\u00e9bulisation qui convertit les huiles essentielles en un brouillard microfin sans l&#8217;utilisation d&#8217;eau ou de chaleur afin de pr\u00e9server leurs propri\u00e9t\u00e9s th\u00e9rapeutiques. Simple d&#8217;utilisation, il suffit d&#8217;ajouter quelques gouttes de votre huile pr\u00e9f\u00e9r\u00e9e directement dans l&#8217;appareil.<\/p>\n<p>Aucune chaleur, produit chimique, ou pompe n\u00e9cessaires. Appareil silencieux, efficace et \u00e9conomique!<\/p>\n","protected":false},"excerpt":{"rendered":"<p>Le diffuseur sans eau est con\u00e7u pour lib\u00e9rer les essences pures des huiles essentielles sans dilution ni chaleur. Ce diffuseur \u00e9l\u00e9gant et efficace transforme n&#8217;importe quel espace en une oasis de tranquillit\u00e9 en diffusant un ar\u00f4me intense et inalt\u00e9r\u00e9 qui revitalise l&#8217;air ambiant et \u00e9l\u00e8ve l&#8217;esprit.<\/p>\n","protected":false},"featured_media":71730,"comment_status":"closed","ping_status":"closed","template":"","meta":{"_acf_changed":false,"_seopress_robots_primary_cat":"none","_seopress_titles_title":"","_seopress_titles_desc":"","_seopress_robots_index":""},"product_brand":[],"product_cat":[195],"product_tag":[],"class_list":{"0":"post-4886","1":"product","2":"type-product","3":"status-publish","4":"has-post-thumbnail","6":"product_cat-diffuseurs","8":"first","9":"instock","10":"taxable","11":"shipping-taxable","12":"purchasable","13":"product-type-variable","14":"has-default-attributes"},"acf":[],"_links":{"self":[{"href":"https:\/\/www.dusenza.com\/fr\/wp-json\/wp\/v2\/product\/4886","targetHints":{"allow":["GET"]}}],"collection":[{"href":"https:\/\/www.dusenza.com\/fr\/wp-json\/wp\/v2\/product"}],"about":[{"href":"https:\/\/www.dusenza.com\/fr\/wp-json\/wp\/v2\/types\/product"}],"replies":[{"embeddable":true,"href":"https:\/\/www.dusenza.com\/fr\/wp-json\/wp\/v2\/comments?post=4886"}],"wp:featuredmedia":[{"embeddable":true,"href":"https:\/\/www.dusenza.com\/fr\/wp-json\/wp\/v2\/media\/71730"}],"wp:attachment":[{"href":"https:\/\/www.dusenza.com\/fr\/wp-json\/wp\/v2\/media?parent=4886"}],"wp:term":[{"taxonomy":"product_brand","embeddable":true,"href":"https:\/\/www.dusenza.com\/fr\/wp-json\/wp\/v2\/product_brand?post=4886"},{"taxonomy":"product_cat","embeddable":true,"href":"https:\/\/www.dusenza.com\/fr\/wp-json\/wp\/v2\/product_cat?post=4886"},{"taxonomy":"product_tag","embeddable":true,"href":"https:\/\/www.dusenza.com\/fr\/wp-json\/wp\/v2\/product_tag?post=4886"}],"curies":[{"name":"wp","href":"https:\/\/api.w.org\/{rel}","templated":true}]}}