{"id":4882,"date":"2024-05-21T10:36:08","date_gmt":"2024-05-21T14:36:08","guid":{"rendered":"http:\/\/dusenza.com\/?post_type=product&#038;p=4882"},"modified":"2025-10-19T20:11:24","modified_gmt":"2025-10-20T00:11:24","slug":"diffuseur-auto","status":"publish","type":"product","link":"https:\/\/www.dusenza.com\/fr\/produit\/diffuseur-auto\/","title":{"rendered":"Diffuseur Auto"},"content":{"rendered":"<p>Vivez l&#8217;exp\u00e9rience spa dans la voiture, le VR, le bureau et bien plus avec le diffuseur auto et son format compact et pratique! Vous n&#8217;avez qu&#8217;\u00e0 y mettre votre fragrance ou huile pr\u00e9f\u00e9r\u00e9e et le bouchon de bois agira comme un diffuseur naturel. C&#8217;est simple, pratique et \u00e9cologique!<\/p>\n<p>&gt;<\/p>\n","protected":false},"excerpt":{"rendered":"<p>Transformez votre voiture, bureau ou VR en un sanctuaire de d\u00e9tente avec notre Diffuseur Auto. Facile \u00e0 utiliser et extr\u00eamement pratique, il est l&#8217;accessoire parfait pour ceux qui cherchent \u00e0 enrichir leur environnement quotidien avec les avantages de l&#8217;aromath\u00e9rapie.<\/p>\n","protected":false},"featured_media":71734,"comment_status":"closed","ping_status":"closed","template":"","meta":{"_acf_changed":false,"_seopress_robots_primary_cat":"none","_seopress_titles_title":"","_seopress_titles_desc":"","_seopress_robots_index":""},"product_brand":[],"product_cat":[195],"product_tag":[],"class_list":{"0":"post-4882","1":"product","2":"type-product","3":"status-publish","4":"has-post-thumbnail","6":"product_cat-diffuseurs","8":"first","9":"instock","10":"taxable","11":"shipping-taxable","12":"purchasable","13":"product-type-simple"},"acf":[],"_links":{"self":[{"href":"https:\/\/www.dusenza.com\/fr\/wp-json\/wp\/v2\/product\/4882","targetHints":{"allow":["GET"]}}],"collection":[{"href":"https:\/\/www.dusenza.com\/fr\/wp-json\/wp\/v2\/product"}],"about":[{"href":"https:\/\/www.dusenza.com\/fr\/wp-json\/wp\/v2\/types\/product"}],"replies":[{"embeddable":true,"href":"https:\/\/www.dusenza.com\/fr\/wp-json\/wp\/v2\/comments?post=4882"}],"wp:featuredmedia":[{"embeddable":true,"href":"https:\/\/www.dusenza.com\/fr\/wp-json\/wp\/v2\/media\/71734"}],"wp:attachment":[{"href":"https:\/\/www.dusenza.com\/fr\/wp-json\/wp\/v2\/media?parent=4882"}],"wp:term":[{"taxonomy":"product_brand","embeddable":true,"href":"https:\/\/www.dusenza.com\/fr\/wp-json\/wp\/v2\/product_brand?post=4882"},{"taxonomy":"product_cat","embeddable":true,"href":"https:\/\/www.dusenza.com\/fr\/wp-json\/wp\/v2\/product_cat?post=4882"},{"taxonomy":"product_tag","embeddable":true,"href":"https:\/\/www.dusenza.com\/fr\/wp-json\/wp\/v2\/product_tag?post=4882"}],"curies":[{"name":"wp","href":"https:\/\/api.w.org\/{rel}","templated":true}]}}