{"id":4823,"date":"2024-05-21T08:40:30","date_gmt":"2024-05-21T12:40:30","guid":{"rendered":"http:\/\/dusenza.com\/produit\/shea-butter-and-propolis-lip-balm\/"},"modified":"2025-10-27T12:48:02","modified_gmt":"2025-10-27T16:48:02","slug":"shea-butter-and-propolis-lip-balm","status":"publish","type":"product","link":"https:\/\/www.dusenza.com\/fr\/produit\/shea-butter-and-propolis-lip-balm\/","title":{"rendered":"Baume \u00e0 l\u00e8vres beurre de karit\u00e9 et propolis"},"content":{"rendered":"<p>Ce baume \u00e0 l\u00e8vres combine les propri\u00e9t\u00e9s nourrissantes du beurre de karit\u00e9 avec les vertus cicatrisantes de la propolis. Utilisez-le quotidiennement pour nourrir et r\u00e9parer vos l\u00e8vres.<\/p>\n<p>100% naturel, ne contient pas de fragrance, paraben ou d\u2019ingr\u00e9dients d\u00e9shydratants.<\/p>\n<p>Conseils d\u2019utilisation : Appliquez ce baume g\u00e9n\u00e9reusement sur vos l\u00e8vres tout au long de la journ\u00e9e pour combattre la s\u00e9cheresse et les ger\u00e7ures. Il est particuli\u00e8rement efficace en p\u00e9riodes de froid ou de vent fort, et son utilisation r\u00e9guli\u00e8re contribuera \u00e0 maintenir vos l\u00e8vres douces, lisses et hydrat\u00e9es.<\/p>\n","protected":false},"excerpt":{"rendered":"<p>Fabriqu\u00e9 uniquement avec des ingr\u00e9dients naturels, le baume \u00e0 l\u00e8vres au beurre de karit\u00e9 et propolis d\u2019abeille est le soin ultime pour vos l\u00e8vres. Le beurre de karit\u00e9 offre une hydratation intense alors que la propolis aide \u00e0 la cicatrisation. R\u00e9sultats? Des l\u00e8vres douces et lisses.<\/p>\n","protected":false},"featured_media":5878,"comment_status":"closed","ping_status":"closed","template":"","meta":{"_acf_changed":false,"_seopress_robots_primary_cat":"","_seopress_titles_title":"","_seopress_titles_desc":"","_seopress_robots_index":""},"product_brand":[],"product_cat":[203,194],"product_tag":[],"class_list":{"0":"post-4823","1":"product","2":"type-product","3":"status-publish","4":"has-post-thumbnail","6":"product_cat-baume-a-levres","7":"product_cat-soins-du-corps","9":"first","10":"instock","11":"taxable","12":"shipping-taxable","13":"purchasable","14":"product-type-simple"},"acf":[],"_links":{"self":[{"href":"https:\/\/www.dusenza.com\/fr\/wp-json\/wp\/v2\/product\/4823","targetHints":{"allow":["GET"]}}],"collection":[{"href":"https:\/\/www.dusenza.com\/fr\/wp-json\/wp\/v2\/product"}],"about":[{"href":"https:\/\/www.dusenza.com\/fr\/wp-json\/wp\/v2\/types\/product"}],"replies":[{"embeddable":true,"href":"https:\/\/www.dusenza.com\/fr\/wp-json\/wp\/v2\/comments?post=4823"}],"wp:featuredmedia":[{"embeddable":true,"href":"https:\/\/www.dusenza.com\/fr\/wp-json\/wp\/v2\/media\/5878"}],"wp:attachment":[{"href":"https:\/\/www.dusenza.com\/fr\/wp-json\/wp\/v2\/media?parent=4823"}],"wp:term":[{"taxonomy":"product_brand","embeddable":true,"href":"https:\/\/www.dusenza.com\/fr\/wp-json\/wp\/v2\/product_brand?post=4823"},{"taxonomy":"product_cat","embeddable":true,"href":"https:\/\/www.dusenza.com\/fr\/wp-json\/wp\/v2\/product_cat?post=4823"},{"taxonomy":"product_tag","embeddable":true,"href":"https:\/\/www.dusenza.com\/fr\/wp-json\/wp\/v2\/product_tag?post=4823"}],"curies":[{"name":"wp","href":"https:\/\/api.w.org\/{rel}","templated":true}]}}