{"id":4679,"date":"2024-05-21T10:36:09","date_gmt":"2024-05-21T14:36:09","guid":{"rendered":"http:\/\/dusenza.com\/?post_type=product&#038;p=4679"},"modified":"2024-05-21T10:36:30","modified_gmt":"2024-05-21T14:36:30","slug":"huile-essentielle-sapin-sublime-essence","status":"publish","type":"product","link":"https:\/\/www.dusenza.com\/fr\/produit\/huile-essentielle-sapin-sublime-essence\/","title":{"rendered":"Huile essentielle Sapin &#8211; Sublime Essence"},"content":{"rendered":"<p> L&#8217;huile essentielle de Sapin est r\u00e9put\u00e9e pour son action antiseptique, aidant \u00e0 d\u00e9congestionner et purifier l&#8217;air. En diffusion, elle aide \u00e0 lib\u00e9rer les voies respiratoires et \u00e0 purifier l&#8217;atmosph\u00e8re, rendant la respiration plus facile et plus claire, particuli\u00e8rement pendant les saisons froides. Diluez-la avec une huile v\u00e9g\u00e9tale et massez les zones douloureuses pour soulager les douleurs articulaires, les rhumatismes ou les crampes musculaires.<\/p>\n<p>Les huiles essentielles sont des extraits de plantes obtenues par distillation (\u00e9corce, feuilles ou fleurs). Les principes actifs des plantes sont extr\u00eamement concentr\u00e9s. Par cons\u00e9quent, vous devez toujours diluer les huiles essentielles avant de les utiliser directement sur la peau.<\/p>\n<p>Pr\u00e9cautions:<\/p>\n<ul>\n<li>Ne jamais appliquer les huiles essentielles sur les membranes muqueuses ou autour des yeux.<\/li>\n<li>Si vous souhaitez utiliser des huiles essentielles pour vous traiter vous-m\u00eame, d&#8217;abord parler \u00e0 un m\u00e9decin, un aromath\u00e9rapeute ou un herboriste.<\/li>\n<li>Ne jamais utiliser les huiles essentielles par voie orale sans l&#8217;avis d&#8217;un aromath\u00e9rapeute qualifi\u00e9.<\/li>\n<li>Gardez les huiles essentielles hors de la port\u00e9e des enfants; certains sont un poison mortel en cas d&#8217;ingestion.<\/li>\n<li>En cas d&#8217;ingestion accidentelle, prendre 1 \u00e0 10 cuill\u00e8res \u00e0 th\u00e9 d&#8217;huile v\u00e9g\u00e9tale. Consulter un m\u00e9decin ou contacter un centre anti-poison.<\/li>\n<li>\u00c9viter tout contact avec les yeux, les oreilles. En cas de contact accidentel dans les yeux ou sur la peau, rincer la partie affect\u00e9e avec de l&#8217;huile v\u00e9g\u00e9tale.<\/li>\n<\/ul>\n","protected":false},"excerpt":{"rendered":"<p>Retrouvez votre vitalit\u00e9 avec l&#8217;huile essentielle de Sapin. Ce puissant antiseptique nettoie l&#8217;air et soulage efficacement les sympt\u00f4mes de rhume, de toux, et d&#8217;asthme tout en offrant un soulagement des crampes et des douleurs articulaires.<\/p>\n","protected":false},"featured_media":4534,"comment_status":"closed","ping_status":"closed","template":"","meta":{"_acf_changed":false,"_seopress_robots_primary_cat":"","_seopress_titles_title":"","_seopress_titles_desc":"","_seopress_robots_index":""},"product_brand":[],"product_cat":[197],"product_tag":[],"class_list":{"0":"post-4679","1":"product","2":"type-product","3":"status-publish","4":"has-post-thumbnail","6":"product_cat-huiles-essentielles","8":"first","9":"instock","10":"taxable","11":"shipping-taxable","12":"purchasable","13":"product-type-simple"},"acf":[],"_links":{"self":[{"href":"https:\/\/www.dusenza.com\/fr\/wp-json\/wp\/v2\/product\/4679","targetHints":{"allow":["GET"]}}],"collection":[{"href":"https:\/\/www.dusenza.com\/fr\/wp-json\/wp\/v2\/product"}],"about":[{"href":"https:\/\/www.dusenza.com\/fr\/wp-json\/wp\/v2\/types\/product"}],"replies":[{"embeddable":true,"href":"https:\/\/www.dusenza.com\/fr\/wp-json\/wp\/v2\/comments?post=4679"}],"wp:featuredmedia":[{"embeddable":true,"href":"https:\/\/www.dusenza.com\/fr\/wp-json\/wp\/v2\/media\/4534"}],"wp:attachment":[{"href":"https:\/\/www.dusenza.com\/fr\/wp-json\/wp\/v2\/media?parent=4679"}],"wp:term":[{"taxonomy":"product_brand","embeddable":true,"href":"https:\/\/www.dusenza.com\/fr\/wp-json\/wp\/v2\/product_brand?post=4679"},{"taxonomy":"product_cat","embeddable":true,"href":"https:\/\/www.dusenza.com\/fr\/wp-json\/wp\/v2\/product_cat?post=4679"},{"taxonomy":"product_tag","embeddable":true,"href":"https:\/\/www.dusenza.com\/fr\/wp-json\/wp\/v2\/product_tag?post=4679"}],"curies":[{"name":"wp","href":"https:\/\/api.w.org\/{rel}","templated":true}]}}