{"id":4663,"date":"2024-05-21T10:36:09","date_gmt":"2024-05-21T14:36:09","guid":{"rendered":"http:\/\/dusenza.com\/?post_type=product&#038;p=4663"},"modified":"2024-05-21T10:36:31","modified_gmt":"2024-05-21T14:36:31","slug":"huile-essentielle-oliban-sublime-essence","status":"publish","type":"product","link":"https:\/\/www.dusenza.com\/fr\/produit\/huile-essentielle-oliban-sublime-essence\/","title":{"rendered":"Huile essentielle Oliban &#8211; Sublime Essence"},"content":{"rendered":"<p> L&#8217;huile essentielle d&#8217;Oliban, extraite de la r\u00e9sine de l&#8217;arbre Boswellia, est renomm\u00e9e pour ses propri\u00e9t\u00e9s curatives et apaisantes sur le plan \u00e9motionnel et physique. Pour un effet calmant, diffusez quelques gouttes d&#8217;huile essentielle d&#8217;Oliban dans votre espace de vie. M\u00e9langez une petite quantit\u00e9 d\u2019huile avec une huile v\u00e9g\u00e9tale et appliquez sur les zones de la peau irrit\u00e9es ou sur les petites plaies pour acc\u00e9l\u00e9rer la cicatrisation. En cas de congestion ou d&#8217;infections respiratoires, ajoutez quelques gouttes \u00e0 un bol d&#8217;eau chaude pour inhalation, ou utilisez-la en massage sur la poitrine et le dos pour aider \u00e0 d\u00e9gager les voies respiratoires et stimuler l&#8217;immunit\u00e9.<\/p>\n<p>Les huiles essentielles sont des extraits de plantes obtenues par distillation (\u00e9corce, feuilles ou fleurs). Les principes actifs des plantes sont extr\u00eamement concentr\u00e9s. Par cons\u00e9quent, vous devez toujours diluer les huiles essentielles avant de les utiliser directement sur la peau.<\/p>\n<p>Pr\u00e9cautions:<\/p>\n<ul>\n<li>Ne jamais appliquer les huiles essentielles sur les membranes muqueuses ou autour des yeux.<\/li>\n<li>Si vous souhaitez utiliser des huiles essentielles pour vous traiter vous-m\u00eame, d&#8217;abord parler \u00e0 un m\u00e9decin, un aromath\u00e9rapeute ou un herboriste.<\/li>\n<li>Ne jamais utiliser les huiles essentielles par voie orale sans l&#8217;avis d&#8217;un aromath\u00e9rapeute qualifi\u00e9.<\/li>\n<li>Gardez les huiles essentielles hors de la port\u00e9e des enfants; certains sont un poison mortel en cas d&#8217;ingestion.<\/li>\n<li>En cas d&#8217;ingestion accidentelle, prendre 1 \u00e0 10 cuill\u00e8res \u00e0 th\u00e9 d&#8217;huile v\u00e9g\u00e9tale. Consulter un m\u00e9decin ou contacter un centre anti-poison.<\/li>\n<li>\u00c9viter tout contact avec les yeux, les oreilles. En cas de contact accidentel dans les yeux ou sur la peau, rincer la partie affect\u00e9e avec de l&#8217;huile v\u00e9g\u00e9tale.<\/li>\n<\/ul>\n","protected":false},"excerpt":{"rendered":"<p>L\u2019huile essentielle d\u2019Oliban (encens) offre de nombreux avantages pour le corps et l\u2019esprit. Elle favorise un \u00e9tat de bien-\u00eatre en combattant le stress et en stimulant la cr\u00e9ativit\u00e9. Sur le plan physique, elle offre des propri\u00e9t\u00e9s anti-inflammatoires qui soulagent les irritations cutan\u00e9es et acc\u00e9l\u00e8rent la cicatrisation des peaux ab\u00eem\u00e9es.<\/p>\n","protected":false},"featured_media":4510,"comment_status":"closed","ping_status":"closed","template":"","meta":{"_acf_changed":false,"_seopress_robots_primary_cat":"","_seopress_titles_title":"","_seopress_titles_desc":"","_seopress_robots_index":""},"product_brand":[],"product_cat":[197],"product_tag":[],"class_list":{"0":"post-4663","1":"product","2":"type-product","3":"status-publish","4":"has-post-thumbnail","6":"product_cat-huiles-essentielles","8":"first","9":"instock","10":"taxable","11":"shipping-taxable","12":"purchasable","13":"product-type-simple"},"acf":[],"_links":{"self":[{"href":"https:\/\/www.dusenza.com\/fr\/wp-json\/wp\/v2\/product\/4663","targetHints":{"allow":["GET"]}}],"collection":[{"href":"https:\/\/www.dusenza.com\/fr\/wp-json\/wp\/v2\/product"}],"about":[{"href":"https:\/\/www.dusenza.com\/fr\/wp-json\/wp\/v2\/types\/product"}],"replies":[{"embeddable":true,"href":"https:\/\/www.dusenza.com\/fr\/wp-json\/wp\/v2\/comments?post=4663"}],"wp:featuredmedia":[{"embeddable":true,"href":"https:\/\/www.dusenza.com\/fr\/wp-json\/wp\/v2\/media\/4510"}],"wp:attachment":[{"href":"https:\/\/www.dusenza.com\/fr\/wp-json\/wp\/v2\/media?parent=4663"}],"wp:term":[{"taxonomy":"product_brand","embeddable":true,"href":"https:\/\/www.dusenza.com\/fr\/wp-json\/wp\/v2\/product_brand?post=4663"},{"taxonomy":"product_cat","embeddable":true,"href":"https:\/\/www.dusenza.com\/fr\/wp-json\/wp\/v2\/product_cat?post=4663"},{"taxonomy":"product_tag","embeddable":true,"href":"https:\/\/www.dusenza.com\/fr\/wp-json\/wp\/v2\/product_tag?post=4663"}],"curies":[{"name":"wp","href":"https:\/\/api.w.org\/{rel}","templated":true}]}}