{"id":4646,"date":"2024-05-21T10:36:10","date_gmt":"2024-05-21T14:36:10","guid":{"rendered":"http:\/\/dusenza.com\/?post_type=product&#038;p=4646"},"modified":"2024-05-21T10:36:30","modified_gmt":"2024-05-21T14:36:30","slug":"huile-essentielle-citronnelle-sublime-essence","status":"publish","type":"product","link":"https:\/\/www.dusenza.com\/fr\/produit\/huile-essentielle-citronnelle-sublime-essence\/","title":{"rendered":"Huile essentielle Citronnelle &#8211; Sublime Essence"},"content":{"rendered":"<p> L\u2019huile essentielle de citronnelle joue un r\u00f4le de r\u00e9pulsif naturel contre les insectes. Elle peut \u00e9galement \u00eatre m\u00e9lang\u00e9e \u00e0 vos cr\u00e8mes ou huiles pour une utilisation topique. <\/p>\n<p>Les huiles essentielles sont des extraits de plantes obtenues par distillation (\u00e9corce, feuilles ou fleurs). Les principes actifs des plantes sont extr\u00eamement concentr\u00e9s. Par cons\u00e9quent, vous devez toujours diluer les huiles essentielles avant de les utiliser directement sur la peau.<\/p>\n<p>Pr\u00e9cautions:<\/p>\n<ul>\n<li>Ne jamais appliquer les huiles essentielles sur les membranes muqueuses ou autour des yeux.<\/li>\n<li>Si vous souhaitez utiliser des huiles essentielles pour vous traiter vous-m\u00eame, d&#8217;abord parler \u00e0 un m\u00e9decin, un aromath\u00e9rapeute ou un herboriste.<\/li>\n<li>Ne jamais utiliser les huiles essentielles par voie orale sans l&#8217;avis d&#8217;un aromath\u00e9rapeute qualifi\u00e9.<\/li>\n<li>Gardez les huiles essentielles hors de la port\u00e9e des enfants; certains sont un poison mortel en cas d&#8217;ingestion.<\/li>\n<li>En cas d&#8217;ingestion accidentelle, prendre 1 \u00e0 10 cuill\u00e8res \u00e0 th\u00e9 d&#8217;huile v\u00e9g\u00e9tale.  Consulter un m\u00e9decin ou contacter un centre anti-poison.<\/li>\n<li>\u00c9viter tout contact avec les yeux, les oreilles.  En cas de contact accidentel dans les yeux ou sur la peau, rincer la partie affect\u00e9e avec de l&#8217;huile v\u00e9g\u00e9tale.<\/li>\n<\/ul>\n","protected":false},"excerpt":{"rendered":"<p>L\u2019huile essentielle de Citronnelle poss\u00e8de des vertus antifongiques et anti-inflammatoires. Utilisez-la comme r\u00e9pulsif contre les insectes ou encore pour apaiser les d\u00e9mangeaisons dues \u00e0 des piq\u00fbres.<\/p>\n","protected":false},"featured_media":4487,"comment_status":"closed","ping_status":"closed","template":"","meta":{"_acf_changed":false,"_seopress_robots_primary_cat":"","_seopress_titles_title":"","_seopress_titles_desc":"","_seopress_robots_index":""},"product_brand":[],"product_cat":[197],"product_tag":[],"class_list":{"0":"post-4646","1":"product","2":"type-product","3":"status-publish","4":"has-post-thumbnail","6":"product_cat-huiles-essentielles","8":"first","9":"instock","10":"taxable","11":"shipping-taxable","12":"purchasable","13":"product-type-simple"},"acf":[],"_links":{"self":[{"href":"https:\/\/www.dusenza.com\/fr\/wp-json\/wp\/v2\/product\/4646","targetHints":{"allow":["GET"]}}],"collection":[{"href":"https:\/\/www.dusenza.com\/fr\/wp-json\/wp\/v2\/product"}],"about":[{"href":"https:\/\/www.dusenza.com\/fr\/wp-json\/wp\/v2\/types\/product"}],"replies":[{"embeddable":true,"href":"https:\/\/www.dusenza.com\/fr\/wp-json\/wp\/v2\/comments?post=4646"}],"wp:featuredmedia":[{"embeddable":true,"href":"https:\/\/www.dusenza.com\/fr\/wp-json\/wp\/v2\/media\/4487"}],"wp:attachment":[{"href":"https:\/\/www.dusenza.com\/fr\/wp-json\/wp\/v2\/media?parent=4646"}],"wp:term":[{"taxonomy":"product_brand","embeddable":true,"href":"https:\/\/www.dusenza.com\/fr\/wp-json\/wp\/v2\/product_brand?post=4646"},{"taxonomy":"product_cat","embeddable":true,"href":"https:\/\/www.dusenza.com\/fr\/wp-json\/wp\/v2\/product_cat?post=4646"},{"taxonomy":"product_tag","embeddable":true,"href":"https:\/\/www.dusenza.com\/fr\/wp-json\/wp\/v2\/product_tag?post=4646"}],"curies":[{"name":"wp","href":"https:\/\/api.w.org\/{rel}","templated":true}]}}