{"id":4642,"date":"2024-05-21T10:36:10","date_gmt":"2024-05-21T14:36:10","guid":{"rendered":"http:\/\/dusenza.com\/?post_type=product&#038;p=4642"},"modified":"2024-05-21T10:36:30","modified_gmt":"2024-05-21T14:36:30","slug":"huile-essentielle-cedre-de-lhimalaya-sublime-essence","status":"publish","type":"product","link":"https:\/\/www.dusenza.com\/fr\/produit\/huile-essentielle-cedre-de-lhimalaya-sublime-essence\/","title":{"rendered":"Huile essentielle C\u00e8dre de L&#8217;Himalaya &#8211; Sublime Essence"},"content":{"rendered":"<p> L&#8217;Huile Essentielle de C\u00e8dre de l&#8217;Himalaya est extraite du bois de Cedrus deodara. Ce tr\u00e9sor de la nature est dot\u00e9 de multiples bienfaits pour la sant\u00e9 et le bien-\u00eatre. Cette huile agit efficacement comme agent drainant lymphatique et lipolytique, en plus de poss\u00e9der des propri\u00e9t\u00e9s antifongiques et s\u00e9datives. Id\u00e9ale pour purifier l&#8217;air et revitaliser le corps, le c\u00e8dre de l\u2019Himalaya enrichira votre environnement de sa pr\u00e9sence r\u00e9confortante et apaisante.<\/p>\n<p>Les huiles essentielles sont des extraits de plantes obtenues par distillation (\u00e9corce, feuilles ou fleurs). Les principes actifs des plantes sont extr\u00eamement concentr\u00e9s. Par cons\u00e9quent, vous devez toujours diluer les huiles essentielles avant de les utiliser directement sur la peau.<\/p>\n<p>Pr\u00e9cautions:<\/p>\n<ul>\n<li>Ne jamais appliquer les huiles essentielles sur les membranes muqueuses ou autour des yeux.<\/li>\n<li>Si vous souhaitez utiliser des huiles essentielles pour vous traiter vous-m\u00eame, d&#8217;abord parler \u00e0 un m\u00e9decin, un aromath\u00e9rapeute ou un herboriste.<\/li>\n<li>Ne jamais utiliser les huiles essentielles par voie orale sans l&#8217;avis d&#8217;un aromath\u00e9rapeute qualifi\u00e9.<\/li>\n<li>Gardez les huiles essentielles hors de la port\u00e9e des enfants; certains sont un poison mortel en cas d&#8217;ingestion.<\/li>\n<li>En cas d&#8217;ingestion accidentelle, prendre 1 \u00e0 10 cuill\u00e8res \u00e0 th\u00e9 d&#8217;huile v\u00e9g\u00e9tale.  Consulter un m\u00e9decin ou contacter un centre anti-poison.<\/li>\n<li>\u00c9viter tout contact avec les yeux, les oreilles.  En cas de contact accidentel dans les yeux ou sur la peau, rincer la partie affect\u00e9e avec de l&#8217;huile v\u00e9g\u00e9tale.<\/li>\n<\/ul>\n<p>L\u2019huile essentielle de C\u00e8dre de l\u2019Himalaya stimule la circulation, combat la cellulite, et offre un parfum bois\u00e9 qui apaise l&#8217;esprit et \u00e9loigne les insectes. En diffusion, elle purifie l\u2019air et favorise la relaxation.<\/p>\n","protected":false},"excerpt":{"rendered":"<p>L\u2019huile essentielle de C\u00e8dre de l\u2019Himalaya stimule la circulation, combat la cellulite, et offre un parfum bois\u00e9 qui apaise l&#8217;esprit et \u00e9loigne les insectes. En diffusion, elle purifie l\u2019air et favorise la relaxation.<\/p>\n","protected":false},"featured_media":4481,"comment_status":"closed","ping_status":"closed","template":"","meta":{"_acf_changed":false,"_seopress_robots_primary_cat":"","_seopress_titles_title":"","_seopress_titles_desc":"","_seopress_robots_index":""},"product_brand":[],"product_cat":[197],"product_tag":[],"class_list":{"0":"post-4642","1":"product","2":"type-product","3":"status-publish","4":"has-post-thumbnail","6":"product_cat-huiles-essentielles","8":"first","9":"instock","10":"taxable","11":"shipping-taxable","12":"purchasable","13":"product-type-simple"},"acf":[],"_links":{"self":[{"href":"https:\/\/www.dusenza.com\/fr\/wp-json\/wp\/v2\/product\/4642","targetHints":{"allow":["GET"]}}],"collection":[{"href":"https:\/\/www.dusenza.com\/fr\/wp-json\/wp\/v2\/product"}],"about":[{"href":"https:\/\/www.dusenza.com\/fr\/wp-json\/wp\/v2\/types\/product"}],"replies":[{"embeddable":true,"href":"https:\/\/www.dusenza.com\/fr\/wp-json\/wp\/v2\/comments?post=4642"}],"wp:featuredmedia":[{"embeddable":true,"href":"https:\/\/www.dusenza.com\/fr\/wp-json\/wp\/v2\/media\/4481"}],"wp:attachment":[{"href":"https:\/\/www.dusenza.com\/fr\/wp-json\/wp\/v2\/media?parent=4642"}],"wp:term":[{"taxonomy":"product_brand","embeddable":true,"href":"https:\/\/www.dusenza.com\/fr\/wp-json\/wp\/v2\/product_brand?post=4642"},{"taxonomy":"product_cat","embeddable":true,"href":"https:\/\/www.dusenza.com\/fr\/wp-json\/wp\/v2\/product_cat?post=4642"},{"taxonomy":"product_tag","embeddable":true,"href":"https:\/\/www.dusenza.com\/fr\/wp-json\/wp\/v2\/product_tag?post=4642"}],"curies":[{"name":"wp","href":"https:\/\/api.w.org\/{rel}","templated":true}]}}