{"id":4403,"date":"2024-05-21T10:36:11","date_gmt":"2024-05-21T14:36:11","guid":{"rendered":"http:\/\/dusenza.com\/?post_type=product&#038;p=4403"},"modified":"2024-05-23T16:06:01","modified_gmt":"2024-05-23T20:06:01","slug":"fragrance-menthe-verte-huile-parfumee-pour-diffuseurs","status":"publish","type":"product","link":"https:\/\/www.dusenza.com\/fr\/produit\/fragrance-menthe-verte-huile-parfumee-pour-diffuseurs\/","title":{"rendered":"Fragrance Menthe Verte &#8211; Huile parfum\u00e9e pour diffuseurs"},"content":{"rendered":"<p>D\u00e9couvrez la fra\u00eecheur revigorante de notre huile parfum\u00e9e \u00e0 la Menthe Verte. Une v\u00e9ritable bouff\u00e9e d&#8217;air frais qui stimule les sens et purifie vos espace. <\/p>\n<p>Nos huiles parfum\u00e9es sont id\u00e9ales pour les diffuseurs \u00e0 ultrasons. Seules quelques gouttes dans le r\u00e9servoir d&#8217;eau diffuseront efficacement. Elles sont sp\u00e9cifiquement formul\u00e9es pour les formulations de soins de la peau et des cheveux, et beaucoup conviennent aux savons et aux bougies. Les parfums sont extr\u00eamement riches, complexes et durables. Les huiles parfum\u00e9es sont synth\u00e9tis\u00e9es et ne doivent pas \u00eatre confondues avec les huiles essentielles 100% naturelles utilis\u00e9es en aromath\u00e9rapie.<\/p>\n<p>Veuillez noter que toutes nos huiles de parfum sont sans paraben.<\/p>\n","protected":false},"excerpt":{"rendered":"<p>Envie d\u2019un souffle de fra\u00eecheur? Avec son ar\u00f4me \u00e0 la fois vif et rafra\u00eechissant, notre huile parfum\u00e9e \u00e0 la menthe verte est la fragrance de choix pour retrouver la clart\u00e9 d\u2019esprit. Diffusez-la pour cr\u00e9er une ambiance vivifiante.<\/p>\n","protected":false},"featured_media":4404,"comment_status":"closed","ping_status":"closed","template":"","meta":{"_acf_changed":false,"_seopress_robots_primary_cat":"","_seopress_titles_title":"","_seopress_titles_desc":"","_seopress_robots_index":""},"product_brand":[],"product_cat":[225],"product_tag":[],"class_list":{"0":"post-4403","1":"product","2":"type-product","3":"status-publish","4":"has-post-thumbnail","6":"product_cat-huiles-fragrances","8":"first","9":"instock","10":"taxable","11":"shipping-taxable","12":"purchasable","13":"product-type-simple"},"acf":[],"_links":{"self":[{"href":"https:\/\/www.dusenza.com\/fr\/wp-json\/wp\/v2\/product\/4403","targetHints":{"allow":["GET"]}}],"collection":[{"href":"https:\/\/www.dusenza.com\/fr\/wp-json\/wp\/v2\/product"}],"about":[{"href":"https:\/\/www.dusenza.com\/fr\/wp-json\/wp\/v2\/types\/product"}],"replies":[{"embeddable":true,"href":"https:\/\/www.dusenza.com\/fr\/wp-json\/wp\/v2\/comments?post=4403"}],"wp:featuredmedia":[{"embeddable":true,"href":"https:\/\/www.dusenza.com\/fr\/wp-json\/wp\/v2\/media\/4404"}],"wp:attachment":[{"href":"https:\/\/www.dusenza.com\/fr\/wp-json\/wp\/v2\/media?parent=4403"}],"wp:term":[{"taxonomy":"product_brand","embeddable":true,"href":"https:\/\/www.dusenza.com\/fr\/wp-json\/wp\/v2\/product_brand?post=4403"},{"taxonomy":"product_cat","embeddable":true,"href":"https:\/\/www.dusenza.com\/fr\/wp-json\/wp\/v2\/product_cat?post=4403"},{"taxonomy":"product_tag","embeddable":true,"href":"https:\/\/www.dusenza.com\/fr\/wp-json\/wp\/v2\/product_tag?post=4403"}],"curies":[{"name":"wp","href":"https:\/\/api.w.org\/{rel}","templated":true}]}}