{"id":34463,"date":"2025-02-12T15:11:32","date_gmt":"2025-02-12T20:11:32","guid":{"rendered":"http:\/\/dusenza.com\/product\/fragrance-coton-frais-huile-parfumee-pour-diffuseurs\/"},"modified":"2025-02-12T15:11:32","modified_gmt":"2025-02-12T20:11:32","slug":"fragrance-coton-frais-huile-parfumee-pour-diffuseurs","status":"publish","type":"product","link":"https:\/\/www.dusenza.com\/fr\/produit\/fragrance-coton-frais-huile-parfumee-pour-diffuseurs\/","title":{"rendered":"Fragrance Coton Frais \u2013 Huile parfum\u00e9e pour diffuseurs"},"content":{"rendered":"<p>Douce et rafra\u00eechissante, la Fragrance Coton Frais \u00e9voque la puret\u00e9 du linge fra\u00eechement lav\u00e9, rehauss\u00e9e par des notes l\u00e9g\u00e8res et r\u00e9confortantes. Une brise de puret\u00e9 qui enveloppe votre espace d\u2019une sensation de confort et de bien-\u00eatre.<\/p>\n<p>Nos huiles parfum\u00e9es sont id\u00e9ales pour les diffuseurs \u00e0 ultrasons. Seules quelques gouttes dans le r\u00e9servoir d&#8217;eau diffuseront efficacement. Elles sont sp\u00e9cifiquement formul\u00e9es pour les formulations de soins de la peau et des cheveux, et beaucoup conviennent aux savons et aux bougies. Les parfums sont extr\u00eamement riches, complexes et durables. Les huiles parfum\u00e9es sont synth\u00e9tis\u00e9es et ne doivent pas \u00eatre confondues avec les huiles essentielles 100% naturelles utilis\u00e9es en aromath\u00e9rapie.<\/p>\n<p>Veuillez noter que toutes nos huiles de parfum sont sans paraben.<\/p>\n","protected":false},"excerpt":{"rendered":"<p>Diffusez l\u2019huile parfum\u00e9e Coton Frais pour une atmosph\u00e8re pure et apaisante. Une senteur douce et r\u00e9confortante qui rappelle la fra\u00eecheur du linge propre. \u00c0 la fois d\u00e9licate et enveloppante, elle s\u00e9duit autant les amateurs de fragrances l\u00e9g\u00e8res que ceux en qu\u00eate d\u2019une touche de puret\u00e9. Un parfum parfait pour cr\u00e9er un cocon de bien-\u00eatre au quotidien!<\/p>\n","protected":false},"featured_media":34457,"comment_status":"closed","ping_status":"closed","template":"","meta":{"_acf_changed":false,"_seopress_robots_primary_cat":"","_seopress_titles_title":"","_seopress_titles_desc":"","_seopress_robots_index":""},"product_brand":[],"product_cat":[225],"product_tag":[],"class_list":{"0":"post-34463","1":"product","2":"type-product","3":"status-publish","4":"has-post-thumbnail","6":"product_cat-huiles-fragrances","8":"first","9":"instock","10":"taxable","11":"shipping-taxable","12":"purchasable","13":"product-type-simple"},"acf":[],"_links":{"self":[{"href":"https:\/\/www.dusenza.com\/fr\/wp-json\/wp\/v2\/product\/34463","targetHints":{"allow":["GET"]}}],"collection":[{"href":"https:\/\/www.dusenza.com\/fr\/wp-json\/wp\/v2\/product"}],"about":[{"href":"https:\/\/www.dusenza.com\/fr\/wp-json\/wp\/v2\/types\/product"}],"replies":[{"embeddable":true,"href":"https:\/\/www.dusenza.com\/fr\/wp-json\/wp\/v2\/comments?post=34463"}],"wp:featuredmedia":[{"embeddable":true,"href":"https:\/\/www.dusenza.com\/fr\/wp-json\/wp\/v2\/media\/34457"}],"wp:attachment":[{"href":"https:\/\/www.dusenza.com\/fr\/wp-json\/wp\/v2\/media?parent=34463"}],"wp:term":[{"taxonomy":"product_brand","embeddable":true,"href":"https:\/\/www.dusenza.com\/fr\/wp-json\/wp\/v2\/product_brand?post=34463"},{"taxonomy":"product_cat","embeddable":true,"href":"https:\/\/www.dusenza.com\/fr\/wp-json\/wp\/v2\/product_cat?post=34463"},{"taxonomy":"product_tag","embeddable":true,"href":"https:\/\/www.dusenza.com\/fr\/wp-json\/wp\/v2\/product_tag?post=34463"}],"curies":[{"name":"wp","href":"https:\/\/api.w.org\/{rel}","templated":true}]}}