{"id":3051,"date":"2020-11-17T17:09:09","date_gmt":"2020-11-17T22:09:09","guid":{"rendered":"http:\/\/dusenza.com\/?post_type=product&#038;p=3051"},"modified":"2024-05-20T23:08:15","modified_gmt":"2024-05-21T03:08:15","slug":"diffuseur-ultrasonique-en-metal-noir","status":"publish","type":"product","link":"https:\/\/www.dusenza.com\/fr\/produit\/diffuseur-ultrasonique-en-metal-noir\/","title":{"rendered":"Diffuseur Ultrasonique en M\u00e9tal Noir"},"content":{"rendered":"<p>Diffuseur Ultrasonique en M\u00e9tal Noir avec prise USB<\/p>\n<p>L&#8217;exp\u00e9rience spa \u00e0 la maison avec tous les bienfaits de l&#8217;aromath\u00e9rapie!<\/p>\n<p>La mani\u00e8re la plus efficace de diffuser les huiles essentielles. Les huiles ne sont pas chauff\u00e9es contrairement aux diffuseurs classiques d&#8217;huiles essentielles. Cette technologie ultrasonique convertit, par des vibrations \u00e0 haute fr\u00e9quence, l&#8217;huile et l&#8217;eau en une fine brume pour cr\u00e9er une atmosph\u00e8re naturelle de spa.<\/p>\n<p>Caract\u00e9ristiques du mod\u00e8le:<\/p>\n<ul>\n<li>Diffusion pour une pi\u00e8ce de 15-20 m\u00e8tres carr\u00e9s<\/li>\n<li>Arr\u00eat automatique lorsque le niveau d&#8217;eau est bas<\/li>\n<li>La lumi\u00e8re jaune clair cr\u00e9e une ambiance relaxante<\/li>\n<li>Capacit\u00e9 du r\u00e9servoir d&#8217;eau: 120 ml \/ utilise environ 25 ml\/heure en mode continu (environ 4-5 heures) et 16 ml\/heure en mode intermittent (environ 7-8 heures).<\/li>\n<li> Ajouter 3-6 gouttes d&#8217;huiles essentielles ou de fragrance \u00e0 l&#8217;eau. Nous sugg\u00e9rons l&#8217;utilisation d&#8217;huiles DuSenza en raison de leur puret\u00e9 et de leur qualit\u00e9 sup\u00e9rieure.<\/li>\n<li>Aucune chaleur, produits chimiques, ou pompe n\u00e9cessaires. Appareil silencieux, efficace et \u00e9conomique!<\/li>\n<\/ul>\n","protected":false},"excerpt":{"rendered":"<p>Le diffuseur ultrasonique en m\u00e9tal noir allie esth\u00e9tique et fonctionnalit\u00e9. Ce diffuseur \u00e9l\u00e9gant, con\u00e7u en m\u00e9tal noir robuste, s&#8217;int\u00e8gre parfaitement dans un d\u00e9cor moderne tout en diffusant silencieusement vos huiles essentielles pr\u00e9f\u00e9r\u00e9es.<\/p>\n","protected":false},"featured_media":85075,"comment_status":"closed","ping_status":"closed","template":"","meta":{"_acf_changed":false,"_seopress_robots_primary_cat":"","_seopress_titles_title":"","_seopress_titles_desc":"","_seopress_robots_index":""},"product_brand":[],"product_cat":[195],"product_tag":[],"class_list":{"0":"post-3051","1":"product","2":"type-product","3":"status-publish","4":"has-post-thumbnail","6":"product_cat-diffuseurs","8":"first","9":"instock","10":"taxable","11":"shipping-taxable","12":"purchasable","13":"product-type-simple"},"acf":[],"_links":{"self":[{"href":"https:\/\/www.dusenza.com\/fr\/wp-json\/wp\/v2\/product\/3051","targetHints":{"allow":["GET"]}}],"collection":[{"href":"https:\/\/www.dusenza.com\/fr\/wp-json\/wp\/v2\/product"}],"about":[{"href":"https:\/\/www.dusenza.com\/fr\/wp-json\/wp\/v2\/types\/product"}],"replies":[{"embeddable":true,"href":"https:\/\/www.dusenza.com\/fr\/wp-json\/wp\/v2\/comments?post=3051"}],"wp:featuredmedia":[{"embeddable":true,"href":"https:\/\/www.dusenza.com\/fr\/wp-json\/wp\/v2\/media\/85075"}],"wp:attachment":[{"href":"https:\/\/www.dusenza.com\/fr\/wp-json\/wp\/v2\/media?parent=3051"}],"wp:term":[{"taxonomy":"product_brand","embeddable":true,"href":"https:\/\/www.dusenza.com\/fr\/wp-json\/wp\/v2\/product_brand?post=3051"},{"taxonomy":"product_cat","embeddable":true,"href":"https:\/\/www.dusenza.com\/fr\/wp-json\/wp\/v2\/product_cat?post=3051"},{"taxonomy":"product_tag","embeddable":true,"href":"https:\/\/www.dusenza.com\/fr\/wp-json\/wp\/v2\/product_tag?post=3051"}],"curies":[{"name":"wp","href":"https:\/\/api.w.org\/{rel}","templated":true}]}}