{"id":267,"date":"2015-09-18T20:52:46","date_gmt":"2015-09-19T00:52:46","guid":{"rendered":"https:\/\/dusenza.graphical-media.com\/en\/product\/brume-doreiller-relaxation\/"},"modified":"2026-01-27T13:01:39","modified_gmt":"2026-01-27T18:01:39","slug":"brume-oreiller-relaxation-huile-essentielle-vaporisateur","status":"publish","type":"product","link":"https:\/\/www.dusenza.com\/fr\/produit\/brume-oreiller-relaxation-huile-essentielle-vaporisateur\/","title":{"rendered":"Brume d&#8217;oreiller Relaxation"},"content":{"rendered":"<p>Une synergie d&#8217;huiles essentielles pour mieux dormir ou simplement vous d\u00e9tendre.<\/p>\n<p>Vaporisez votre oreiller, la pi\u00e8ce ou votre voiture avec ce m\u00e9lange exquis d&#8217;huiles essentielles de lavande, de bergamote, de mandarien, d&#8217;orange, de petitgrain, de camomille romaine, de citronnelle et d&#8217;ylang-ylang. Utilisez cette brume pour purifier l&#8217;air d&#8217;une pi\u00e8ce ou de votre voiture.<\/p>\n","protected":false},"excerpt":{"rendered":"<p>Vaporisez l\u00e9g\u00e8rement votre oreiller avec notre Brume d&#8217;Oreiller Relaxation pour une nuit paisible et un sommeil r\u00e9parateur. Ce m\u00e9lange unique d&#8217;huiles essentielles apaisantes a \u00e9t\u00e9 pens\u00e9 pour cr\u00e9er une ambiance sereine, favorisant d\u00e9tente et bien-\u00eatre d\u00e8s que vous posez la t\u00eate sur l&#8217;oreiller.<\/p>\n","protected":false},"featured_media":86174,"comment_status":"closed","ping_status":"closed","template":"","meta":{"_acf_changed":false,"_seopress_robots_primary_cat":"none","_seopress_titles_title":"","_seopress_titles_desc":"","_seopress_robots_index":"","_seopress_analysis_target_kw":""},"product_brand":[],"product_cat":[196,200],"product_tag":[],"class_list":{"0":"post-267","1":"product","2":"type-product","3":"status-publish","4":"has-post-thumbnail","6":"product_cat-aromatherapie","7":"product_cat-brumes","9":"first","10":"instock","11":"taxable","12":"shipping-taxable","13":"purchasable","14":"product-type-simple"},"acf":[],"_links":{"self":[{"href":"https:\/\/www.dusenza.com\/fr\/wp-json\/wp\/v2\/product\/267","targetHints":{"allow":["GET"]}}],"collection":[{"href":"https:\/\/www.dusenza.com\/fr\/wp-json\/wp\/v2\/product"}],"about":[{"href":"https:\/\/www.dusenza.com\/fr\/wp-json\/wp\/v2\/types\/product"}],"replies":[{"embeddable":true,"href":"https:\/\/www.dusenza.com\/fr\/wp-json\/wp\/v2\/comments?post=267"}],"wp:featuredmedia":[{"embeddable":true,"href":"https:\/\/www.dusenza.com\/fr\/wp-json\/wp\/v2\/media\/86174"}],"wp:attachment":[{"href":"https:\/\/www.dusenza.com\/fr\/wp-json\/wp\/v2\/media?parent=267"}],"wp:term":[{"taxonomy":"product_brand","embeddable":true,"href":"https:\/\/www.dusenza.com\/fr\/wp-json\/wp\/v2\/product_brand?post=267"},{"taxonomy":"product_cat","embeddable":true,"href":"https:\/\/www.dusenza.com\/fr\/wp-json\/wp\/v2\/product_cat?post=267"},{"taxonomy":"product_tag","embeddable":true,"href":"https:\/\/www.dusenza.com\/fr\/wp-json\/wp\/v2\/product_tag?post=267"}],"curies":[{"name":"wp","href":"https:\/\/api.w.org\/{rel}","templated":true}]}}