{"id":25446,"date":"2024-11-26T09:38:42","date_gmt":"2024-11-26T14:38:42","guid":{"rendered":"http:\/\/dusenza.com\/product\/fragrance-miel-bourbon-huile-parfumee-pour-diffuseurs\/"},"modified":"2024-11-26T09:58:00","modified_gmt":"2024-11-26T14:58:00","slug":"huile-fragrance-diffuseur-arome-miel-bourbon","status":"publish","type":"product","link":"https:\/\/www.dusenza.com\/fr\/produit\/huile-fragrance-diffuseur-arome-miel-bourbon\/","title":{"rendered":"Fragrance Miel Bourbon &#8211; Huile parfum\u00e9e pour diffuseurs"},"content":{"rendered":"<p>Offrant un parfum de miel velout\u00e9 jumel\u00e9 avec le parfum cors\u00e9 de bourbon, un m\u00e9lange irr\u00e9sistible.<\/p>\n<p>Nos huiles parfum\u00e9es sont id\u00e9ales pour les diffuseurs \u00e0 ultrasons. Seules quelques gouttes dans le r\u00e9servoir d&#8217;eau diffuseront efficacement. Elles sont sp\u00e9cifiquement formul\u00e9es pour les formulations de soins de la peau et des cheveux, et beaucoup conviennent aux savons et aux bougies. Les parfums sont extr\u00eamement riches, complexes et durables. Les huiles parfum\u00e9es sont synth\u00e9tis\u00e9es et ne doivent pas \u00eatre confondues avec les huiles essentielles 100% naturelles utilis\u00e9es en aromath\u00e9rapie.<\/p>\n<p>Veuillez noter que toutes nos huiles de parfum sont sans paraben.<\/p>\n","protected":false},"excerpt":{"rendered":"<p>Diffusez l\u2019huile parfum\u00e9e Miel Bourbon pour une atmosph\u00e8re inspirante. Un parfum envo\u00fbtant et doux. Le Miel Bourbon plaira aussi bien aux amateurs de douceur qu&#8217;\u00e0 ceux de senteurs fortes. Un parfum id\u00e9al pour les r\u00e9unions de famille, il plaira \u00e0 coup s\u00fbr \u00e0 tout le monde !<\/p>\n","protected":false},"featured_media":43807,"comment_status":"closed","ping_status":"closed","template":"","meta":{"_acf_changed":false,"_seopress_robots_primary_cat":"none","_seopress_titles_title":"","_seopress_titles_desc":"","_seopress_robots_index":""},"product_brand":[],"product_cat":[225],"product_tag":[],"class_list":{"0":"post-25446","1":"product","2":"type-product","3":"status-publish","4":"has-post-thumbnail","6":"product_cat-huiles-fragrances","8":"first","9":"instock","10":"taxable","11":"shipping-taxable","12":"purchasable","13":"product-type-simple"},"acf":[],"_links":{"self":[{"href":"https:\/\/www.dusenza.com\/fr\/wp-json\/wp\/v2\/product\/25446","targetHints":{"allow":["GET"]}}],"collection":[{"href":"https:\/\/www.dusenza.com\/fr\/wp-json\/wp\/v2\/product"}],"about":[{"href":"https:\/\/www.dusenza.com\/fr\/wp-json\/wp\/v2\/types\/product"}],"replies":[{"embeddable":true,"href":"https:\/\/www.dusenza.com\/fr\/wp-json\/wp\/v2\/comments?post=25446"}],"wp:featuredmedia":[{"embeddable":true,"href":"https:\/\/www.dusenza.com\/fr\/wp-json\/wp\/v2\/media\/43807"}],"wp:attachment":[{"href":"https:\/\/www.dusenza.com\/fr\/wp-json\/wp\/v2\/media?parent=25446"}],"wp:term":[{"taxonomy":"product_brand","embeddable":true,"href":"https:\/\/www.dusenza.com\/fr\/wp-json\/wp\/v2\/product_brand?post=25446"},{"taxonomy":"product_cat","embeddable":true,"href":"https:\/\/www.dusenza.com\/fr\/wp-json\/wp\/v2\/product_cat?post=25446"},{"taxonomy":"product_tag","embeddable":true,"href":"https:\/\/www.dusenza.com\/fr\/wp-json\/wp\/v2\/product_tag?post=25446"}],"curies":[{"name":"wp","href":"https:\/\/api.w.org\/{rel}","templated":true}]}}