{"id":2137,"date":"2018-09-15T17:52:49","date_gmt":"2018-09-15T21:52:49","guid":{"rendered":"http:\/\/dusenza.com\/?post_type=product&#038;p=2137"},"modified":"2024-05-20T23:08:26","modified_gmt":"2024-05-21T03:08:26","slug":"huile-massage-neutre-sans-fragrance-100ml","status":"publish","type":"product","link":"https:\/\/www.dusenza.com\/fr\/produit\/huile-massage-neutre-sans-fragrance-100ml\/","title":{"rendered":"Neutre &#8211; Huile \u00e0 Massage Neutre sans Fragrance"},"content":{"rendered":"<p> Agr\u00e9able au toucher, l\u2019huile \u00e0 massage neutre permet de d\u00e9tendre les muscles et de relaxer sans laisser de r\u00e9sidus gras sur la peau.Ajoutez-y vos huiles essentielles pr\u00e9f\u00e9r\u00e9es pour un m\u00e9lange personnalis\u00e9.<\/p>\n<ul>\n<li> Formule non grasse pour un toucher doux et soyeux. <\/li>\n<li> Hydratante et nourrissante.<\/li>\n<li> Sans fragrance <\/li>\n<\/ul>\n<p>Nos m\u00e9langes d\u2019huiles de massage exclusifs sauront rencontrer vos attentes. Que ce soit pour la d\u00e9tente (Relaxant), mettre un peu de piquant (Aphrodisia), rel\u00e2cher vos muscles (Anti-Stress), ou un simple massage de base (Neutre). Nous avons l\u2019huile qu\u2019il vous faut! Nos huiles ne sont pas grasses et laisse votre peau douce et soyeuse.<\/p>\n","protected":false},"excerpt":{"rendered":"<p>Offrez-vous le moment de d\u00e9tente que vous m\u00e9ritez avec l\u2019huile \u00e0 massage neutre (sans fragrance). Vous aimerez sa texture non grasse procurant un toucher doux et soyeux et ses propri\u00e9t\u00e9s nourrissantes et hydratantes qui laissent votre peau plus douce.<\/p>\n","protected":false},"featured_media":36678,"comment_status":"closed","ping_status":"closed","template":"","meta":{"_acf_changed":false,"_seopress_robots_primary_cat":"","_seopress_titles_title":"","_seopress_titles_desc":"","_seopress_robots_index":""},"product_brand":[],"product_cat":[193,194],"product_tag":[],"class_list":{"0":"post-2137","1":"product","2":"type-product","3":"status-publish","4":"has-post-thumbnail","6":"product_cat-huiles-massage","7":"product_cat-soins-du-corps","9":"first","10":"instock","11":"taxable","12":"shipping-taxable","13":"purchasable","14":"product-type-simple"},"acf":[],"_links":{"self":[{"href":"https:\/\/www.dusenza.com\/fr\/wp-json\/wp\/v2\/product\/2137","targetHints":{"allow":["GET"]}}],"collection":[{"href":"https:\/\/www.dusenza.com\/fr\/wp-json\/wp\/v2\/product"}],"about":[{"href":"https:\/\/www.dusenza.com\/fr\/wp-json\/wp\/v2\/types\/product"}],"replies":[{"embeddable":true,"href":"https:\/\/www.dusenza.com\/fr\/wp-json\/wp\/v2\/comments?post=2137"}],"wp:featuredmedia":[{"embeddable":true,"href":"https:\/\/www.dusenza.com\/fr\/wp-json\/wp\/v2\/media\/36678"}],"wp:attachment":[{"href":"https:\/\/www.dusenza.com\/fr\/wp-json\/wp\/v2\/media?parent=2137"}],"wp:term":[{"taxonomy":"product_brand","embeddable":true,"href":"https:\/\/www.dusenza.com\/fr\/wp-json\/wp\/v2\/product_brand?post=2137"},{"taxonomy":"product_cat","embeddable":true,"href":"https:\/\/www.dusenza.com\/fr\/wp-json\/wp\/v2\/product_cat?post=2137"},{"taxonomy":"product_tag","embeddable":true,"href":"https:\/\/www.dusenza.com\/fr\/wp-json\/wp\/v2\/product_tag?post=2137"}],"curies":[{"name":"wp","href":"https:\/\/api.w.org\/{rel}","templated":true}]}}