{"id":2133,"date":"2018-09-15T17:50:54","date_gmt":"2018-09-15T21:50:54","guid":{"rendered":"http:\/\/dusenza.com\/?post_type=product&#038;p=2133"},"modified":"2024-05-20T23:08:17","modified_gmt":"2024-05-21T03:08:17","slug":"massage-huile-fragrance-relaxant-100ml","status":"publish","type":"product","link":"https:\/\/www.dusenza.com\/fr\/produit\/massage-huile-fragrance-relaxant-100ml\/","title":{"rendered":"Relaxant &#8211; Huile \u00e0 massage relaxante"},"content":{"rendered":"<p>Notre Huile \u00e0 Massage Relaxant est con\u00e7ue pour ceux qui cherchent \u00e0 \u00e9chapper au stress du quotidien et \u00e0 se plonger dans un \u00e9tat de relaxation totale.<\/p>\n<ul>\n<li> Formule non grasse pour un toucher doux et soyeux. <\/li>\n<li> Hydratante et nourrissante.<\/li>\n<li> Parfum relaxant pour favoriser la d\u00e9tente du corps et de l\u2019esprit.<\/li>\n<\/ul>\n<p>Nos m\u00e9langes d\u2019huiles de massage exclusifs sauront rencontrer vos attentes. Que ce soit pour la d\u00e9tente (Relaxant), mettre un peu de piquant (Aphrodisia), rel\u00e2cher vos muscles (Anti-Stress), ou un simple massage de base (Neutre). Nous avons l\u2019huile qu\u2019il vous faut! Nos huiles ne sont pas grasses et laisse votre peau douce et soyeuse.<\/p>\n","protected":false},"excerpt":{"rendered":"<p>Offrez-vous un moment de pur bien-\u00eatre avec notre Huile \u00e0 Massage Relaxant. Parfaite pour d\u00e9tendre les muscles et apaiser l&#8217;esprit, elle transforme chaque massage en une exp\u00e9rience de d\u00e9tente profonde. Elle laissera votre peau douce et soyeuse sans r\u00e9sidu gras.<\/p>\n","protected":false},"featured_media":36672,"comment_status":"closed","ping_status":"closed","template":"","meta":{"_acf_changed":false,"_seopress_robots_primary_cat":"","_seopress_titles_title":"","_seopress_titles_desc":"","_seopress_robots_index":""},"product_brand":[],"product_cat":[193,194],"product_tag":[],"class_list":{"0":"post-2133","1":"product","2":"type-product","3":"status-publish","4":"has-post-thumbnail","6":"product_cat-huiles-massage","7":"product_cat-soins-du-corps","9":"first","10":"instock","11":"taxable","12":"shipping-taxable","13":"purchasable","14":"product-type-simple"},"acf":[],"_links":{"self":[{"href":"https:\/\/www.dusenza.com\/fr\/wp-json\/wp\/v2\/product\/2133","targetHints":{"allow":["GET"]}}],"collection":[{"href":"https:\/\/www.dusenza.com\/fr\/wp-json\/wp\/v2\/product"}],"about":[{"href":"https:\/\/www.dusenza.com\/fr\/wp-json\/wp\/v2\/types\/product"}],"replies":[{"embeddable":true,"href":"https:\/\/www.dusenza.com\/fr\/wp-json\/wp\/v2\/comments?post=2133"}],"wp:featuredmedia":[{"embeddable":true,"href":"https:\/\/www.dusenza.com\/fr\/wp-json\/wp\/v2\/media\/36672"}],"wp:attachment":[{"href":"https:\/\/www.dusenza.com\/fr\/wp-json\/wp\/v2\/media?parent=2133"}],"wp:term":[{"taxonomy":"product_brand","embeddable":true,"href":"https:\/\/www.dusenza.com\/fr\/wp-json\/wp\/v2\/product_brand?post=2133"},{"taxonomy":"product_cat","embeddable":true,"href":"https:\/\/www.dusenza.com\/fr\/wp-json\/wp\/v2\/product_cat?post=2133"},{"taxonomy":"product_tag","embeddable":true,"href":"https:\/\/www.dusenza.com\/fr\/wp-json\/wp\/v2\/product_tag?post=2133"}],"curies":[{"name":"wp","href":"https:\/\/api.w.org\/{rel}","templated":true}]}}