{"id":2129,"date":"2018-09-15T17:47:51","date_gmt":"2018-09-15T21:47:51","guid":{"rendered":"http:\/\/dusenza.com\/?post_type=product&#038;p=2129"},"modified":"2024-05-20T23:08:26","modified_gmt":"2024-05-21T03:08:26","slug":"huile-massage-aphrodisia-100ml","status":"publish","type":"product","link":"https:\/\/www.dusenza.com\/fr\/produit\/huile-massage-aphrodisia-100ml\/","title":{"rendered":"Aphrodisia &#8211; Huile \u00e0 Massage"},"content":{"rendered":"<p>Plongez dans une exp\u00e9rience sensorielle envo\u00fbtante avec l\u2019Huile \u00e0 Massage Aphrodisia. Elle a \u00e9t\u00e9 con\u00e7ue avec un m\u00e9lange d\u2019huiles visant \u00e0 \u00e9veiller les sens et \u00e0 stimuler la passion.<\/p>\n<ul>\n<li> Formule non grasse pour un toucher doux et soyeux. <\/li>\n<li> Hydratante et nourrissante.<\/li>\n<li> Parfum relaxant pour favoriser la d\u00e9tende du corps et de l\u2019esprit.<\/li>\n<\/ul>\n<p>Nos m\u00e9langes d\u2019huiles de massage exclusifs sauront rencontrer vos attentes. Que ce soit pour la d\u00e9tente (Relaxant), mettre un peu de piquant (Aphrodisia), rel\u00e2cher vos muscles (Anti-Stress), ou un simple massage de base (Neutre). Nous avons l\u2019huile qu\u2019il vous faut! Nos huiles ne sont pas grasses et laisse votre peau douce et soyeuse.<\/p>\n","protected":false},"excerpt":{"rendered":"<p>Essayez l\u2019Huile \u00e0 Massage Aphrodisia pour \u00e9veiller vos sens et raviver la passion. Laissez-vous emporter par ses ar\u00f4mes envo\u00fbtants et ses propri\u00e9t\u00e9s stimulantes pour des moments de complicit\u00e9 inoubliables.<\/p>\n","protected":false},"featured_media":36676,"comment_status":"closed","ping_status":"closed","template":"","meta":{"_acf_changed":false,"_seopress_robots_primary_cat":"","_seopress_titles_title":"","_seopress_titles_desc":"","_seopress_robots_index":""},"product_brand":[],"product_cat":[193,194],"product_tag":[],"class_list":{"0":"post-2129","1":"product","2":"type-product","3":"status-publish","4":"has-post-thumbnail","6":"product_cat-huiles-massage","7":"product_cat-soins-du-corps","9":"first","10":"instock","11":"taxable","12":"shipping-taxable","13":"purchasable","14":"product-type-simple"},"acf":[],"_links":{"self":[{"href":"https:\/\/www.dusenza.com\/fr\/wp-json\/wp\/v2\/product\/2129","targetHints":{"allow":["GET"]}}],"collection":[{"href":"https:\/\/www.dusenza.com\/fr\/wp-json\/wp\/v2\/product"}],"about":[{"href":"https:\/\/www.dusenza.com\/fr\/wp-json\/wp\/v2\/types\/product"}],"replies":[{"embeddable":true,"href":"https:\/\/www.dusenza.com\/fr\/wp-json\/wp\/v2\/comments?post=2129"}],"wp:featuredmedia":[{"embeddable":true,"href":"https:\/\/www.dusenza.com\/fr\/wp-json\/wp\/v2\/media\/36676"}],"wp:attachment":[{"href":"https:\/\/www.dusenza.com\/fr\/wp-json\/wp\/v2\/media?parent=2129"}],"wp:term":[{"taxonomy":"product_brand","embeddable":true,"href":"https:\/\/www.dusenza.com\/fr\/wp-json\/wp\/v2\/product_brand?post=2129"},{"taxonomy":"product_cat","embeddable":true,"href":"https:\/\/www.dusenza.com\/fr\/wp-json\/wp\/v2\/product_cat?post=2129"},{"taxonomy":"product_tag","embeddable":true,"href":"https:\/\/www.dusenza.com\/fr\/wp-json\/wp\/v2\/product_tag?post=2129"}],"curies":[{"name":"wp","href":"https:\/\/api.w.org\/{rel}","templated":true}]}}