{"id":2125,"date":"2024-05-21T06:55:36","date_gmt":"2024-05-21T10:55:36","guid":{"rendered":"http:\/\/dusenza.com\/?post_type=product&#038;p=2125"},"modified":"2024-05-21T08:37:29","modified_gmt":"2024-05-21T12:37:29","slug":"huile-massage-anti-stress-100ml","status":"publish","type":"product","link":"https:\/\/www.dusenza.com\/fr\/produit\/huile-massage-anti-stress-100ml\/","title":{"rendered":"Huile \u00e0 massage Anti-Stress"},"content":{"rendered":"<p>Notre Huile \u00e0 Massage Anti-Stress est con\u00e7ue pour ceux qui cherchent \u00e0 s\u2019offrir un moment de d\u00e9tente pour rel\u00e2cher les muscles et se plonger dans un \u00e9tat de relaxation totale.<\/p>\n<ul>\n<li> Formule non grasse pour un toucher doux et soyeux. <\/li>\n<li> Hydratante et nourrissante.<\/li>\n<li> Parfum relaxant pour favoriser la d\u00e9tende du corps et de l\u2019esprit.<\/li>\n<\/ul>\n<p>Nos m\u00e9langes d\u2019huiles de massage exclusifs sauront rencontrer vos attentes. Que ce soit pour la d\u00e9tente (Relaxant), mettre un peu de piquant (Aphrodisia), rel\u00e2cher vos muscles (Anti-Stress), ou un simple massage de base (Neutre). Nous avons l\u2019huile qu\u2019il vous faut! Nos huiles ne sont pas grasses et laisse votre peau douce et soyeuse.<\/p>\n","protected":false},"excerpt":{"rendered":"<p>Offrez-vous un moment de d\u00e9tente, lib\u00e9rez vos tensions musculaires et apaisez votre esprit avec l\u2019huile \u00e0 Massage Anti-Stress. Profitez des bienfaits de l\u2019aromath\u00e9rapie gr\u00e2ce \u00e0 un m\u00e9lange d&#8217;huiles essentielles relaxantes.<\/p>\n","protected":false},"featured_media":36674,"comment_status":"closed","ping_status":"closed","template":"","meta":{"_acf_changed":false,"_seopress_robots_primary_cat":"","_seopress_titles_title":"","_seopress_titles_desc":"","_seopress_robots_index":""},"product_brand":[],"product_cat":[193,194],"product_tag":[],"class_list":{"0":"post-2125","1":"product","2":"type-product","3":"status-publish","4":"has-post-thumbnail","6":"product_cat-huiles-massage","7":"product_cat-soins-du-corps","9":"first","10":"instock","11":"taxable","12":"shipping-taxable","13":"purchasable","14":"product-type-simple"},"acf":[],"_links":{"self":[{"href":"https:\/\/www.dusenza.com\/fr\/wp-json\/wp\/v2\/product\/2125","targetHints":{"allow":["GET"]}}],"collection":[{"href":"https:\/\/www.dusenza.com\/fr\/wp-json\/wp\/v2\/product"}],"about":[{"href":"https:\/\/www.dusenza.com\/fr\/wp-json\/wp\/v2\/types\/product"}],"replies":[{"embeddable":true,"href":"https:\/\/www.dusenza.com\/fr\/wp-json\/wp\/v2\/comments?post=2125"}],"wp:featuredmedia":[{"embeddable":true,"href":"https:\/\/www.dusenza.com\/fr\/wp-json\/wp\/v2\/media\/36674"}],"wp:attachment":[{"href":"https:\/\/www.dusenza.com\/fr\/wp-json\/wp\/v2\/media?parent=2125"}],"wp:term":[{"taxonomy":"product_brand","embeddable":true,"href":"https:\/\/www.dusenza.com\/fr\/wp-json\/wp\/v2\/product_brand?post=2125"},{"taxonomy":"product_cat","embeddable":true,"href":"https:\/\/www.dusenza.com\/fr\/wp-json\/wp\/v2\/product_cat?post=2125"},{"taxonomy":"product_tag","embeddable":true,"href":"https:\/\/www.dusenza.com\/fr\/wp-json\/wp\/v2\/product_tag?post=2125"}],"curies":[{"name":"wp","href":"https:\/\/api.w.org\/{rel}","templated":true}]}}