{"id":2025,"date":"2018-09-15T11:36:36","date_gmt":"2018-09-15T15:36:36","guid":{"rendered":"http:\/\/dusenza.com\/?post_type=product&#038;p=2025"},"modified":"2024-05-20T23:08:27","modified_gmt":"2024-05-21T03:08:27","slug":"huile-vegetale-rose-musquee","status":"publish","type":"product","link":"https:\/\/www.dusenza.com\/fr\/produit\/huile-vegetale-rose-musquee\/","title":{"rendered":"Huile de Rose Musqu\u00e9e"},"content":{"rendered":"<p>Huile de Rose Musqu\u00e9e<\/p>\n<p>L\u2019huile de Rose Musqu\u00e9e contient une grande quantit\u00e9 de vitamine E, de vitamine A et d\u2019acides gras essentiels qui favorisent le collag\u00e8ne, l\u2019\u00e9lastine dans la peau et qui augmentent la r\u00e9g\u00e9n\u00e9ration cellulaire. Favorisant une peau saine, elle peut \u00eatre utilis\u00e9e pour traiter les br\u00fblures, les coups de soleil, les rides les vergetures et l\u2019ecz\u00e9ma.<\/p>\n<p>Elle contribue \u00e9galement \u00e0 contrer les effets dess\u00e9chants du soleil qui font para\u00eetre les lignes de rides fines ou \u00ab pattes d\u2019oie \u00bb autour des yeux et de la bouche.<\/p>\n<p>Hydratant naturel, elle m\u00e9lang\u00e9e \u00e0 votre cr\u00e8me hydratante au quotidien comme soin pour les peaux s\u00e8ches, sensibles ou endommag\u00e9es par le soleil. Elle p\u00e9n\u00e8tre la peau presque instantan\u00e9ment et r\u00e9tablit l\u2019\u00e9quilibre hydrique.<\/p>\n<p>L\u2019appliquer deux fois par jour tous les jours peut aider \u00e0 r\u00e9duire l\u2019apparence des tissus cicatriciels et \u00e0 pr\u00e9venir et r\u00e9duire les vergetures, les rides et att\u00e9nuer les taches de vieillissement.<\/p>\n","protected":false},"excerpt":{"rendered":"<p>Redonnez vie \u00e0 votre peau avec l\u2019Huile de Rose Musqu\u00e9e, un tr\u00e9sor naturel riche en vitamines E et A ainsi qu&#8217;en acides gras essentiels. Cette huile est reconnue pour ses propri\u00e9t\u00e9s r\u00e9g\u00e9n\u00e9ratives et r\u00e9paratrices exceptionnelles. Int\u00e9grez-la \u00e0 votre routine quotidienne pour une peau visiblement plus jeune et plus saine.<\/p>\n","protected":false},"featured_media":36640,"comment_status":"closed","ping_status":"closed","template":"","meta":{"_acf_changed":false,"_seopress_robots_primary_cat":"","_seopress_titles_title":"","_seopress_titles_desc":"","_seopress_robots_index":""},"product_brand":[],"product_cat":[206],"product_tag":[352],"class_list":{"0":"post-2025","1":"product","2":"type-product","3":"status-publish","4":"has-post-thumbnail","6":"product_cat-huiles-vegetales","7":"product_tag-soin-visage","9":"first","10":"instock","11":"taxable","12":"shipping-taxable","13":"purchasable","14":"product-type-variable"},"acf":[],"_links":{"self":[{"href":"https:\/\/www.dusenza.com\/fr\/wp-json\/wp\/v2\/product\/2025","targetHints":{"allow":["GET"]}}],"collection":[{"href":"https:\/\/www.dusenza.com\/fr\/wp-json\/wp\/v2\/product"}],"about":[{"href":"https:\/\/www.dusenza.com\/fr\/wp-json\/wp\/v2\/types\/product"}],"replies":[{"embeddable":true,"href":"https:\/\/www.dusenza.com\/fr\/wp-json\/wp\/v2\/comments?post=2025"}],"wp:featuredmedia":[{"embeddable":true,"href":"https:\/\/www.dusenza.com\/fr\/wp-json\/wp\/v2\/media\/36640"}],"wp:attachment":[{"href":"https:\/\/www.dusenza.com\/fr\/wp-json\/wp\/v2\/media?parent=2025"}],"wp:term":[{"taxonomy":"product_brand","embeddable":true,"href":"https:\/\/www.dusenza.com\/fr\/wp-json\/wp\/v2\/product_brand?post=2025"},{"taxonomy":"product_cat","embeddable":true,"href":"https:\/\/www.dusenza.com\/fr\/wp-json\/wp\/v2\/product_cat?post=2025"},{"taxonomy":"product_tag","embeddable":true,"href":"https:\/\/www.dusenza.com\/fr\/wp-json\/wp\/v2\/product_tag?post=2025"}],"curies":[{"name":"wp","href":"https:\/\/api.w.org\/{rel}","templated":true}]}}