{"id":2008,"date":"2018-09-15T11:11:02","date_gmt":"2018-09-15T15:11:02","guid":{"rendered":"http:\/\/dusenza.com\/?post_type=product&#038;p=2008"},"modified":"2025-03-03T15:39:08","modified_gmt":"2025-03-03T20:39:08","slug":"huile-ricin-biologique","status":"publish","type":"product","link":"https:\/\/www.dusenza.com\/fr\/produit\/huile-ricin-biologique\/","title":{"rendered":"Huile de Ricin"},"content":{"rendered":"<p>Huile de Ricin Bio<\/p>\n<p>L\u2019huile de ricin est consid\u00e9r\u00e9e par beaucoup comme l\u2019un des meilleurs \u00e9mollients naturels pour la peau. L\u2019huile de ricin est utilis\u00e9e depuis des mill\u00e9naires. Depuis, elle a \u00e9t\u00e9 utilis\u00e9e de fa\u00e7on th\u00e9rapeutique pour adoucir la peau et garder les cheveux sains. Elle est couramment utilis\u00e9e dans plusieurs formules de cosm\u00e9tiques et de produits beaut\u00e9.<\/p>\n<p>Caract\u00e9ristiques et b\u00e9n\u00e9fices :<\/p>\n<ul>\n<li>Riche en acide ricinol\u00e9ique, un antibact\u00e9rien et antifongique qui prot\u00e8ge la peau et les cheveux contre les infections.<\/li>\n<li>Soin des cils et des cheveux; l\u2019huile de ricin est connue pour \u00e9paissir et fortifier les cheveux et les cils.<\/li>\n<li>Soulagement des douleurs articulaires et de l\u2019arthrite, lorsqu\u2019utilis\u00e9e comme huile \u00e0 massage.<\/li>\n<li>Pr\u00e9vention des vergetures.<\/li>\n<li>Anti-inflammatoire lorsqu\u2019utilis\u00e9e en cataplasme.<\/li>\n<\/ul>\n<p>Comment faire un cataplasme :<\/p>\n<ul>\n<li>Faites chauffer l&#8217;huile de ricin dans une casserole (ne pas faire bouillir)<\/li>\n<li>Plongez un morceau de gaze ou de coton blanc dans l&#8217;huile jusqu&#8217;\u00e0 ce que le tissu soit satur\u00e9.<\/li>\n<li>Assurez-vous que la gaze soit \u00e0 bonne temp\u00e9rature avant de placer le cataplasme sur la peau. Appliquez le tissu sur la zone touch\u00e9e et couvrez avec du plastique ou de la laine afin de la garder au chaud.<\/li>\n<li>Gardez en place pendant 1-2 heures, selon les besoins.<\/li>\n<\/ul>\n","protected":false},"excerpt":{"rendered":"<p>L&#8217;Huile de Ricin Bio est un \u00e9mollient naturel qui a prouv\u00e9 son efficacit\u00e9 \u00e0 travers les \u00e2ges. Utilis\u00e9e pour adoucir la peau et renforcer les cheveux, cette huile est \u00e9galement int\u00e9gr\u00e9e dans divers produits cosm\u00e9tiques pour ses vertus nourrissantes et protectrices.<\/p>\n","protected":false},"featured_media":36638,"comment_status":"closed","ping_status":"closed","template":"","meta":{"_acf_changed":false,"_seopress_robots_primary_cat":"none","_seopress_titles_title":"","_seopress_titles_desc":"","_seopress_robots_index":""},"product_brand":[],"product_cat":[206],"product_tag":[353,354],"class_list":{"0":"post-2008","1":"product","2":"type-product","3":"status-publish","4":"has-post-thumbnail","6":"product_cat-huiles-vegetales","7":"product_tag-soin-cheveux","8":"product_tag-soin-ongles-et-cils","10":"first","11":"instock","12":"taxable","13":"shipping-taxable","14":"purchasable","15":"product-type-variable","16":"has-default-attributes"},"acf":[],"_links":{"self":[{"href":"https:\/\/www.dusenza.com\/fr\/wp-json\/wp\/v2\/product\/2008","targetHints":{"allow":["GET"]}}],"collection":[{"href":"https:\/\/www.dusenza.com\/fr\/wp-json\/wp\/v2\/product"}],"about":[{"href":"https:\/\/www.dusenza.com\/fr\/wp-json\/wp\/v2\/types\/product"}],"replies":[{"embeddable":true,"href":"https:\/\/www.dusenza.com\/fr\/wp-json\/wp\/v2\/comments?post=2008"}],"wp:featuredmedia":[{"embeddable":true,"href":"https:\/\/www.dusenza.com\/fr\/wp-json\/wp\/v2\/media\/36638"}],"wp:attachment":[{"href":"https:\/\/www.dusenza.com\/fr\/wp-json\/wp\/v2\/media?parent=2008"}],"wp:term":[{"taxonomy":"product_brand","embeddable":true,"href":"https:\/\/www.dusenza.com\/fr\/wp-json\/wp\/v2\/product_brand?post=2008"},{"taxonomy":"product_cat","embeddable":true,"href":"https:\/\/www.dusenza.com\/fr\/wp-json\/wp\/v2\/product_cat?post=2008"},{"taxonomy":"product_tag","embeddable":true,"href":"https:\/\/www.dusenza.com\/fr\/wp-json\/wp\/v2\/product_tag?post=2008"}],"curies":[{"name":"wp","href":"https:\/\/api.w.org\/{rel}","templated":true}]}}