{"id":1996,"date":"2018-09-15T10:36:09","date_gmt":"2018-09-15T14:36:09","guid":{"rendered":"http:\/\/dusenza.com\/?post_type=product&#038;p=1996"},"modified":"2024-05-20T23:08:24","modified_gmt":"2024-05-21T03:08:24","slug":"huile-vegetale-pepin-raisin","status":"publish","type":"product","link":"https:\/\/www.dusenza.com\/fr\/produit\/huile-vegetale-pepin-raisin\/","title":{"rendered":"Huile de P\u00e9pins de Raisin"},"content":{"rendered":"<p>L\u2019huile de p\u00e9pins de raisin est riche en acides gras essentiels om\u00e9ga-3<br \/>\net om\u00e9ga-6, en vitamines A, E, C et en diff\u00e9rents min\u00e9raux dont le zinc<br \/>\net le s\u00e9l\u00e9nium. Sa teneur \u00e9lev\u00e9e en proanthocyanidine, un compos\u00e9<br \/>\nconcentr\u00e9 en antioxydants, donne \u00e0 cette huile la capacit\u00e9 \u00e0 nourrir<br \/>\nla peau et \u00e0 la garder lisse. En raison de sa l\u00e9g\u00e8ret\u00e9, l\u2019huile de p\u00e9pins<br \/>\nde raisin est facilement absorb\u00e9e par la peau. Elle est \u00e9galement<br \/>\nutile dans la pr\u00e9paration de produits de soins capillaires et comme<br \/>\nhuile de base pour les massages.<\/p>\n","protected":false},"excerpt":{"rendered":"<p>L&#8217;Huile de P\u00e9pins de Raisin est appr\u00e9ci\u00e9e pour ses multiples vertus hydratantes et r\u00e9g\u00e9n\u00e9rantes. Gr\u00e2ce \u00e0 sa composition riche en nutriments essentiels, elle est un atout pr\u00e9cieux pour maintenir une peau saine et des cheveux brillants.<\/p>\n","protected":false},"featured_media":36636,"comment_status":"closed","ping_status":"closed","template":"","meta":{"_acf_changed":false,"_seopress_robots_primary_cat":"none","_seopress_titles_title":"","_seopress_titles_desc":"","_seopress_robots_index":""},"product_brand":[],"product_cat":[206],"product_tag":[353,351,352,354],"class_list":{"0":"post-1996","1":"product","2":"type-product","3":"status-publish","4":"has-post-thumbnail","6":"product_cat-huiles-vegetales","7":"product_tag-soin-cheveux","8":"product_tag-soin-corps","9":"product_tag-soin-visage","10":"product_tag-soin-ongles-et-cils","12":"first","13":"instock","14":"taxable","15":"shipping-taxable","16":"purchasable","17":"product-type-variable"},"acf":[],"_links":{"self":[{"href":"https:\/\/www.dusenza.com\/fr\/wp-json\/wp\/v2\/product\/1996","targetHints":{"allow":["GET"]}}],"collection":[{"href":"https:\/\/www.dusenza.com\/fr\/wp-json\/wp\/v2\/product"}],"about":[{"href":"https:\/\/www.dusenza.com\/fr\/wp-json\/wp\/v2\/types\/product"}],"replies":[{"embeddable":true,"href":"https:\/\/www.dusenza.com\/fr\/wp-json\/wp\/v2\/comments?post=1996"}],"wp:featuredmedia":[{"embeddable":true,"href":"https:\/\/www.dusenza.com\/fr\/wp-json\/wp\/v2\/media\/36636"}],"wp:attachment":[{"href":"https:\/\/www.dusenza.com\/fr\/wp-json\/wp\/v2\/media?parent=1996"}],"wp:term":[{"taxonomy":"product_brand","embeddable":true,"href":"https:\/\/www.dusenza.com\/fr\/wp-json\/wp\/v2\/product_brand?post=1996"},{"taxonomy":"product_cat","embeddable":true,"href":"https:\/\/www.dusenza.com\/fr\/wp-json\/wp\/v2\/product_cat?post=1996"},{"taxonomy":"product_tag","embeddable":true,"href":"https:\/\/www.dusenza.com\/fr\/wp-json\/wp\/v2\/product_tag?post=1996"}],"curies":[{"name":"wp","href":"https:\/\/api.w.org\/{rel}","templated":true}]}}