{"id":1990,"date":"2018-09-15T10:24:55","date_gmt":"2018-09-15T14:24:55","guid":{"rendered":"http:\/\/dusenza.com\/?post_type=product&#038;p=1990"},"modified":"2025-03-03T15:40:57","modified_gmt":"2025-03-03T20:40:57","slug":"huile-vegetale-onagre-bio-biologique","status":"publish","type":"product","link":"https:\/\/www.dusenza.com\/fr\/produit\/huile-vegetale-onagre-bio-biologique\/","title":{"rendered":"Huile d&#8217;Onagre"},"content":{"rendered":"<p>huile d\u2019Onagre Bio<\/p>\n<p>L\u2019huile d\u2019Onagre est r\u00e9put\u00e9e pour nourrir la peau, les cheveux et les ongles. Elle peut \u00e9galement aider \u00e0 r\u00e9duire les sympt\u00f4mes de l\u2019ecz\u00e9ma et combattre les effets du vieillissement de la peau. Riche en acide gamma linol\u00e9ique et en acides gras om\u00e9ga 3 et 6, les \u00e9l\u00e9ments nutritifs de cette huile am\u00e9liorent l\u2019\u00e9lasticit\u00e9 de la peau.<\/p>\n<p>En usage cutan\u00e9, on peut se masser le visage et le corps avec 10 gouttes d\u2019huile d\u2019onagre. Par son action hydratante, cette huile permet en quelque sorte de restaurer le film lipidique protecteur. L\u2019action porte sur les enzymes qui interviennent dans l\u2019int\u00e9gration des acides gras essentiels dans la peau. Parall\u00e8lement, l\u2019onagre permet de limiter les inflammations et de bloquer les ph\u00e9nom\u00e8nes irritatifs.<\/p>\n<p>L\u2019huile d\u2019onagre peut \u00eatre appliqu\u00e9e sur le corps, le visage, les cheveux et les ongles.<\/p>\n","protected":false},"excerpt":{"rendered":"<p>L\u2019Huile d\u2019Onagre Bio est un soin naturel pour la peau. En plus de combattre l\u2019ecz\u00e9ma, elle poss\u00e8de des propri\u00e9t\u00e9s anti\u00e2ges et am\u00e9liore l\u2019\u00e9lasticit\u00e9 de la peau.<\/p>\n","protected":false},"featured_media":36622,"comment_status":"closed","ping_status":"closed","template":"","meta":{"_acf_changed":false,"_seopress_robots_primary_cat":"none","_seopress_titles_title":"","_seopress_titles_desc":"","_seopress_robots_index":""},"product_brand":[],"product_cat":[206],"product_tag":[353,351,352,354],"class_list":{"0":"post-1990","1":"product","2":"type-product","3":"status-publish","4":"has-post-thumbnail","6":"product_cat-huiles-vegetales","7":"product_tag-soin-cheveux","8":"product_tag-soin-corps","9":"product_tag-soin-visage","10":"product_tag-soin-ongles-et-cils","12":"first","13":"instock","14":"taxable","15":"shipping-taxable","16":"purchasable","17":"product-type-variable"},"acf":[],"_links":{"self":[{"href":"https:\/\/www.dusenza.com\/fr\/wp-json\/wp\/v2\/product\/1990","targetHints":{"allow":["GET"]}}],"collection":[{"href":"https:\/\/www.dusenza.com\/fr\/wp-json\/wp\/v2\/product"}],"about":[{"href":"https:\/\/www.dusenza.com\/fr\/wp-json\/wp\/v2\/types\/product"}],"replies":[{"embeddable":true,"href":"https:\/\/www.dusenza.com\/fr\/wp-json\/wp\/v2\/comments?post=1990"}],"wp:featuredmedia":[{"embeddable":true,"href":"https:\/\/www.dusenza.com\/fr\/wp-json\/wp\/v2\/media\/36622"}],"wp:attachment":[{"href":"https:\/\/www.dusenza.com\/fr\/wp-json\/wp\/v2\/media?parent=1990"}],"wp:term":[{"taxonomy":"product_brand","embeddable":true,"href":"https:\/\/www.dusenza.com\/fr\/wp-json\/wp\/v2\/product_brand?post=1990"},{"taxonomy":"product_cat","embeddable":true,"href":"https:\/\/www.dusenza.com\/fr\/wp-json\/wp\/v2\/product_cat?post=1990"},{"taxonomy":"product_tag","embeddable":true,"href":"https:\/\/www.dusenza.com\/fr\/wp-json\/wp\/v2\/product_tag?post=1990"}],"curies":[{"name":"wp","href":"https:\/\/api.w.org\/{rel}","templated":true}]}}