{"id":1940,"date":"2018-10-13T13:55:44","date_gmt":"2018-10-13T17:55:44","guid":{"rendered":"http:\/\/dusenza.com\/?post_type=product&#038;p=1940"},"modified":"2024-05-20T23:08:16","modified_gmt":"2024-05-21T03:08:16","slug":"diffuseur-ultrasonique-noir","status":"publish","type":"product","link":"https:\/\/www.dusenza.com\/fr\/produit\/diffuseur-ultrasonique-noir\/","title":{"rendered":"Diffuseur Ultrasonique Noir"},"content":{"rendered":"<p>Diffuseur Ultrasonique Noir avec prise USB<\/p>\n<p>L&#8217;exp\u00e9rience spa \u00e0 la maison avec tous les bienfaits de l&#8217;aromath\u00e9rapie !<\/p>\n<p>La mani\u00e8re la plus efficace de diffuser les huiles essentielles. Les huiles ne sont pas chauff\u00e9es contrairement aux br\u00fbleurs classiques d&#8217;huiles essentielles. Cette technologie ultrasonique convertit, par des vibrations \u00e0 haute fr\u00e9quence, l&#8217;huile et l&#8217;eau en une fine brume pour cr\u00e9er une atmosph\u00e8re naturelle de spa.<\/p>\n<p>Caract\u00e9ristiques du mod\u00e8le DIFF-55USBN: <\/p>\n<ul>\n<li>Pratique pour les voyages, dans la voiture et au bureau avec une prise USB.<\/li>\n<li>Arr\u00eat automatique quand il n&#8217;y a plus d&#8217;eau.<\/li>\n<li>Capacit\u00e9 du r\u00e9servoir d&#8217;eau: 50 ml \/ utilise environ 18 ml\/heure en mode continu et 9 ml\/heure en mode intermittent ou 3 &#8211; 5 heures.<\/li>\n<li>Ajouter 3-4 gouttes d&#8217;huiles essentielles ou de fragrance \u00e0 l&#8217;eau.<\/li>\n<li>Aucune chaleur, produits chimiques, ou pompe n\u00e9cessaires. Appareil silencieux, efficace et \u00e9conomique!<\/li>\n<\/ul>\n","protected":false},"excerpt":{"rendered":"<p>Id\u00e9al pour les petits espaces ou pour emporter en voyage, le diffuseur ultrasonique noir est dot\u00e9 d&#8217;un arr\u00eat automatique pour une utilisation sans souci. Ce petit diffuseur \u00e9l\u00e9gant utilise des vibrations ultrasoniques pour cr\u00e9er une brume l\u00e9g\u00e8re, offrant jusqu\u2019\u00e0 5 heures de d\u00e9tente en continu.<\/p>\n","protected":false},"featured_media":85073,"comment_status":"closed","ping_status":"closed","template":"","meta":{"_acf_changed":false,"_seopress_robots_primary_cat":"","_seopress_titles_title":"","_seopress_titles_desc":"","_seopress_robots_index":""},"product_brand":[],"product_cat":[195],"product_tag":[],"class_list":{"0":"post-1940","1":"product","2":"type-product","3":"status-publish","4":"has-post-thumbnail","6":"product_cat-diffuseurs","8":"first","9":"outofstock","10":"taxable","11":"shipping-taxable","12":"purchasable","13":"product-type-simple"},"acf":[],"_links":{"self":[{"href":"https:\/\/www.dusenza.com\/fr\/wp-json\/wp\/v2\/product\/1940","targetHints":{"allow":["GET"]}}],"collection":[{"href":"https:\/\/www.dusenza.com\/fr\/wp-json\/wp\/v2\/product"}],"about":[{"href":"https:\/\/www.dusenza.com\/fr\/wp-json\/wp\/v2\/types\/product"}],"replies":[{"embeddable":true,"href":"https:\/\/www.dusenza.com\/fr\/wp-json\/wp\/v2\/comments?post=1940"}],"wp:featuredmedia":[{"embeddable":true,"href":"https:\/\/www.dusenza.com\/fr\/wp-json\/wp\/v2\/media\/85073"}],"wp:attachment":[{"href":"https:\/\/www.dusenza.com\/fr\/wp-json\/wp\/v2\/media?parent=1940"}],"wp:term":[{"taxonomy":"product_brand","embeddable":true,"href":"https:\/\/www.dusenza.com\/fr\/wp-json\/wp\/v2\/product_brand?post=1940"},{"taxonomy":"product_cat","embeddable":true,"href":"https:\/\/www.dusenza.com\/fr\/wp-json\/wp\/v2\/product_cat?post=1940"},{"taxonomy":"product_tag","embeddable":true,"href":"https:\/\/www.dusenza.com\/fr\/wp-json\/wp\/v2\/product_tag?post=1940"}],"curies":[{"name":"wp","href":"https:\/\/api.w.org\/{rel}","templated":true}]}}