{"id":1888,"date":"2018-09-14T17:31:00","date_gmt":"2018-09-14T21:31:00","guid":{"rendered":"http:\/\/dusenza.com\/?post_type=product&#038;p=1888"},"modified":"2024-05-20T23:08:15","modified_gmt":"2024-05-21T03:08:15","slug":"vaporiser-huile-essentielle-brume-oreiller-respiration","status":"publish","type":"product","link":"https:\/\/www.dusenza.com\/fr\/produit\/vaporiser-huile-essentielle-brume-oreiller-respiration\/","title":{"rendered":"Brume d&#8217;oreiller Respiration"},"content":{"rendered":"<p>Une synergie d\u2019huiles essentielles qui soulage la congestion nasale lors d\u2019un rhume ou pendant la saison des allergies.<\/p>\n<p>Vaporiser votre oreiller, votre chambre ou votre voiture de cette synergie d\u2019huiles essentielles aussi agr\u00e9able qu\u2019efficace. Formule \u00e0 base d\u2019eucalyptus, de romarin, de menthe poivr\u00e9e et de lavande.<\/p>\n","protected":false},"excerpt":{"rendered":"<p>La brume d&#8217;oreiller Respiration m\u00e9lange des huiles essentielles d\u2019eucalyptus, de romarin, de menthe poivr\u00e9e et de lavande pour soulager la congestion nasale. Un produit \u00e0 avoir sous la main en cas de rhume ou lors des p\u00e9riodes d\u2019allergies saisonni\u00e8res.<\/p>\n","protected":false},"featured_media":86176,"comment_status":"closed","ping_status":"closed","template":"","meta":{"_acf_changed":false,"_seopress_robots_primary_cat":"","_seopress_titles_title":"","_seopress_titles_desc":"","_seopress_robots_index":""},"product_brand":[],"product_cat":[196,200],"product_tag":[],"class_list":{"0":"post-1888","1":"product","2":"type-product","3":"status-publish","4":"has-post-thumbnail","6":"product_cat-aromatherapie","7":"product_cat-brumes","9":"first","10":"instock","11":"taxable","12":"shipping-taxable","13":"purchasable","14":"product-type-simple"},"acf":[],"_links":{"self":[{"href":"https:\/\/www.dusenza.com\/fr\/wp-json\/wp\/v2\/product\/1888","targetHints":{"allow":["GET"]}}],"collection":[{"href":"https:\/\/www.dusenza.com\/fr\/wp-json\/wp\/v2\/product"}],"about":[{"href":"https:\/\/www.dusenza.com\/fr\/wp-json\/wp\/v2\/types\/product"}],"replies":[{"embeddable":true,"href":"https:\/\/www.dusenza.com\/fr\/wp-json\/wp\/v2\/comments?post=1888"}],"wp:featuredmedia":[{"embeddable":true,"href":"https:\/\/www.dusenza.com\/fr\/wp-json\/wp\/v2\/media\/86176"}],"wp:attachment":[{"href":"https:\/\/www.dusenza.com\/fr\/wp-json\/wp\/v2\/media?parent=1888"}],"wp:term":[{"taxonomy":"product_brand","embeddable":true,"href":"https:\/\/www.dusenza.com\/fr\/wp-json\/wp\/v2\/product_brand?post=1888"},{"taxonomy":"product_cat","embeddable":true,"href":"https:\/\/www.dusenza.com\/fr\/wp-json\/wp\/v2\/product_cat?post=1888"},{"taxonomy":"product_tag","embeddable":true,"href":"https:\/\/www.dusenza.com\/fr\/wp-json\/wp\/v2\/product_tag?post=1888"}],"curies":[{"name":"wp","href":"https:\/\/api.w.org\/{rel}","templated":true}]}}