{"id":1789,"date":"2018-09-10T20:03:50","date_gmt":"2018-09-11T00:03:50","guid":{"rendered":"http:\/\/dusenza.com\/?post_type=product&#038;p=1789"},"modified":"2024-05-20T23:08:24","modified_gmt":"2024-05-21T03:08:24","slug":"huile-vegetale-margousier","status":"publish","type":"product","link":"https:\/\/www.dusenza.com\/fr\/produit\/huile-vegetale-margousier\/","title":{"rendered":"Huile de Margousier"},"content":{"rendered":"<p>En Inde, le margousier, ou neem (Azadirachta indica), est un arbre sacr\u00e9, qui donne une huile v\u00e9g\u00e9tale aux bienfaits reconnus depuis des si\u00e8cles. Ce sont les amandes extraites du noyau du fruit de cet arbre tropical qui sont press\u00e9es \u00e0 froid pour produire l\u2019huile. L\u2019huile de neem a une odeur assez forte, ce qui fait que beaucoup de personnes pr\u00e9f\u00e8rent l\u2019utiliser dilu\u00e9e dans d\u2019autres huiles v\u00e9g\u00e9tales.<\/p>\n<p>Caract\u00e9ristiques et b\u00e9n\u00e9fices : <\/p>\n<ul>\n<li>Insecticide naturel des plus efficaces<\/li>\n<li>Antibact\u00e9rienne, antifongique, anti-inflammatoire, antiseptique<\/li>\n<li>Hydratante et adoucissante, gr\u00e2ce \u00e0 sa teneur en acides gras, acides amin\u00e9s et vitamine E<\/li>\n<li>Son action antibact\u00e9rienne et antifongique aide \u00e0 lutter contre les infections de la peau, de l\u2019acn\u00e9 aux mycoses en passant par l\u2019ecz\u00e9ma et le psoriasis <\/li>\n<li>Nourrissante et \u00e9molliente, l\u2019huile de neem calme les irritations et adoucit la peau<\/li>\n<li>Utilis\u00e9e en lotion, l\u2019huile de neem calme les d\u00e9mangeaisons du cuir chevelu, lutte contre les pellicules et r\u00e8gle le sort des poux. Dans ce cas, mieux vaut l\u2019appliquer en masque sur toute la chevelure et laisser reposer quelques minutes avant de rincer. Les mamans risquent bien de l\u2019appr\u00e9cier ! <\/li>\n<\/ul>\n<p>Risques, pr\u00e9cautions et contre-indications de l\u2019huile de neem : L\u2019huile de neem ne doit jamais \u00eatre chauff\u00e9e \u00e0 une temp\u00e9rature sup\u00e9rieure \u00e0 60 \u00b0C, au risque de perdre ses actifs. Par ailleurs, son utilisation est exclusivement externe. L\u2019huile de neem serait en effet un perturbateur endocrinien.<\/p>\n<p>Mode de conservation : Au sec, \u00e0 l\u2019abri de la lumi\u00e8re et de la chaleur. L\u2019huile de neem se solidifie \u00e0 une temp\u00e9rature inf\u00e9rieure \u00e0 25 \u00b0C, mais cela ne change en aucun cas ses propri\u00e9t\u00e9s.<\/p>\n<p>On peut l\u2019utiliser seule ou en association avec d\u2019autres produits naturels, par exemple l\u2019argile sur les boutons d\u2019acn\u00e9.<\/p>\n","protected":false},"excerpt":{"rendered":"<p>L&#8217;huile de Margousier est un tr\u00e9sor naturel de l&#8217;Inde. Cette huile polyvalente est riche en propri\u00e9t\u00e9s antibact\u00e9riennes, antifongiques et anti-inflammatoires. Elle deviendra votre alli\u00e9e pour combattre l&#8217;acn\u00e9, l&#8217;ecz\u00e9ma et d&#8217;autres probl\u00e8mes de peau.<\/p>\n","protected":false},"featured_media":36628,"comment_status":"closed","ping_status":"closed","template":"","meta":{"_acf_changed":false,"_seopress_robots_primary_cat":"","_seopress_titles_title":"","_seopress_titles_desc":"","_seopress_robots_index":""},"product_brand":[],"product_cat":[206],"product_tag":[353,351,352,354],"class_list":{"0":"post-1789","1":"product","2":"type-product","3":"status-publish","4":"has-post-thumbnail","6":"product_cat-huiles-vegetales","7":"product_tag-soin-cheveux","8":"product_tag-soin-corps","9":"product_tag-soin-visage","10":"product_tag-soin-ongles-et-cils","12":"first","13":"instock","14":"taxable","15":"shipping-taxable","16":"purchasable","17":"product-type-variable"},"acf":[],"_links":{"self":[{"href":"https:\/\/www.dusenza.com\/fr\/wp-json\/wp\/v2\/product\/1789","targetHints":{"allow":["GET"]}}],"collection":[{"href":"https:\/\/www.dusenza.com\/fr\/wp-json\/wp\/v2\/product"}],"about":[{"href":"https:\/\/www.dusenza.com\/fr\/wp-json\/wp\/v2\/types\/product"}],"replies":[{"embeddable":true,"href":"https:\/\/www.dusenza.com\/fr\/wp-json\/wp\/v2\/comments?post=1789"}],"wp:featuredmedia":[{"embeddable":true,"href":"https:\/\/www.dusenza.com\/fr\/wp-json\/wp\/v2\/media\/36628"}],"wp:attachment":[{"href":"https:\/\/www.dusenza.com\/fr\/wp-json\/wp\/v2\/media?parent=1789"}],"wp:term":[{"taxonomy":"product_brand","embeddable":true,"href":"https:\/\/www.dusenza.com\/fr\/wp-json\/wp\/v2\/product_brand?post=1789"},{"taxonomy":"product_cat","embeddable":true,"href":"https:\/\/www.dusenza.com\/fr\/wp-json\/wp\/v2\/product_cat?post=1789"},{"taxonomy":"product_tag","embeddable":true,"href":"https:\/\/www.dusenza.com\/fr\/wp-json\/wp\/v2\/product_tag?post=1789"}],"curies":[{"name":"wp","href":"https:\/\/api.w.org\/{rel}","templated":true}]}}