{"id":1780,"date":"2018-09-10T19:52:53","date_gmt":"2018-09-10T23:52:53","guid":{"rendered":"http:\/\/dusenza.com\/?post_type=product&#038;p=1780"},"modified":"2024-05-20T23:08:20","modified_gmt":"2024-05-21T03:08:20","slug":"huile-vegetale-argan","status":"publish","type":"product","link":"https:\/\/www.dusenza.com\/fr\/produit\/huile-vegetale-argan\/","title":{"rendered":"Huile d&#8217;Argan"},"content":{"rendered":"<p>L\u2019huile d\u2019argan est un nectar rare et pr\u00e9cieux du Maroc. Ses secrets de beaut\u00e9, bien que simple, ont d\u00e9montr\u00e9 leur efficacit\u00e9 depuis des si\u00e8cles. Riche en vitamine E, om\u00e9ga 3 et om\u00e9ga 6, c\u2019est l\u2019huile id\u00e9ale pour le visage, les ongles, les cheveux et le corps.<\/p>\n<p> Soins de la peau : Elle adoucit la peau et pr\u00e9vient le vieillissement caus\u00e9 par des conditions m\u00e9t\u00e9orologiques extr\u00eames (soleil, vent, froid). L\u2019huile d\u2019argan peut redonner \u00e0 la peau un \u00e9clat de jeunesse et r\u00e9duire la visibilit\u00e9 des rides. Son effet antioxydant en fait un excellent produit anti-\u00e2ge. Elle restaure l\u2019\u00e9lasticit\u00e9 et donne l\u2019effet d\u2019une peau plus ferme et plus douce. La meilleure fa\u00e7on d\u2019appliquer l\u2019huile d\u2019argan pour des effets anti-\u00e2ge est de masser quelques gouttes sur le visage et le cou le matin et le soir.<\/p>\n<p> Les antioxydants dans l\u2019huile d\u2019argan sont \u00e9galement b\u00e9n\u00e9fiques pour gu\u00e9rir la peau qui est irrit\u00e9e, endommag\u00e9e ou m\u00eame br\u00fbl\u00e9e. Elle est utilis\u00e9e \u00e0 titre pr\u00e9ventif pour les peaux s\u00e8ches, mais elle peut \u00e9galement \u00eatre utilis\u00e9e pour acc\u00e9l\u00e9rer la gu\u00e9rison. Ses propri\u00e9t\u00e9s sont reconnues pour r\u00e9duire l\u2019inflammation, apaiser la douleur et augmenter la rapidit\u00e9 de gu\u00e9rison.<\/p>\n<p>Pour les cheveux : en raison de sa capacit\u00e9 \u00e0 dompter les frisottis et \u00e0 donner de la brillance aux cheveux, l\u2019huile d\u2019argan est aussi couramment utilis\u00e9e en coiffure. Elle<br \/>\nrend les cheveux plus faciles \u00e0 coiffer et ajoute un \u00e9clat ravissant. Ajoutez quelques gouttes dans la paume de vos mains et appliquez sur vos cheveux apr\u00e8s avoir utilis\u00e9 le s\u00e8che-cheveux.<\/p>\n","protected":false},"excerpt":{"rendered":"<p>D\u00e9couvrez les secrets de l\u2019huile d\u2019argan pour une routine beaut\u00e9 qui prend soin de vous jusqu\u2019\u00e0 la pointe des cheveux. Utilisez l\u2019huile d\u2019argan comme soin du visage pour hydrater et lisser votre peau ou encore pour donner de l\u2019\u00e9clat \u00e0 vos cheveux.<\/p>\n","protected":false},"featured_media":36616,"comment_status":"closed","ping_status":"closed","template":"","meta":{"_acf_changed":false,"_seopress_robots_primary_cat":"","_seopress_titles_title":"","_seopress_titles_desc":"","_seopress_robots_index":""},"product_brand":[],"product_cat":[206],"product_tag":[353,351,354],"class_list":{"0":"post-1780","1":"product","2":"type-product","3":"status-publish","4":"has-post-thumbnail","6":"product_cat-huiles-vegetales","7":"product_tag-soin-cheveux","8":"product_tag-soin-corps","9":"product_tag-soin-ongles-et-cils","11":"first","12":"instock","13":"taxable","14":"shipping-taxable","15":"purchasable","16":"product-type-variable"},"acf":[],"_links":{"self":[{"href":"https:\/\/www.dusenza.com\/fr\/wp-json\/wp\/v2\/product\/1780","targetHints":{"allow":["GET"]}}],"collection":[{"href":"https:\/\/www.dusenza.com\/fr\/wp-json\/wp\/v2\/product"}],"about":[{"href":"https:\/\/www.dusenza.com\/fr\/wp-json\/wp\/v2\/types\/product"}],"replies":[{"embeddable":true,"href":"https:\/\/www.dusenza.com\/fr\/wp-json\/wp\/v2\/comments?post=1780"}],"wp:featuredmedia":[{"embeddable":true,"href":"https:\/\/www.dusenza.com\/fr\/wp-json\/wp\/v2\/media\/36616"}],"wp:attachment":[{"href":"https:\/\/www.dusenza.com\/fr\/wp-json\/wp\/v2\/media?parent=1780"}],"wp:term":[{"taxonomy":"product_brand","embeddable":true,"href":"https:\/\/www.dusenza.com\/fr\/wp-json\/wp\/v2\/product_brand?post=1780"},{"taxonomy":"product_cat","embeddable":true,"href":"https:\/\/www.dusenza.com\/fr\/wp-json\/wp\/v2\/product_cat?post=1780"},{"taxonomy":"product_tag","embeddable":true,"href":"https:\/\/www.dusenza.com\/fr\/wp-json\/wp\/v2\/product_tag?post=1780"}],"curies":[{"name":"wp","href":"https:\/\/api.w.org\/{rel}","templated":true}]}}