{"id":1770,"date":"2018-09-10T19:21:38","date_gmt":"2018-09-10T23:21:38","guid":{"rendered":"http:\/\/dusenza.com\/?post_type=product&#038;p=1770"},"modified":"2024-05-20T23:08:24","modified_gmt":"2024-05-21T03:08:24","slug":"huile-vegetale-noix-coco","status":"publish","type":"product","link":"https:\/\/www.dusenza.com\/fr\/produit\/huile-vegetale-noix-coco\/","title":{"rendered":"Huile de Noix de Coco"},"content":{"rendered":"<p>HUILE DE COCO \u2013 FRACTIONN\u00c9E<\/p>\n<p>L\u2019huile de noix de coco fractionn\u00e9e est principalement compos\u00e9e d\u2019acides gras satur\u00e9s et est riche en des acides gras de la cha\u00eene moyenne. Elle est extr\u00eamement \u00e9quilibr\u00e9e, a une forte concentration d\u2019acide caprique et caprylique, ce qui lui donne une quantit\u00e9 importante de propri\u00e9t\u00e9s antioxydantes. Elle est aussi antimicrobienne.<\/p>\n<p>Caract\u00e9ristiques et b\u00e9n\u00e9fices : <\/p>\n<ul>\n<li>Hydratation profonde et nettoyant doux pour une peau douce, lisse et propre.<\/li>\n<li>Soulagement des affections cutan\u00e9es comme le psoriasis, l\u2019ecz\u00e9ma, les l\u00e8vres gerc\u00e9es, la peau s\u00e8che et l\u2019\u00e9ryth\u00e8me fessier.<\/li>\n<li>Protection solaire naturelle avec un FPS de 8 \u00e0 utiliser dans les cheveux pour les prot\u00e9ger du soleil.<\/li>\n<li>Soin capillaire laissant les cheveux plus doux et sains.<\/li>\n<li>Propri\u00e9t\u00e9s antimicrobiennes et antioxydantes aidant \u00e0 lutter contre les radicaux libres pour pr\u00e9venir le vieillissement pr\u00e9matur\u00e9.<\/li>\n<\/ul>\n<p>L\u2019huile de coco est une huile de support tr\u00e8s polyvalente pour toute la famille. Merveilleuse comme nettoyant du visage, pour hydrater la peau, comme \u00e9cran solaire ainsi que pour de nombreux probl\u00e8mes de la peau. <\/p>\n","protected":false},"excerpt":{"rendered":"<p>Explorez les multiples facettes de l\u2019Huile de Noix de Coco Fractionn\u00e9e, un incontournable pour les soins de la peau et des cheveux. Ses propri\u00e9t\u00e9s apaisantes en font un alli\u00e9 pour combattre l\u2019ecz\u00e9ma et le psoriasis. Gr\u00e2ce \u00e0 ses propri\u00e9t\u00e9s hydratantes et calmantes, cette huile soulage efficacement les peaux irrit\u00e9es.<\/p>\n","protected":false},"featured_media":36632,"comment_status":"closed","ping_status":"closed","template":"","meta":{"_acf_changed":false,"_seopress_robots_primary_cat":"none","_seopress_titles_title":"","_seopress_titles_desc":"","_seopress_robots_index":""},"product_brand":[],"product_cat":[206],"product_tag":[353,351,352,354],"class_list":{"0":"post-1770","1":"product","2":"type-product","3":"status-publish","4":"has-post-thumbnail","6":"product_cat-huiles-vegetales","7":"product_tag-soin-cheveux","8":"product_tag-soin-corps","9":"product_tag-soin-visage","10":"product_tag-soin-ongles-et-cils","12":"first","13":"instock","14":"taxable","15":"shipping-taxable","16":"purchasable","17":"product-type-variable"},"acf":[],"_links":{"self":[{"href":"https:\/\/www.dusenza.com\/fr\/wp-json\/wp\/v2\/product\/1770","targetHints":{"allow":["GET"]}}],"collection":[{"href":"https:\/\/www.dusenza.com\/fr\/wp-json\/wp\/v2\/product"}],"about":[{"href":"https:\/\/www.dusenza.com\/fr\/wp-json\/wp\/v2\/types\/product"}],"replies":[{"embeddable":true,"href":"https:\/\/www.dusenza.com\/fr\/wp-json\/wp\/v2\/comments?post=1770"}],"wp:featuredmedia":[{"embeddable":true,"href":"https:\/\/www.dusenza.com\/fr\/wp-json\/wp\/v2\/media\/36632"}],"wp:attachment":[{"href":"https:\/\/www.dusenza.com\/fr\/wp-json\/wp\/v2\/media?parent=1770"}],"wp:term":[{"taxonomy":"product_brand","embeddable":true,"href":"https:\/\/www.dusenza.com\/fr\/wp-json\/wp\/v2\/product_brand?post=1770"},{"taxonomy":"product_cat","embeddable":true,"href":"https:\/\/www.dusenza.com\/fr\/wp-json\/wp\/v2\/product_cat?post=1770"},{"taxonomy":"product_tag","embeddable":true,"href":"https:\/\/www.dusenza.com\/fr\/wp-json\/wp\/v2\/product_tag?post=1770"}],"curies":[{"name":"wp","href":"https:\/\/api.w.org\/{rel}","templated":true}]}}