{"id":1766,"date":"2018-09-10T19:11:13","date_gmt":"2018-09-10T23:11:13","guid":{"rendered":"http:\/\/dusenza.com\/?post_type=product&#038;p=1766"},"modified":"2024-05-20T23:08:19","modified_gmt":"2024-05-21T03:08:19","slug":"huile-vegetale-avocat-100ml","status":"publish","type":"product","link":"https:\/\/www.dusenza.com\/fr\/produit\/huile-vegetale-avocat-100ml\/","title":{"rendered":"Huile d&#8217;Avocat"},"content":{"rendered":"<p>Notre Huile d&#8217;Avocat est une incontournable pour ceux qui cherchent \u00e0 nourrir et revitaliser leur peau et leurs cheveux avec des ingr\u00e9dients naturels et riches en nutriments. Elle est id\u00e9ale pour les peaux s\u00e8ches, le vieillissement et les peaux sensibles.<\/p>\n<p> L\u2019huile d\u2019avocat contient beaucoup de vitamines (A, B, C, D, E et H) et est efficace contre le vieillissement de la peau. Elle tonifie, adoucit, restructure la peau et stimule le cuir chevelu. Elle prot\u00e8ge et r\u00e9pare la peau s\u00e8che ou tr\u00e8s s\u00e8che et apaise les d\u00e9mangeaisons. Comme elle est facilement absorb\u00e9e par la peau, elle agit comme un excellent hydratant. Elle est \u00e9galement utilis\u00e9e pour les talons fendill\u00e9s et les cuticules s\u00e8ches.<\/p>\n<p> Vous pouvez utiliser l\u2019huile d\u2019avocat pour enlever le maquillage. Trempez un boule de coton dans de l\u2019huile et passez-la sur les joues et les paupi\u00e8res.<\/p>\n<p>Pour les cheveux : c\u2019est un merveilleux conditionneur. Utilisez-la comme traitement pour le cuir chevelu ou les pointes fourchues. Il suffit de couvrir le cuir chevelu ou les pointes avec 1\/3 \u00e0 1\/2 de tasse de l\u2019huile et de les envelopper dans une serviette pendant 20 minutes avant le shampooing.<\/p>\n<p>Format de 100 ml <\/p>\n","protected":false},"excerpt":{"rendered":"<p>Revitalisez votre peau et vos cheveux avec notre Huile d&#8217;Avocat. Riche en vitamines essentielles (A, B, C, D, E, H) et parfaite pour les peaux s\u00e8ches et sensibles, cette huile nourrit en profondeur, tonifie et r\u00e9pare la peau s\u00e8che et les cheveux ab\u00eem\u00e9s.<\/p>\n","protected":false},"featured_media":36618,"comment_status":"closed","ping_status":"closed","template":"","meta":{"_acf_changed":false,"_seopress_robots_primary_cat":"","_seopress_titles_title":"","_seopress_titles_desc":"","_seopress_robots_index":""},"product_brand":[],"product_cat":[206],"product_tag":[351,352],"class_list":{"0":"post-1766","1":"product","2":"type-product","3":"status-publish","4":"has-post-thumbnail","6":"product_cat-huiles-vegetales","7":"product_tag-soin-corps","8":"product_tag-soin-visage","10":"first","11":"instock","12":"taxable","13":"shipping-taxable","14":"purchasable","15":"product-type-simple"},"acf":[],"_links":{"self":[{"href":"https:\/\/www.dusenza.com\/fr\/wp-json\/wp\/v2\/product\/1766","targetHints":{"allow":["GET"]}}],"collection":[{"href":"https:\/\/www.dusenza.com\/fr\/wp-json\/wp\/v2\/product"}],"about":[{"href":"https:\/\/www.dusenza.com\/fr\/wp-json\/wp\/v2\/types\/product"}],"replies":[{"embeddable":true,"href":"https:\/\/www.dusenza.com\/fr\/wp-json\/wp\/v2\/comments?post=1766"}],"wp:featuredmedia":[{"embeddable":true,"href":"https:\/\/www.dusenza.com\/fr\/wp-json\/wp\/v2\/media\/36618"}],"wp:attachment":[{"href":"https:\/\/www.dusenza.com\/fr\/wp-json\/wp\/v2\/media?parent=1766"}],"wp:term":[{"taxonomy":"product_brand","embeddable":true,"href":"https:\/\/www.dusenza.com\/fr\/wp-json\/wp\/v2\/product_brand?post=1766"},{"taxonomy":"product_cat","embeddable":true,"href":"https:\/\/www.dusenza.com\/fr\/wp-json\/wp\/v2\/product_cat?post=1766"},{"taxonomy":"product_tag","embeddable":true,"href":"https:\/\/www.dusenza.com\/fr\/wp-json\/wp\/v2\/product_tag?post=1766"}],"curies":[{"name":"wp","href":"https:\/\/api.w.org\/{rel}","templated":true}]}}