{"id":1752,"date":"2018-09-10T18:47:55","date_gmt":"2018-09-10T22:47:55","guid":{"rendered":"http:\/\/dusenza.com\/?post_type=product&#038;p=1752"},"modified":"2024-05-20T23:08:24","modified_gmt":"2024-05-21T03:08:24","slug":"huile-vegetale-bourrache","status":"publish","type":"product","link":"https:\/\/www.dusenza.com\/fr\/produit\/huile-vegetale-bourrache\/","title":{"rendered":"Huile de Bourrache"},"content":{"rendered":"<p> L&#8217;Huile de Bourrache est un \u00e9lixir de beaut\u00e9 naturel reconnu pour ses propri\u00e9t\u00e9s exceptionnelles de r\u00e9g\u00e9n\u00e9ration et de r\u00e9paration de la peau, des ongles et des cheveux. Elle rend la peau souple et plus r\u00e9sistante aux agressions ext\u00e9rieures en plus de poss\u00e9der des effets anti-\u00e2ge. Elle peut \u00e9galement aider \u00e0 r\u00e9duire les inconforts caus\u00e9s par l\u2019ecz\u00e9ma ou autres affections cutan\u00e9es.<\/p>\n<p>Ses vertus ne s\u2019arr\u00eatent pas l\u00e0 : l\u2019huile de bourrache est \u00e9galement efficace dans le traitement des ongles endommag\u00e9s et des cheveux cassants. Cette huile est recommand\u00e9e pour le traitement des peaux allergiques, grasses et sensibles. Avec ces propri\u00e9t\u00e9s qui r\u00e9g\u00e9n\u00e8rent et restructurent, l\u2019huile de bourrache joue un r\u00f4le essentiel dans l\u2019hydratation et l\u2019adoucissement de la peau et contribue \u00e0 am\u00e9liorer l\u2019\u00e9lasticit\u00e9 de la peau.<\/p>\n","protected":false},"excerpt":{"rendered":"<p>Adoptez une routine de beaut\u00e9 naturelle avec l\u2019Huile de Bourrache. Cette huile riche en acides gras essentiels est parfaite pour les peaux sensibles ou probl\u00e9matiques. C\u2019est la solution id\u00e9ale pour nourrir et revitaliser la peau, les ongles et les cheveux.<\/p>\n","protected":false},"featured_media":36624,"comment_status":"closed","ping_status":"closed","template":"","meta":{"_acf_changed":false,"_seopress_robots_primary_cat":"none","_seopress_titles_title":"","_seopress_titles_desc":"","_seopress_robots_index":""},"product_brand":[],"product_cat":[206],"product_tag":[353,351,352,354],"class_list":{"0":"post-1752","1":"product","2":"type-product","3":"status-publish","4":"has-post-thumbnail","6":"product_cat-huiles-vegetales","7":"product_tag-soin-cheveux","8":"product_tag-soin-corps","9":"product_tag-soin-visage","10":"product_tag-soin-ongles-et-cils","12":"first","13":"instock","14":"taxable","15":"shipping-taxable","16":"purchasable","17":"product-type-variable"},"acf":[],"_links":{"self":[{"href":"https:\/\/www.dusenza.com\/fr\/wp-json\/wp\/v2\/product\/1752","targetHints":{"allow":["GET"]}}],"collection":[{"href":"https:\/\/www.dusenza.com\/fr\/wp-json\/wp\/v2\/product"}],"about":[{"href":"https:\/\/www.dusenza.com\/fr\/wp-json\/wp\/v2\/types\/product"}],"replies":[{"embeddable":true,"href":"https:\/\/www.dusenza.com\/fr\/wp-json\/wp\/v2\/comments?post=1752"}],"wp:featuredmedia":[{"embeddable":true,"href":"https:\/\/www.dusenza.com\/fr\/wp-json\/wp\/v2\/media\/36624"}],"wp:attachment":[{"href":"https:\/\/www.dusenza.com\/fr\/wp-json\/wp\/v2\/media?parent=1752"}],"wp:term":[{"taxonomy":"product_brand","embeddable":true,"href":"https:\/\/www.dusenza.com\/fr\/wp-json\/wp\/v2\/product_brand?post=1752"},{"taxonomy":"product_cat","embeddable":true,"href":"https:\/\/www.dusenza.com\/fr\/wp-json\/wp\/v2\/product_cat?post=1752"},{"taxonomy":"product_tag","embeddable":true,"href":"https:\/\/www.dusenza.com\/fr\/wp-json\/wp\/v2\/product_tag?post=1752"}],"curies":[{"name":"wp","href":"https:\/\/api.w.org\/{rel}","templated":true}]}}