{"id":1748,"date":"2018-09-10T19:00:11","date_gmt":"2018-09-10T23:00:11","guid":{"rendered":"https:\/\/dusenza.graphical-media.com\/?post_type=product&#038;p=1748"},"modified":"2025-03-03T15:14:03","modified_gmt":"2025-03-03T20:14:03","slug":"huile-vegetale-amande-douce","status":"publish","type":"product","link":"https:\/\/www.dusenza.com\/fr\/produit\/huile-vegetale-amande-douce\/","title":{"rendered":"Huile d&#8217;Amande Douce"},"content":{"rendered":"<p>L\u2019huile d\u2019amande douce est une merveille pour la peau, les cheveux et la sant\u00e9 en g\u00e9n\u00e9ral en raison des grandes quantit\u00e9s d\u2019acides gras mono-insatur\u00e9s, de vitamine E, de potassium, de prot\u00e9ines, de zinc, et autres vitamines et min\u00e9raux provenant des graines et de l\u2019huile. Elle est id\u00e9ale pour les peaux sensibles et la peau des b\u00e9b\u00e9s.<\/p>\n<p>Elle s\u2019\u00e9tend facilement, tonifie et est recommand\u00e9e pour les vergetures et les ger\u00e7ures sur les mains. Elle peut \u00e9galement \u00eatre appliqu\u00e9e sur les pointes s\u00e8ches des cheveux.<\/p>\n<p>Son excellent pouvoir de p\u00e9n\u00e9tration et son odeur agr\u00e9able sont une base id\u00e9ale pour diluer les huiles essentielles. Cette huile cr\u00e9meuse et douce enl\u00e8ve \u00e9galement le maquillage sans obstruer les pores, tout en laissant une peau claire, douce et en sant\u00e9. Cette huile enti\u00e8rement naturelle nourrissante est id\u00e9ale pour le corps.<\/p>\n","protected":false},"excerpt":{"rendered":"<p>Id\u00e9ale pour les peaux sensibles et riche en vitamines et min\u00e9raux, l\u2019huile d\u2019amande douce hydrate en profondeur. Il s\u2019agit d\u2019un excellent soin naturel offrant une grande polyvalence; utilisez-la pour vos cheveux, pour pr\u00e9venir les vergetures ou comme d\u00e9maquillant.<\/p>\n","protected":false},"featured_media":36611,"comment_status":"closed","ping_status":"closed","template":"","meta":{"_acf_changed":false,"_seopress_robots_primary_cat":"none","_seopress_titles_title":"","_seopress_titles_desc":"","_seopress_robots_index":""},"product_brand":[],"product_cat":[206],"product_tag":[353,351,352,354],"class_list":{"0":"post-1748","1":"product","2":"type-product","3":"status-publish","4":"has-post-thumbnail","6":"product_cat-huiles-vegetales","7":"product_tag-soin-cheveux","8":"product_tag-soin-corps","9":"product_tag-soin-visage","10":"product_tag-soin-ongles-et-cils","12":"first","13":"instock","14":"taxable","15":"shipping-taxable","16":"purchasable","17":"product-type-variable"},"acf":[],"_links":{"self":[{"href":"https:\/\/www.dusenza.com\/fr\/wp-json\/wp\/v2\/product\/1748","targetHints":{"allow":["GET"]}}],"collection":[{"href":"https:\/\/www.dusenza.com\/fr\/wp-json\/wp\/v2\/product"}],"about":[{"href":"https:\/\/www.dusenza.com\/fr\/wp-json\/wp\/v2\/types\/product"}],"replies":[{"embeddable":true,"href":"https:\/\/www.dusenza.com\/fr\/wp-json\/wp\/v2\/comments?post=1748"}],"wp:featuredmedia":[{"embeddable":true,"href":"https:\/\/www.dusenza.com\/fr\/wp-json\/wp\/v2\/media\/36611"}],"wp:attachment":[{"href":"https:\/\/www.dusenza.com\/fr\/wp-json\/wp\/v2\/media?parent=1748"}],"wp:term":[{"taxonomy":"product_brand","embeddable":true,"href":"https:\/\/www.dusenza.com\/fr\/wp-json\/wp\/v2\/product_brand?post=1748"},{"taxonomy":"product_cat","embeddable":true,"href":"https:\/\/www.dusenza.com\/fr\/wp-json\/wp\/v2\/product_cat?post=1748"},{"taxonomy":"product_tag","embeddable":true,"href":"https:\/\/www.dusenza.com\/fr\/wp-json\/wp\/v2\/product_tag?post=1748"}],"curies":[{"name":"wp","href":"https:\/\/api.w.org\/{rel}","templated":true}]}}