{"id":1660,"date":"2018-09-09T17:02:24","date_gmt":"2018-09-09T21:02:24","guid":{"rendered":"http:\/\/dusenza.com\/?post_type=product&#038;p=1660"},"modified":"2024-05-20T23:08:17","modified_gmt":"2024-05-21T03:08:17","slug":"diffuseur-ultrasonique-huile-essentielle-arome-aromatherapie-usb","status":"publish","type":"product","link":"https:\/\/www.dusenza.com\/fr\/produit\/diffuseur-ultrasonique-huile-essentielle-arome-aromatherapie-usb\/","title":{"rendered":"Diffuseur Ultrasonique USB Simili Bois"},"content":{"rendered":"<p>Diffuseur Ultrasonique Simili Bois avec prise USB<\/p>\n<p>L&#8217;exp\u00e9rience spa \u00e0 la maison avec tous les bienfaits de l&#8217;aromath\u00e9rapie !<\/p>\n<p>La mani\u00e8re la plus efficace de diffuser les huiles essentielles. Les huiles ne sont pas chauff\u00e9es contrairement aux br\u00fbleurs classiques d&#8217;huiles essentielles. Cette technologie ultrasonique convertit, par des vibrations \u00e0 haute fr\u00e9quence, l&#8217;huile et l&#8217;eau en une fine brume pour cr\u00e9er une atmosph\u00e8re naturelle de spa.<\/p>\n<p>Caract\u00e9ristiques du mod\u00e8le DIFF-55USBN: <\/p>\n<ul>\n<li>Pratique pour les voyages, dans la voiture et au bureau avec une prise USB.<\/li>\n<li>Arr\u00eat automatique quand il n&#8217;y a plus d&#8217;eau.<\/li>\n<li>Capacit\u00e9 du r\u00e9servoir d&#8217;eau: 50 ml \/ utilise environ 18 ml\/heure en mode continu et 9 ml\/heure en mode intermittent ou 3 &#8211; 5 heures.<\/li>\n<li>Ajouter 3-4 gouttes d&#8217;huiles essentielles ou de fragrance \u00e0 l&#8217;eau.<\/li>\n<li>Aucune chaleur, produits chimiques, ou pompe n\u00e9cessaires. Appareil silencieux, efficace et \u00e9conomique!<\/li>\n<\/ul>\n","protected":false},"excerpt":{"rendered":"<p>\u00c9l\u00e9gant et silencieux, ce diffuseur est dot\u00e9 d&#8217;un \u00e9clairage DEL RVB changeant et \u00e9met une brume fine qui pr\u00e9serve les bienfaits des huiles essentielles pour cr\u00e9er une ambiance de relaxation. Id\u00e9al pour le bureau, la maison ou en voyage, il offre jusqu&#8217;\u00e0 8 heures de d\u00e9tente en mode intermittent.<\/p>\n","protected":false},"featured_media":2182,"comment_status":"closed","ping_status":"closed","template":"","meta":{"_acf_changed":false,"_seopress_robots_primary_cat":"","_seopress_titles_title":"","_seopress_titles_desc":"","_seopress_robots_index":""},"product_brand":[],"product_cat":[195],"product_tag":[],"class_list":{"0":"post-1660","1":"product","2":"type-product","3":"status-publish","4":"has-post-thumbnail","6":"product_cat-diffuseurs","8":"first","9":"outofstock","10":"taxable","11":"shipping-taxable","12":"purchasable","13":"product-type-simple"},"acf":[],"_links":{"self":[{"href":"https:\/\/www.dusenza.com\/fr\/wp-json\/wp\/v2\/product\/1660","targetHints":{"allow":["GET"]}}],"collection":[{"href":"https:\/\/www.dusenza.com\/fr\/wp-json\/wp\/v2\/product"}],"about":[{"href":"https:\/\/www.dusenza.com\/fr\/wp-json\/wp\/v2\/types\/product"}],"replies":[{"embeddable":true,"href":"https:\/\/www.dusenza.com\/fr\/wp-json\/wp\/v2\/comments?post=1660"}],"wp:featuredmedia":[{"embeddable":true,"href":"https:\/\/www.dusenza.com\/fr\/wp-json\/wp\/v2\/media\/2182"}],"wp:attachment":[{"href":"https:\/\/www.dusenza.com\/fr\/wp-json\/wp\/v2\/media?parent=1660"}],"wp:term":[{"taxonomy":"product_brand","embeddable":true,"href":"https:\/\/www.dusenza.com\/fr\/wp-json\/wp\/v2\/product_brand?post=1660"},{"taxonomy":"product_cat","embeddable":true,"href":"https:\/\/www.dusenza.com\/fr\/wp-json\/wp\/v2\/product_cat?post=1660"},{"taxonomy":"product_tag","embeddable":true,"href":"https:\/\/www.dusenza.com\/fr\/wp-json\/wp\/v2\/product_tag?post=1660"}],"curies":[{"name":"wp","href":"https:\/\/api.w.org\/{rel}","templated":true}]}}